{"id":9867,"date":"2022-11-10T13:57:11","date_gmt":"2022-11-10T13:57:11","guid":{"rendered":"https:\/\/lineaunika.jumpgroup.it\/shop\/unkategorisiert\/unika-mash\/"},"modified":"2023-06-16T12:33:25","modified_gmt":"2023-06-16T12:33:25","slug":"unika-mash","status":"publish","type":"product","link":"https:\/\/unika.sitointest.it\/de\/shop\/naehrstoffe-und-vitamine\/unika-mash\/","title":{"rendered":"Unika Mash"},"content":{"rendered":"<h4>Einzelfutter f\u00fcr Pferde<\/h4>\n<p>Unika Mash ist ein komplettes, nahrhaftes, vorgekochtes Nassfutter, das verschiedene Bed\u00fcrfnisse erf\u00fcllt: Es kann nicht nur als normales Nassfutter zur Erg\u00e4nzung der w\u00f6chentlichen Ern\u00e4hrung des Pferdes verwendet werden, sondern auch als Alleinfutter bei Pferden, die von Getreideunvertr\u00e4glichkeit betroffen sind.<\/p>\n<h4>Wann es zu verwenden ist<\/h4>\n<p>Unika Mash eignet sich:<\/p>\n<p>&#8211; als wertvoller Verb\u00fcndeter bei der F\u00fctterung von Pferden in der Erholungsphase nach einer Operation und einem Pflegeaufenthalt, die nahrhaftes, aber extrem leichtes und verdauliches Futter ben\u00f6tigen<br \/>\n&#8211; als n\u00fctzliche Nahrung auf langen Reisen und Fahrten, um die Darmt\u00e4tigkeit zu f\u00f6rdern<br \/>\n&#8211; als kalorienreiches Nassfutter, auch wenn Getreide und damit St\u00e4rke fehlen.<\/p>\n<h4>Eigenschaften der Bestandteile<\/h4>\n<p>Unika Mash enth\u00e4lt wirklich einzigartige N\u00e4hrstoffe: Reisspreu, Weizengrie\u00dfkleie, R\u00fcbenschnitzel, Sojakuchen, Leinsamenmehl, Soja\u00f6l und Rohlecithine. Diese sorgf\u00e4ltig ausgew\u00e4hlten und dosierten Rohstoffe bilden das technologische Herz von Unika Mash, einem vorgekochten und einzigartigen Nassfutter.<\/p>\n<h4>Gebrauchsanweisung<\/h4>\n<p>1,5 l Wasser pro 1 kg Unika Mash vermischen, 15 Minuten wirken lassen. Unika Mash ist dann f\u00fcr den Verzehr bereit. Die Richtmenge des t\u00e4glich zu verwendenden Produkts variiert zwischen 2 bis 4 kg.<\/p>\n<p>Die Futterrationen h\u00e4ngen von vielen Faktoren ab (Alter des Tieres, Umfang der sportlichen Aktivit\u00e4t, Rasse etc.).<br \/>\nBitte kontaktieren Sie uns, um N\u00e4heres \u00fcber die richtige Tagesration f\u00fcr Ihr Pferd zu erfahren.<\/p>\n<h4>Entdecken Sie alle Vorteile und das Versandmanagement unserer Futtermittel, klicken Sie auf diesen <a href=\"https:\/\/media.lineaunika.it\/unika\/uploads\/2023\/06\/UNIKA-FUTTERMITTEL-DE.pdf\">Link<\/a>!<\/h4>\n<p>&nbsp;<\/p>\n<p><em>(Aufgrund der Spezifit\u00e4t jedes Organismus sollten neue Allein- und Erg\u00e4nzungsfutter zuerst getestet werden, indem man sie schrittweise in die Ern\u00e4hrung des Pferdes einf\u00fchrt).<\/em><\/p>\n<p><em><strong>Wir f\u00fchren eine Etiketten\u00fcberpr\u00fcfung durch. Wenn Sie das Etikett vor dem Verkauf erhalten m\u00f6chten, bitten wir Sie, uns eine E-Mail an die folgende Adresse zu senden: info@lineaunika.it . Wir entschuldigen uns f\u00fcr die vor\u00fcbergehenden Unannehmlichkeiten.<\/strong><\/em><\/p>\n","protected":false},"excerpt":{"rendered":"<p>\u2714\ufe0f Vorgekochter Mash, in wenigen Minuten fertig<br \/>\n\u2714\ufe0f Ausgezeichnet als Reisenahrung und f\u00fcr Pferde mit besonderen Ern\u00e4hrungsbed\u00fcrfnissen nach Krankheiten und\/oder Krankenhausaufenthalten<br \/>\n\u2714\ufe0f Entwickelt f\u00fcr hohe Ern\u00e4hrungsstandards<\/p>\n","protected":false},"featured_media":21299,"template":"","meta":{"_acf_changed":false,"_joinchat":[]},"product_brand":[],"product_cat":[445],"product_tag":[603,561,493,607,553],"class_list":{"0":"post-9867","1":"product","2":"type-product","3":"status-publish","4":"has-post-thumbnail","6":"product_cat-naehrstoffe-und-vitamine","7":"product_tag-getreideunvertraeglichkeit-bei-pferden","8":"product_tag-krankenhausaufenthalt-und-postinterventionen","9":"product_tag-magen-und-darm","10":"product_tag-mash-de","11":"product_tag-reisen","12":"product_shipping_class-mangimi","14":"first","15":"instock","16":"taxable","17":"shipping-taxable","18":"purchasable","19":"product-type-variable"},"acf":[],"_links":{"self":[{"href":"https:\/\/unika.sitointest.it\/de\/wp-json\/wp\/v2\/product\/9867","targetHints":{"allow":["GET"]}}],"collection":[{"href":"https:\/\/unika.sitointest.it\/de\/wp-json\/wp\/v2\/product"}],"about":[{"href":"https:\/\/unika.sitointest.it\/de\/wp-json\/wp\/v2\/types\/product"}],"version-history":[{"count":3,"href":"https:\/\/unika.sitointest.it\/de\/wp-json\/wp\/v2\/product\/9867\/revisions"}],"predecessor-version":[{"id":15595,"href":"https:\/\/unika.sitointest.it\/de\/wp-json\/wp\/v2\/product\/9867\/revisions\/15595"}],"wp:featuredmedia":[{"embeddable":true,"href":"https:\/\/unika.sitointest.it\/de\/wp-json\/wp\/v2\/media\/21299"}],"wp:attachment":[{"href":"https:\/\/unika.sitointest.it\/de\/wp-json\/wp\/v2\/media?parent=9867"}],"wp:term":[{"taxonomy":"product_brand","embeddable":true,"href":"https:\/\/unika.sitointest.it\/de\/wp-json\/wp\/v2\/product_brand?post=9867"},{"taxonomy":"product_cat","embeddable":true,"href":"https:\/\/unika.sitointest.it\/de\/wp-json\/wp\/v2\/product_cat?post=9867"},{"taxonomy":"product_tag","embeddable":true,"href":"https:\/\/unika.sitointest.it\/de\/wp-json\/wp\/v2\/product_tag?post=9867"}],"curies":[{"name":"wp","href":"https:\/\/api.w.org\/{rel}","templated":true}]}}