{"id":9824,"date":"2022-11-10T13:40:14","date_gmt":"2022-11-10T12:40:14","guid":{"rendered":"https:\/\/lineaunika.jumpgroup.it\/shop\/unkategorisiert\/unika-intolerance\/"},"modified":"2023-06-16T12:41:06","modified_gmt":"2023-06-16T12:41:06","slug":"unika-intolerance","status":"publish","type":"product","link":"https:\/\/unika.sitointest.it\/de\/shop\/naehrstoffe-und-vitamine\/unika-intolerance\/","title":{"rendered":"Unika Intolerance"},"content":{"rendered":"<p>Unika Intolerance ist ein Alleinfutter f\u00fcr Pferde, die unter Getreideunvertr\u00e4glichkeit leiden. Es enth\u00e4lt keine Getreidesorten mit hohem St\u00e4rkegehalt wie Mais oder Gerste. Unika Intolerance liefert dank lecithinhaltigem rohem Soja\u00f6l wichtige Mengen an zugesetzten Lipiden.<\/p>\n<h4>Wann es zu verwenden ist<\/h4>\n<p>Unika Intolerance ist das ideale Alleinfutter f\u00fcr:<br \/>\n\u2013 Pferde, die unter Getreideunvertr\u00e4glichkeit leiden<br \/>\n\u2013 kranke Pferde, bei denen eine st\u00e4rkereiche Nahrung nicht empfohlen wird<br \/>\n\u2013 Pferde, die sich zum ersten Mal einer Futternahrung n\u00e4hern<br \/>\n\u2013 Pferde in der Erholungsphase nach einer Operation und einem Pflegeaufenthalt, die nahrhaftes, aber extrem leichtes und verdauliches Futter ben\u00f6tigen<br \/>\n\u2013 Pferde mit Zuckerunvertr\u00e4glichkeit<br \/>\n\u2013 Pferde mit Hufrehe<br \/>\n\u2013 Pferde mit Cushing-Syndrom<br \/>\n\u2013 Pferde mit Tying-up-Problemen<\/p>\n<h4>Eigenschaften der Bestandteile<\/h4>\n<p>Unika Intolerance ist mit hochwertigen Rohstoffen wie Weizengrie\u00dfkleie, Reisspreu, Luzerne, Soja\u00f6l, Sojakuchen, R\u00fcbenschnitzel, Leinsamenmehl und Rohlecithinen formuliert. Diese im richtigen Verh\u00e4ltnis formulierten Rohstoffe machen Unika Intolerance zu einem ausgewogenen Nahrungsmittel, das ein n\u00fctzlicher Verb\u00fcndeter bei der korrekten Nahrungswahl ist.<\/p>\n<h4>Gebrauchsanweisung<\/h4>\n<p>2 bis 3,5 kg Unika Intolerance pro Tag und Pferd verwenden.<\/p>\n<p>Die Futterrationen h\u00e4ngen von vielen Faktoren ab (Alter des Tieres, Umfang der sportlichen Aktivit\u00e4t, Rasse etc.).<br \/>\nBitte kontaktieren Sie uns, um N\u00e4heres \u00fcber die richtige Tagesration f\u00fcr Ihr Pferd zu erfahren.<\/p>\n<h4>Entdecken Sie alle Vorteile und das Versandmanagement unserer Futtermittel, klicken Sie auf diesen <a href=\"https:\/\/media.lineaunika.it\/unika\/uploads\/2023\/06\/UNIKA-FUTTERMITTEL-DE.pdf\">Link<\/a>!<\/h4>\n<p><em>(Aufgrund der Spezifit\u00e4t jedes Organismus sollten neue Allein- und Erg\u00e4nzungsfutter zuerst getestet werden, indem man sie schrittweise in die Ern\u00e4hrung des Pferdes einf\u00fchrt).<\/em><\/p>\n<p><em><strong>Wir f\u00fchren eine Etiketten\u00fcberpr\u00fcfung durch. Wenn Sie das Etikett vor dem Verkauf erhalten m\u00f6chten, bitten wir Sie, uns eine E-Mail an die folgende Adresse zu senden: info@lineaunika.it . Wir entschuldigen uns f\u00fcr die vor\u00fcbergehenden Unannehmlichkeiten.<\/strong><\/em><\/p>\n","protected":false},"excerpt":{"rendered":"<p>\u2714\ufe0f 4mm Pellets zum einfachen Kauen<br \/>\n\u2714\ufe0f speziell entwickelt f\u00fcr Pferde mit Getreideunvertr\u00e4glichkeit oder mit besonderen Ern\u00e4hrungsbed\u00fcrfnissen aufgrund von Krankheiten<br \/>\n\u2714\ufe0f Entwickelt f\u00fcr hohe Ern\u00e4hrungsstandards<\/p>\n","protected":false},"featured_media":21295,"template":"","meta":{"_acf_changed":false,"_joinchat":[]},"product_brand":[],"product_cat":[445],"product_tag":[603,615,611,493,855,497,599],"class_list":{"0":"post-9824","1":"product","2":"type-product","3":"status-publish","4":"has-post-thumbnail","6":"product_cat-naehrstoffe-und-vitamine","7":"product_tag-getreideunvertraeglichkeit-bei-pferden","8":"product_tag-hufrehe","9":"product_tag-kein-mais-und-getreide","10":"product_tag-magen-und-darm","11":"product_tag-mangimi-de","12":"product_tag-milchsaeure","13":"product_tag-niedriger-glykaemischer-index","14":"product_shipping_class-mangimi","16":"first","17":"instock","18":"taxable","19":"shipping-taxable","20":"purchasable","21":"product-type-variable"},"acf":[],"_links":{"self":[{"href":"https:\/\/unika.sitointest.it\/de\/wp-json\/wp\/v2\/product\/9824","targetHints":{"allow":["GET"]}}],"collection":[{"href":"https:\/\/unika.sitointest.it\/de\/wp-json\/wp\/v2\/product"}],"about":[{"href":"https:\/\/unika.sitointest.it\/de\/wp-json\/wp\/v2\/types\/product"}],"version-history":[{"count":3,"href":"https:\/\/unika.sitointest.it\/de\/wp-json\/wp\/v2\/product\/9824\/revisions"}],"predecessor-version":[{"id":15600,"href":"https:\/\/unika.sitointest.it\/de\/wp-json\/wp\/v2\/product\/9824\/revisions\/15600"}],"wp:featuredmedia":[{"embeddable":true,"href":"https:\/\/unika.sitointest.it\/de\/wp-json\/wp\/v2\/media\/21295"}],"wp:attachment":[{"href":"https:\/\/unika.sitointest.it\/de\/wp-json\/wp\/v2\/media?parent=9824"}],"wp:term":[{"taxonomy":"product_brand","embeddable":true,"href":"https:\/\/unika.sitointest.it\/de\/wp-json\/wp\/v2\/product_brand?post=9824"},{"taxonomy":"product_cat","embeddable":true,"href":"https:\/\/unika.sitointest.it\/de\/wp-json\/wp\/v2\/product_cat?post=9824"},{"taxonomy":"product_tag","embeddable":true,"href":"https:\/\/unika.sitointest.it\/de\/wp-json\/wp\/v2\/product_tag?post=9824"}],"curies":[{"name":"wp","href":"https:\/\/api.w.org\/{rel}","templated":true}]}}