{"id":9788,"date":"2022-11-10T13:20:18","date_gmt":"2022-11-10T12:20:18","guid":{"rendered":"https:\/\/lineaunika.jumpgroup.it\/shop\/unkategorisiert\/unika-balls-gastro\/"},"modified":"2026-02-16T18:09:25","modified_gmt":"2026-02-16T17:09:25","slug":"unika-balls-gastro","status":"publish","type":"product","link":"https:\/\/unika.sitointest.it\/de\/shop\/naehrstoffe-und-vitamine\/unika-balls-gastro\/","title":{"rendered":"Unika Balls Gastro"},"content":{"rendered":"<h4>Erg\u00e4nzungsfutter f\u00fcr Pferde<\/h4>\n<p>Unika Balls: Spa\u00df und Gesundheit f\u00fcr Ihre Pferde.<\/p>\n<p>Unika hat ein v\u00f6llig neues Produkt entwickelt, das das Konzept des Erg\u00e4nzungsfutters auf den Kopf stellt: Es hei\u00dft Unika Balls und ist viel mehr als nur ein Zeitvertreib f\u00fcr Pferde. Unika Balls hat die Form einer Kugel mit Naturfaserkordel, die in der Box oder im Anh\u00e4nger aufgeh\u00e4ngt werden kann, damit das Pferd den ganzen Tag \u00fcber Freude daran hat. Sie dient nicht nur der Unterhaltung des Pferdes, sondern f\u00fcgt seiner t\u00e4glichen Ern\u00e4hrung auch wichtige Stoffe wie Heilpflanzen, Elektrolyte, Vitamine, Mineralien und vieles mehr auf eine v\u00f6llig neue Art hinzu. Wir sind es gewohnt, uns Erg\u00e4nzungsfutter als ein Pulver oder eine Fl\u00fcssigkeit vorzustellen, das\/die der t\u00e4glichen Futterration in der Futterkrippe hinzugef\u00fcgt wird. Unika Balls stellt jedoch dieses Konzept komplett auf den Kopf, da es ein Supplement ist, das man aufh\u00e4ngen kann!<\/p>\n<p>Unika Balls ist in 5 verschiedenen Varianten erh\u00e4ltlich und wird dadurch den gew\u00f6hnlich auftretenden Bed\u00fcrfnissen des Pferdes gerecht:<\/p>\n<p><strong>Unika Balls \u2013 Elyte:<\/strong> f\u00fcr die Nahrungszufuhr von Mineralsalzen, die das ganze Jahr \u00fcber notwendig ist, um den Anteil, den das Pferd beim Schwitzen verliert, wieder zu decken.<\/p>\n<p>Unika Balls \u2013 Gastro: f\u00fcr alle magenempfindlichen Pferde. Es enth\u00e4lt wichtige pflanzliche Inhaltsstoffe wie Kohle und Lakritze, die f\u00fcr das Wohlbefinden des Magens sorgen. Unika Balls Gastro ist ein wertvoller Verb\u00fcndeter f\u00fcr Pferde, deren Angstgef\u00fchle und Stress sich auf den Magen niederschl\u00e4gt, da es die Produktion von alkalischem Speichel anregt und dadurch der Magens\u00e4ure auf nat\u00fcrliche Weise entgegenwirkt.<\/p>\n<p><strong>Unika Balls \u2013 Herbs:<\/strong> formuliert mit einer Mischung aus Kr\u00e4uterpflanzen wie Thymian, Rosmarin und Minze..<\/p>\n<p><strong>Unika Balls \u2013 Prequalm:<\/strong> formuliert mit Magnesium, Passionsblume und Melisse, ideal f\u00fcr Pferde, die mehr Ruhe brauchen und ihre Emotionen besser in den Griff bekommen m\u00fcssen.<\/p>\n<p><strong>Unika Balls \u2013 Crib Biting:<\/strong> enth\u00e4lt pflanzliche Substanzen, die das nat\u00fcrliche Speichelsystem verbessern und die produzierte Speichelmenge auf physiologische Weise erh\u00f6hen. Die Alkalit\u00e4t des Speichels, der den Magen erreicht, hilft dem Pferd auf nat\u00fcrliche und physiologische Weise, dem stark sauren Magenmilieu entgegenzuwirken, was ein Gef\u00fchl des Wohlbefindens vermittelt. Indem das nat\u00fcrliche Wohlbefinden des Magens verbessert wird, verbessert sich das Lebendgewicht des sich gerne abst\u00fctzenden Pferdes, sein Fell gl\u00e4nzt besser, das \u00e4u\u00dfere Erscheinungsbild verbessert sich und der Allgemeinzustand wieder wieder einwandfrei.<\/p>\n<p>Unika Balls haben noch weitere wichtige Eigenschaften: Sie werden in Italien handwerklich hergestellt, bestehen zu 93 % aus pflanzlichen Inhaltsstoffen, sind ohne Getreide und Zucker und reich an edlen Rohstoffen wie Soja und Reis. Gerade deshalb eignen sie sich auch f\u00fcr Pferde mit einer Getreideunvertr\u00e4glichkeit, bei einer Pferdenahrung mit niedrigem glyk\u00e4mischem Index sowie f\u00fcr Wettkampfpferde, die viel Muskelarbeit leisten und bei denen die Zufuhr von Zucker nicht ratsam ist, da dies die Bildung von Milchs\u00e4ure f\u00f6rdert.<\/p>\n<p>(Aufgrund der Spezifit\u00e4t jedes Organismus sollten neue Allein- und Erg\u00e4nzungsfutter zuerst getestet werden, indem man sie schrittweise in die Ern\u00e4hrung des Pferdes einf\u00fchrt).<\/p>\n<p><em><strong>Wir f\u00fchren eine Etiketten\u00fcberpr\u00fcfung durch. Wenn Sie das Etikett vor dem Verkauf erhalten m\u00f6chten, bitten wir Sie, uns eine E-Mail an die folgende Adresse zu senden: info@lineaunika.it . Wir entschuldigen uns f\u00fcr die vor\u00fcbergehenden Unannehmlichkeiten.<\/strong><\/em><\/p>\n","protected":false},"excerpt":{"rendered":"<p>\u2714\ufe0f Ideal zur Unterhaltung des Pferdes in der Box, w\u00e4hrend der Fahrt und beim Scheren<br \/>\n\u2714\ufe0f Ohne Zuckerzusatz und Farbstoffe<br \/>\n\u2714\ufe0f Mit Holzkohle und Lakritze<\/p>\n","protected":false},"featured_media":26768,"template":"","meta":{"_acf_changed":false,"_joinchat":[]},"product_brand":[],"product_cat":[445],"product_tag":[579,465,469,553,477,461,513,587,473],"class_list":{"0":"post-9788","1":"product","2":"type-product","3":"status-publish","4":"has-post-thumbnail","6":"product_cat-naehrstoffe-und-vitamine","7":"product_tag-angst-und-stress","8":"product_tag-distanzreiten","9":"product_tag-dressurreiten","10":"product_tag-reisen","11":"product_tag-rennpferd","12":"product_tag-springreiten","13":"product_tag-trekking-de","14":"product_tag-unika-balls-de","15":"product_tag-westernreiten","17":"first","18":"instock","19":"taxable","20":"shipping-taxable","21":"purchasable","22":"product-type-simple"},"acf":[],"_links":{"self":[{"href":"https:\/\/unika.sitointest.it\/de\/wp-json\/wp\/v2\/product\/9788","targetHints":{"allow":["GET"]}}],"collection":[{"href":"https:\/\/unika.sitointest.it\/de\/wp-json\/wp\/v2\/product"}],"about":[{"href":"https:\/\/unika.sitointest.it\/de\/wp-json\/wp\/v2\/types\/product"}],"version-history":[{"count":4,"href":"https:\/\/unika.sitointest.it\/de\/wp-json\/wp\/v2\/product\/9788\/revisions"}],"predecessor-version":[{"id":15778,"href":"https:\/\/unika.sitointest.it\/de\/wp-json\/wp\/v2\/product\/9788\/revisions\/15778"}],"wp:featuredmedia":[{"embeddable":true,"href":"https:\/\/unika.sitointest.it\/de\/wp-json\/wp\/v2\/media\/26768"}],"wp:attachment":[{"href":"https:\/\/unika.sitointest.it\/de\/wp-json\/wp\/v2\/media?parent=9788"}],"wp:term":[{"taxonomy":"product_brand","embeddable":true,"href":"https:\/\/unika.sitointest.it\/de\/wp-json\/wp\/v2\/product_brand?post=9788"},{"taxonomy":"product_cat","embeddable":true,"href":"https:\/\/unika.sitointest.it\/de\/wp-json\/wp\/v2\/product_cat?post=9788"},{"taxonomy":"product_tag","embeddable":true,"href":"https:\/\/unika.sitointest.it\/de\/wp-json\/wp\/v2\/product_tag?post=9788"}],"curies":[{"name":"wp","href":"https:\/\/api.w.org\/{rel}","templated":true}]}}