{"id":9752,"date":"2022-11-10T11:39:24","date_gmt":"2022-11-10T11:39:24","guid":{"rendered":"https:\/\/lineaunika.jumpgroup.it\/shop\/unkategorisiert\/pro-b-flora\/"},"modified":"2026-02-16T18:09:15","modified_gmt":"2026-02-16T17:09:15","slug":"pro-b-flora","status":"publish","type":"product","link":"https:\/\/unika.sitointest.it\/de\/shop\/naehrstoffe-und-vitamine\/pro-b-flora\/","title":{"rendered":"Pro-B Flora"},"content":{"rendered":"<h4>Erg\u00e4nzungsfutter f\u00fcr Pferde f\u00fcr besondere Ern\u00e4hrungszwecke \u2013 Ausgleich von chronischen Verdauungsst\u00f6rungen im Dickdarm.<\/h4>\n<p>Pro-B Flora ist das Erg\u00e4nzungsfutter f\u00fcr besondere Ern\u00e4hrungszwecke zum Ausgleich von chronischen Verdauungsst\u00f6rungen im Dickdarm. Pro-B Flora unterst\u00fctzt daher die physiologischen Bedingungen des Pferdedarms. Pro-B Flora enth\u00e4lt wichtige Elemente f\u00fcr den Pferdedarm wie Hefen, Pr\u00e4biotika und Probiotika, wie Inulin und Hefezellw\u00e4nde.<\/p>\n<h4>Wann es zu verwenden ist<\/h4>\n<p>Das Erg\u00e4nzungsfutter Pro-B Flora eignet sich:<\/p>\n<p>&#8211; vor, w\u00e4hrend und nach pharmakologischen Therapien<br \/>\n&#8211; bei anhaltender Diarrh\u00f6e<br \/>\n&#8211; bei Pferden, die an Darmverstopfung leiden<br \/>\n&#8211; nach einer Rekonvaleszenz<br \/>\n&#8211; bei Jahreszeitwechsel<\/p>\n<h4>Gebrauchsanweisung<\/h4>\n<p>40-50 g Pro-B Flora pro Tag unter die t\u00e4gliche Ration mischen.<\/p>\n<p>Empfohlene Einsatzdauer: 3 Monate bis zur Behebung des Problems. Anzeichen von Durchfall \u00fcberwachen. Pro-B Flora ist das Erg\u00e4nzungsfutter, das bei \u00e4u\u00dferen Anzeichen einer Ver\u00e4nderung der Darmflora, wie z. B. mattem, struppigem Fell, Bruxismus, geschwollenem Bauch, \u00fcbelriechendem Stuhl, Bl\u00e4hungen, Lustlosigkeit bei der Arbeit einzusetzen ist.<\/p>\n<p>Messl\u00f6ffel:<\/p>\n<p>voll: 25 g<\/p>\n<p><em>(Aufgrund der Spezifit\u00e4t jedes Organismus sollten neue Allein- und Erg\u00e4nzungsfutter zuerst getestet werden, indem man sie schrittweise in die Ern\u00e4hrung des Pferdes einf\u00fchrt).<\/em><\/p>\n<p><em><strong>Wir f\u00fchren eine Etiketten\u00fcberpr\u00fcfung durch. Wenn Sie das Etikett vor dem Verkauf erhalten m\u00f6chten, bitten wir Sie, uns eine E-Mail an die folgende Adresse zu senden: info@lineaunika.it . Wir entschuldigen uns f\u00fcr die vor\u00fcbergehenden Unannehmlichkeiten.<\/strong><\/em><\/p>\n","protected":false},"excerpt":{"rendered":"<p>\u2714\ufe0f Praktischer Messbecher in der Verpackung<br \/>\n\u2714\ufe0f Unterst\u00fctzt das Wohlbefinden des Darms<br \/>\n\u2714\ufe0f Mit Probiotika und Pr\u00e4biotika<\/p>\n","protected":false},"featured_media":21513,"template":"","meta":{"_acf_changed":false,"_joinchat":[]},"product_brand":[],"product_cat":[445],"product_tag":[579,591,561,493,537],"class_list":{"0":"post-9752","1":"product","2":"type-product","3":"status-publish","4":"has-post-thumbnail","6":"product_cat-naehrstoffe-und-vitamine","7":"product_tag-angst-und-stress","8":"product_tag-durchfall","9":"product_tag-krankenhausaufenthalt-und-postinterventionen","10":"product_tag-magen-und-darm","11":"product_tag-saisonwechsel","13":"first","14":"instock","15":"taxable","16":"shipping-taxable","17":"purchasable","18":"product-type-variable"},"acf":[],"_links":{"self":[{"href":"https:\/\/unika.sitointest.it\/de\/wp-json\/wp\/v2\/product\/9752","targetHints":{"allow":["GET"]}}],"collection":[{"href":"https:\/\/unika.sitointest.it\/de\/wp-json\/wp\/v2\/product"}],"about":[{"href":"https:\/\/unika.sitointest.it\/de\/wp-json\/wp\/v2\/types\/product"}],"version-history":[{"count":3,"href":"https:\/\/unika.sitointest.it\/de\/wp-json\/wp\/v2\/product\/9752\/revisions"}],"predecessor-version":[{"id":15786,"href":"https:\/\/unika.sitointest.it\/de\/wp-json\/wp\/v2\/product\/9752\/revisions\/15786"}],"wp:featuredmedia":[{"embeddable":true,"href":"https:\/\/unika.sitointest.it\/de\/wp-json\/wp\/v2\/media\/21513"}],"wp:attachment":[{"href":"https:\/\/unika.sitointest.it\/de\/wp-json\/wp\/v2\/media?parent=9752"}],"wp:term":[{"taxonomy":"product_brand","embeddable":true,"href":"https:\/\/unika.sitointest.it\/de\/wp-json\/wp\/v2\/product_brand?post=9752"},{"taxonomy":"product_cat","embeddable":true,"href":"https:\/\/unika.sitointest.it\/de\/wp-json\/wp\/v2\/product_cat?post=9752"},{"taxonomy":"product_tag","embeddable":true,"href":"https:\/\/unika.sitointest.it\/de\/wp-json\/wp\/v2\/product_tag?post=9752"}],"curies":[{"name":"wp","href":"https:\/\/api.w.org\/{rel}","templated":true}]}}