{"id":9724,"date":"2022-11-10T11:12:04","date_gmt":"2022-11-10T10:12:04","guid":{"rendered":"https:\/\/lineaunika.jumpgroup.it\/shop\/unkategorisiert\/gastrosan\/"},"modified":"2026-02-16T18:09:00","modified_gmt":"2026-02-16T17:09:00","slug":"gastrosan","status":"publish","type":"product","link":"https:\/\/unika.sitointest.it\/de\/shop\/naehrstoffe-und-vitamine\/gastrosan\/","title":{"rendered":"Gastrosan"},"content":{"rendered":"<h4>Erg\u00e4nzungsfutter f\u00fcr Pferde<\/h4>\n<p>Gastrosan ist das Erg\u00e4nzungsfutter zur Unterst\u00fctzung der nat\u00fcrlichen Magenbedingungen des Pferdes.<\/p>\n<h4>Wann es zu verwenden ist<\/h4>\n<p>Das Erg\u00e4nzungsfutter Gastrosan eignet sich f\u00fcr:<\/p>\n<p>&#8211; Pferde, deren physiologische Magenbedingungen gesch\u00fctzt werden m\u00fcssen<br \/>\n&#8211; Pferde mit pl\u00f6tzlichem Futterwechsel<br \/>\n&#8211; Pferde, die unter st\u00e4ndigem Transport leiden<br \/>\n&#8211; Pferde, deren Emotionen sich auf den Magen niederschlagen<\/p>\n<h4>Gebrauchsanweisung<\/h4>\n<p>80-100 g Gastrosan pro Tag unter die Futterration mischen. Gastrosan f\u00fcr 30 Tage in Folge verwenden.<\/p>\n<p>Messl\u00f6ffel:<\/p>\n<p>\u2013 voll: 100 g<\/p>\n<p><em>(Aufgrund der Spezifit\u00e4t jedes Organismus sollten neue Allein- und Erg\u00e4nzungsfutter zuerst getestet werden, indem man sie schrittweise in die Ern\u00e4hrung des Pferdes einf\u00fchrt).<\/em><\/p>\n<p><em><strong>Wir f\u00fchren eine Etiketten\u00fcberpr\u00fcfung durch. Wenn Sie das Etikett vor dem Verkauf erhalten m\u00f6chten, bitten wir Sie, uns eine E-Mail an die folgende Adresse zu senden: info@lineaunika.it . Wir entschuldigen uns f\u00fcr die vor\u00fcbergehenden Unannehmlichkeiten.<\/strong><\/em><\/p>\n","protected":false},"excerpt":{"rendered":"<p>\u2714\ufe0f Praktischer Messbecher in der Verpackung<br \/>\n\u2714\ufe0f Es unterst\u00fctzt das nat\u00fcrliche Wohlbefinden des Magens<br \/>\n\u2714\ufe0f Angezeigt bei Pferden mit besonderer Magenempfindlichkeit<\/p>\n","protected":false},"featured_media":21432,"template":"","meta":{"_acf_changed":false,"_joinchat":[]},"product_brand":[],"product_cat":[445],"product_tag":[579,465,469,595,493,477,513,473],"class_list":{"0":"post-9724","1":"product","2":"type-product","3":"status-publish","4":"has-post-thumbnail","6":"product_cat-naehrstoffe-und-vitamine","7":"product_tag-angst-und-stress","8":"product_tag-distanzreiten","9":"product_tag-dressurreiten","10":"product_tag-gastritis-de","11":"product_tag-magen-und-darm","12":"product_tag-rennpferd","13":"product_tag-trekking-de","14":"product_tag-westernreiten","16":"first","17":"instock","18":"taxable","19":"shipping-taxable","20":"purchasable","21":"product-type-variable"},"acf":[],"_links":{"self":[{"href":"https:\/\/unika.sitointest.it\/de\/wp-json\/wp\/v2\/product\/9724","targetHints":{"allow":["GET"]}}],"collection":[{"href":"https:\/\/unika.sitointest.it\/de\/wp-json\/wp\/v2\/product"}],"about":[{"href":"https:\/\/unika.sitointest.it\/de\/wp-json\/wp\/v2\/types\/product"}],"version-history":[{"count":3,"href":"https:\/\/unika.sitointest.it\/de\/wp-json\/wp\/v2\/product\/9724\/revisions"}],"predecessor-version":[{"id":15790,"href":"https:\/\/unika.sitointest.it\/de\/wp-json\/wp\/v2\/product\/9724\/revisions\/15790"}],"wp:featuredmedia":[{"embeddable":true,"href":"https:\/\/unika.sitointest.it\/de\/wp-json\/wp\/v2\/media\/21432"}],"wp:attachment":[{"href":"https:\/\/unika.sitointest.it\/de\/wp-json\/wp\/v2\/media?parent=9724"}],"wp:term":[{"taxonomy":"product_brand","embeddable":true,"href":"https:\/\/unika.sitointest.it\/de\/wp-json\/wp\/v2\/product_brand?post=9724"},{"taxonomy":"product_cat","embeddable":true,"href":"https:\/\/unika.sitointest.it\/de\/wp-json\/wp\/v2\/product_cat?post=9724"},{"taxonomy":"product_tag","embeddable":true,"href":"https:\/\/unika.sitointest.it\/de\/wp-json\/wp\/v2\/product_tag?post=9724"}],"curies":[{"name":"wp","href":"https:\/\/api.w.org\/{rel}","templated":true}]}}