{"id":9699,"date":"2022-11-09T15:43:10","date_gmt":"2022-11-09T14:43:10","guid":{"rendered":"https:\/\/lineaunika.jumpgroup.it\/shop\/unkategorisiert\/gastrok\/"},"modified":"2026-02-16T18:08:59","modified_gmt":"2026-02-16T17:08:59","slug":"gastrok","status":"publish","type":"product","link":"https:\/\/unika.sitointest.it\/de\/shop\/naehrstoffe-und-vitamine\/gastrok\/","title":{"rendered":"Gastrok"},"content":{"rendered":"<h4>Erg\u00e4nzungsfutter f\u00fcr Pferde<\/h4>\n<p>Gastrok ist das Erg\u00e4nzungsfutter im Spritzenformat auf Basis von Pflanzenkohle und Lakritzenextrakten. Gastrok kann bei der Behandlung von Pferden w\u00e4hrend des Transports n\u00fctzlich sein, wenn es den Tiermagen zu sch\u00fctzen gilt. Gastrok kann sich auf das Wohlbefinden des Pferdemagens positiv auswirken.<\/p>\n<h4>Wann es zu verwenden ist<\/h4>\n<p>Gastrok eignet sich f\u00fcr:<\/p>\n<p>\u2013 das Wohlbefinden der physiologischen Magenbedingungen<br \/>\n\u2013 Bl\u00e4hbauch<br \/>\n\u2013 F\u00e4lle, in denen das Pferd keinen Appetit hat<br \/>\n\u2013 vor dem Transport, um den Magen mit der Verdauung eines Gels aus Lakritze besch\u00e4ftigt zu halten<br \/>\n\u2013 F\u00e4lle, in denen das Pferd ein mattes und struppiges Fell aufweist<br \/>\n\u2013 F\u00e4lle, in denen das Pferd auf Basis von st\u00e4rkereichem Futter ern\u00e4hrt wird<\/p>\n<h4>Eigenschaften der Bestandteile<\/h4>\n<p>Pflanzenkohle wird seit langem zur Reduzierung von Darmgasen und damit verbundenen Problemen verwendet (49). Lakritzenextrakt, der bereits in der antiken griechischen Medizin f\u00fcr seine gesundheitsf\u00f6rdernde Effekte bekannt war, wirkt sich nach der phytotherapeutischen Literatur positiv auf Magenbeschwerden auf (50,51)<\/p>\n<h4>Gebrauchsanweisung<\/h4>\n<p>Eine Spritze Gastrok pro Tag f\u00fcr 12-15 Tage in Folge verabreichen.<br \/>\nVor einer l\u00e4ngeren Reise in den 5 Tagen davor eine Spritze Gastrok t\u00e4glich geben.<br \/>\nSteht eine Reise an, ist 2 Stunden vor der Abreise eine Spritze Gastrok zu verabreichen.<\/p>\n<p>Nettogewicht: 110g<\/p>\n<p><em>(Aufgrund der Spezifit\u00e4t jedes Organismus sollten neue Allein- und Erg\u00e4nzungsfutter zuerst getestet werden, indem man sie schrittweise in die Ern\u00e4hrung des Pferdes einf\u00fchrt).<\/em><\/p>\n<p><em><strong>Wir f\u00fchren eine Etiketten\u00fcberpr\u00fcfung durch. Wenn Sie das Etikett vor dem Verkauf erhalten m\u00f6chten, bitten wir Sie, uns eine E-Mail an die folgende Adresse zu senden: info@lineaunika.it . Wir entschuldigen uns f\u00fcr die vor\u00fcbergehenden Unannehmlichkeiten.<\/strong><\/em><\/p>\n","protected":false},"excerpt":{"rendered":"<p>\u2714\ufe0f Gebrauchsfertige Einzeldosisspritze<br \/>\n\u2714\ufe0f Unterst\u00fctzt die Magengesundheit<br \/>\n\u2714\ufe0f Ideal beim Transport<\/p>\n","protected":false},"featured_media":21593,"template":"","meta":{"_acf_changed":false,"_joinchat":[]},"product_brand":[],"product_cat":[445],"product_tag":[579,465,469,595,493,553,461],"class_list":{"0":"post-9699","1":"product","2":"type-product","3":"status-publish","4":"has-post-thumbnail","6":"product_cat-naehrstoffe-und-vitamine","7":"product_tag-angst-und-stress","8":"product_tag-distanzreiten","9":"product_tag-dressurreiten","10":"product_tag-gastritis-de","11":"product_tag-magen-und-darm","12":"product_tag-reisen","13":"product_tag-springreiten","15":"first","16":"instock","17":"taxable","18":"shipping-taxable","19":"purchasable","20":"product-type-simple"},"acf":[],"_links":{"self":[{"href":"https:\/\/unika.sitointest.it\/de\/wp-json\/wp\/v2\/product\/9699","targetHints":{"allow":["GET"]}}],"collection":[{"href":"https:\/\/unika.sitointest.it\/de\/wp-json\/wp\/v2\/product"}],"about":[{"href":"https:\/\/unika.sitointest.it\/de\/wp-json\/wp\/v2\/types\/product"}],"version-history":[{"count":3,"href":"https:\/\/unika.sitointest.it\/de\/wp-json\/wp\/v2\/product\/9699\/revisions"}],"predecessor-version":[{"id":27825,"href":"https:\/\/unika.sitointest.it\/de\/wp-json\/wp\/v2\/product\/9699\/revisions\/27825"}],"wp:featuredmedia":[{"embeddable":true,"href":"https:\/\/unika.sitointest.it\/de\/wp-json\/wp\/v2\/media\/21593"}],"wp:attachment":[{"href":"https:\/\/unika.sitointest.it\/de\/wp-json\/wp\/v2\/media?parent=9699"}],"wp:term":[{"taxonomy":"product_brand","embeddable":true,"href":"https:\/\/unika.sitointest.it\/de\/wp-json\/wp\/v2\/product_brand?post=9699"},{"taxonomy":"product_cat","embeddable":true,"href":"https:\/\/unika.sitointest.it\/de\/wp-json\/wp\/v2\/product_cat?post=9699"},{"taxonomy":"product_tag","embeddable":true,"href":"https:\/\/unika.sitointest.it\/de\/wp-json\/wp\/v2\/product_tag?post=9699"}],"curies":[{"name":"wp","href":"https:\/\/api.w.org\/{rel}","templated":true}]}}