{"id":9682,"date":"2022-11-09T15:19:45","date_gmt":"2022-11-09T15:19:45","guid":{"rendered":"https:\/\/lineaunika.jumpgroup.it\/shop\/unkategorisiert\/gastro-pellet\/"},"modified":"2026-02-16T18:09:00","modified_gmt":"2026-02-16T17:09:00","slug":"gastro-pellet","status":"publish","type":"product","link":"https:\/\/unika.sitointest.it\/de\/shop\/naehrstoffe-und-vitamine\/gastro-pellet\/","title":{"rendered":"Gastro Pellet"},"content":{"rendered":"<h4>Erg\u00e4nzungsfutter f\u00fcr Pferde<\/h4>\n<p>Gastro Pellet ist das ideale pelletf\u00f6rmige Erg\u00e4nzungsfutter f\u00fcr das Wohlbefinden und die Gesundheit des Magen-Darm-Trakts beim Pferd. Mit hochwertiger Pflanzenkohle, extrudierten Leinsamen und Lakritze tr\u00e4gt Gastro Pellet zu einem gesunden Pferdemagen bei.<\/p>\n<h4>Wann es zu verwenden ist<\/h4>\n<p>Das Erg\u00e4nzungsfutter Gastro Pellet eignet sich f\u00fcr:<\/p>\n<p>&#8211; Pferde, deren physiologische Magenbedingungen gesch\u00fctzt werden m\u00fcssen<br \/>\n&#8211; Pferde mit pl\u00f6tzlichem Futterwechsel<br \/>\n&#8211; Pferde, die unter st\u00e4ndigem Transport leiden<br \/>\n&#8211; Pferde, deren Emotionen sich auf den Magen niederschlagen<\/p>\n<h4>Eigenschaften der Bestandteile<\/h4>\n<p>Lakritze, Pflanzenkohle, Lithotamne und Leinsamen sind das Geheimnis von Gastro Pellet. Ein Produkt, das die in diesen nat\u00fcrlichen Elementen enthaltenen Eigenschaften nutzt, um das Pferd bei der Aufrechterhaltung der physiologischen Magenbedingungen zu unterst\u00fctzen.<\/p>\n<h4>Gebrauchsanweisung<\/h4>\n<p>100 g Gastro Pellets pro Tag verabreichen und darauf achten, dass das Pellet m\u00f6glichst von den Hauptmahlzeiten entfernt verzehrt wird. Bei Bedarf kann die Anwendung auf 200 g pro Tag erh\u00f6ht werden. Gastro Pellets wird f\u00fcr einen Zeitraum von mindestens 30 Tagen in Folge empfohlen.&#8221;<\/p>\n<p><em>(Aufgrund der Spezifit\u00e4t jedes Organismus sollten neue Allein- und Erg\u00e4nzungsfutter zuerst getestet werden, indem man sie schrittweise in die Ern\u00e4hrung des Pferdes einf\u00fchrt).<\/em><\/p>\n<p><em><strong>Wir f\u00fchren eine Etiketten\u00fcberpr\u00fcfung durch. Wenn Sie das Etikett vor dem Verkauf erhalten m\u00f6chten, bitten wir Sie, uns eine E-Mail an die folgende Adresse zu senden: info@lineaunika.it . Wir entschuldigen uns f\u00fcr die vor\u00fcbergehenden Unannehmlichkeiten.<\/strong><\/em><\/p>\n","protected":false},"excerpt":{"rendered":"<p>\u2714\ufe0f Praktischer Messbecher in der Verpackung<br \/>\n\u2714\ufe0f Pelletprodukt f\u00fcr Pferde, die keinen Staub m\u00f6gen<br \/>\n\u2714\ufe0f Unterst\u00fctzt die Magengesundheit<\/p>\n","protected":false},"featured_media":31200,"template":"","meta":{"_acf_changed":false,"_joinchat":[]},"product_brand":[],"product_cat":[445],"product_tag":[579,465,469,595,493,477,461],"class_list":{"0":"post-9682","1":"product","2":"type-product","3":"status-publish","4":"has-post-thumbnail","6":"product_cat-naehrstoffe-und-vitamine","7":"product_tag-angst-und-stress","8":"product_tag-distanzreiten","9":"product_tag-dressurreiten","10":"product_tag-gastritis-de","11":"product_tag-magen-und-darm","12":"product_tag-rennpferd","13":"product_tag-springreiten","15":"first","16":"instock","17":"taxable","18":"shipping-taxable","19":"purchasable","20":"product-type-variable"},"acf":[],"_links":{"self":[{"href":"https:\/\/unika.sitointest.it\/de\/wp-json\/wp\/v2\/product\/9682","targetHints":{"allow":["GET"]}}],"collection":[{"href":"https:\/\/unika.sitointest.it\/de\/wp-json\/wp\/v2\/product"}],"about":[{"href":"https:\/\/unika.sitointest.it\/de\/wp-json\/wp\/v2\/types\/product"}],"version-history":[{"count":3,"href":"https:\/\/unika.sitointest.it\/de\/wp-json\/wp\/v2\/product\/9682\/revisions"}],"predecessor-version":[{"id":15798,"href":"https:\/\/unika.sitointest.it\/de\/wp-json\/wp\/v2\/product\/9682\/revisions\/15798"}],"wp:featuredmedia":[{"embeddable":true,"href":"https:\/\/unika.sitointest.it\/de\/wp-json\/wp\/v2\/media\/31200"}],"wp:attachment":[{"href":"https:\/\/unika.sitointest.it\/de\/wp-json\/wp\/v2\/media?parent=9682"}],"wp:term":[{"taxonomy":"product_brand","embeddable":true,"href":"https:\/\/unika.sitointest.it\/de\/wp-json\/wp\/v2\/product_brand?post=9682"},{"taxonomy":"product_cat","embeddable":true,"href":"https:\/\/unika.sitointest.it\/de\/wp-json\/wp\/v2\/product_cat?post=9682"},{"taxonomy":"product_tag","embeddable":true,"href":"https:\/\/unika.sitointest.it\/de\/wp-json\/wp\/v2\/product_tag?post=9682"}],"curies":[{"name":"wp","href":"https:\/\/api.w.org\/{rel}","templated":true}]}}