{"id":9653,"date":"2022-11-09T15:09:34","date_gmt":"2022-11-09T14:09:34","guid":{"rendered":"https:\/\/lineaunika.jumpgroup.it\/shop\/unkategorisiert\/enterowell\/"},"modified":"2026-02-16T18:08:51","modified_gmt":"2026-02-16T17:08:51","slug":"enterowell","status":"publish","type":"product","link":"https:\/\/unika.sitointest.it\/de\/shop\/naehrstoffe-und-vitamine\/enterowell\/","title":{"rendered":"Enterowell"},"content":{"rendered":"<h4>Erg\u00e4nzungsfutter f\u00fcr Pferde<\/h4>\n<p>Enterowell ist das Erg\u00e4nzungsfutter im Spritzenformat, das zum Wohlbefinden des Darms beitr\u00e4gt.<\/p>\n<h4>Eigenschaften der Bestandteile<\/h4>\n<p>Enterowell wird aus edlen pflanzlichen Quellen hergestellt, die schon im Altertum in der Volksmedizin zur Abwehr von Darmerkrankungen verwendet wurden. Knoblauch, K\u00fcrbiskerne und Thymian sind die pflanzlichen Zutaten von Enterowell.<\/p>\n<h4>Gebrauchsanweisung<\/h4>\n<p>1 ganze Spritze Enterowell, vorzugsweise vor der ersten Mahlzeit am Morgen verabreichen. Mindestens 1 Stunde mit der Pferdef\u00fctterung warten.<br \/>\nF\u00fcr Pferde: 1 ganze Spritze.<br \/>\nF\u00fcr Ponys: 1 ganze Spritze.<br \/>\nEnterowell 4 Mal im Jahr verwenden.<\/p>\n<p><em>(Aufgrund der Spezifit\u00e4t jedes Organismus sollten neue Allein- und Erg\u00e4nzungsfutter zuerst getestet werden, indem man sie schrittweise in die Ern\u00e4hrung des Pferdes einf\u00fchrt).<\/em><\/p>\n<p><em><strong>Wir f\u00fchren eine Etiketten\u00fcberpr\u00fcfung durch. Wenn Sie das Etikett vor dem Verkauf erhalten m\u00f6chten, bitten wir Sie, uns eine E-Mail an die folgende Adresse zu senden: info@lineaunika.it . Wir entschuldigen uns f\u00fcr die vor\u00fcbergehenden Unannehmlichkeiten.<\/strong><\/em><\/p>\n","protected":false},"excerpt":{"rendered":"<p>\u2714\ufe0f Gebrauchsfertige Einzeldosisspritze<br \/>\n\u2714\ufe0f Tr\u00e4gt zur Darmgesundheit bei<br \/>\n\u2714\ufe0f Angezeigt im Saisonwechsel<br \/>\n\u2714\ufe0f 100 % nat\u00fcrlich<\/p>\n","protected":false},"featured_media":21585,"template":"","meta":{"_acf_changed":false,"_joinchat":[]},"product_brand":[],"product_cat":[445],"product_tag":[493],"class_list":{"0":"post-9653","1":"product","2":"type-product","3":"status-publish","4":"has-post-thumbnail","6":"product_cat-naehrstoffe-und-vitamine","7":"product_tag-magen-und-darm","9":"first","10":"instock","11":"taxable","12":"shipping-taxable","13":"purchasable","14":"product-type-simple"},"acf":[],"_links":{"self":[{"href":"https:\/\/unika.sitointest.it\/de\/wp-json\/wp\/v2\/product\/9653","targetHints":{"allow":["GET"]}}],"collection":[{"href":"https:\/\/unika.sitointest.it\/de\/wp-json\/wp\/v2\/product"}],"about":[{"href":"https:\/\/unika.sitointest.it\/de\/wp-json\/wp\/v2\/types\/product"}],"version-history":[{"count":4,"href":"https:\/\/unika.sitointest.it\/de\/wp-json\/wp\/v2\/product\/9653\/revisions"}],"predecessor-version":[{"id":30435,"href":"https:\/\/unika.sitointest.it\/de\/wp-json\/wp\/v2\/product\/9653\/revisions\/30435"}],"wp:featuredmedia":[{"embeddable":true,"href":"https:\/\/unika.sitointest.it\/de\/wp-json\/wp\/v2\/media\/21585"}],"wp:attachment":[{"href":"https:\/\/unika.sitointest.it\/de\/wp-json\/wp\/v2\/media?parent=9653"}],"wp:term":[{"taxonomy":"product_brand","embeddable":true,"href":"https:\/\/unika.sitointest.it\/de\/wp-json\/wp\/v2\/product_brand?post=9653"},{"taxonomy":"product_cat","embeddable":true,"href":"https:\/\/unika.sitointest.it\/de\/wp-json\/wp\/v2\/product_cat?post=9653"},{"taxonomy":"product_tag","embeddable":true,"href":"https:\/\/unika.sitointest.it\/de\/wp-json\/wp\/v2\/product_tag?post=9653"}],"curies":[{"name":"wp","href":"https:\/\/api.w.org\/{rel}","templated":true}]}}