{"id":9638,"date":"2022-11-09T15:00:58","date_gmt":"2022-11-09T14:00:58","guid":{"rendered":"https:\/\/lineaunika.jumpgroup.it\/shop\/unkategorisiert\/barleyton\/"},"modified":"2023-06-20T10:32:10","modified_gmt":"2023-06-20T10:32:10","slug":"barleyton","status":"publish","type":"product","link":"https:\/\/unika.sitointest.it\/de\/shop\/naehrstoffe-und-vitamine\/barleyton\/","title":{"rendered":"Barleyton"},"content":{"rendered":"<h4>Erg\u00e4nzungsfutter f\u00fcr Pferde<\/h4>\n<p>Barleyton ist das Erg\u00e4nzungsfutter f\u00fcr Pferde zum Schutz der physiologischen Darmbedingungen.<\/p>\n<h4>Wann es zu verwenden ist<\/h4>\n<p>Barleyton kann zur Erhaltung der physiologischen und nat\u00fcrlichen Darmbedingungen verwendet werden.<\/p>\n<h4>Eigenschaften der Bestandteile<\/h4>\n<p>Barleyton setzt sich aus einer ger\u00f6steten Getreidemischung zusammen, die im Darm auf v\u00f6llig physiologische Weise mehr Darmfl\u00fcssigkeit absorbiert.<\/p>\n<h4>Gebrauchsanweisung<\/h4>\n<p>&#8211; F\u00fcr Fohlen: Einen halben Messbecher Barleyton (55-60 g) \u00fcber einen Zeitraum von mindestens 30 Tagen in Folge in die Futterration geben.<br \/>\n&#8211; F\u00fcr erwachsene Pferde: Einen gestrichenen Messbecher (100-110 g) pro Tag \u00fcber einen Zeitraum von mindestens 30 Tagen in Folge in die Futterration geben und gut vermischen.<\/p>\n<p><em>(Aufgrund der Spezifit\u00e4t jedes Organismus sollten neue Allein- und Erg\u00e4nzungsfutter zuerst getestet werden, indem man sie schrittweise in die Ern\u00e4hrung des Pferdes einf\u00fchrt).<\/em><\/p>\n<p><em><strong>Wir f\u00fchren eine Etiketten\u00fcberpr\u00fcfung durch. Wenn Sie das Etikett vor dem Verkauf erhalten m\u00f6chten, bitten wir Sie, uns eine E-Mail an die folgende Adresse zu senden: info@lineaunika.it . Wir entschuldigen uns f\u00fcr die vor\u00fcbergehenden Unannehmlichkeiten.<\/strong><\/em><\/p>\n","protected":false},"excerpt":{"rendered":"<p>\u2714\ufe0f Praktischer Messbecher in der Verpackung<br \/>\n\u2714\ufe0f Mit ger\u00f6steten K\u00f6rnern formuliert<br \/>\n\u2714\ufe0f N\u00fctzlich bei schlecht geformtem Stuhl<\/p>\n","protected":false},"featured_media":20963,"template":"","meta":{"_acf_changed":false,"_joinchat":[]},"product_brand":[],"product_cat":[445],"product_tag":[591,493],"class_list":{"0":"post-9638","1":"product","2":"type-product","3":"status-publish","4":"has-post-thumbnail","6":"product_cat-naehrstoffe-und-vitamine","7":"product_tag-durchfall","8":"product_tag-magen-und-darm","10":"first","11":"instock","12":"taxable","13":"shipping-taxable","14":"purchasable","15":"product-type-variable"},"acf":[],"_links":{"self":[{"href":"https:\/\/unika.sitointest.it\/de\/wp-json\/wp\/v2\/product\/9638","targetHints":{"allow":["GET"]}}],"collection":[{"href":"https:\/\/unika.sitointest.it\/de\/wp-json\/wp\/v2\/product"}],"about":[{"href":"https:\/\/unika.sitointest.it\/de\/wp-json\/wp\/v2\/types\/product"}],"version-history":[{"count":2,"href":"https:\/\/unika.sitointest.it\/de\/wp-json\/wp\/v2\/product\/9638\/revisions"}],"predecessor-version":[{"id":15806,"href":"https:\/\/unika.sitointest.it\/de\/wp-json\/wp\/v2\/product\/9638\/revisions\/15806"}],"wp:featuredmedia":[{"embeddable":true,"href":"https:\/\/unika.sitointest.it\/de\/wp-json\/wp\/v2\/media\/20963"}],"wp:attachment":[{"href":"https:\/\/unika.sitointest.it\/de\/wp-json\/wp\/v2\/media?parent=9638"}],"wp:term":[{"taxonomy":"product_brand","embeddable":true,"href":"https:\/\/unika.sitointest.it\/de\/wp-json\/wp\/v2\/product_brand?post=9638"},{"taxonomy":"product_cat","embeddable":true,"href":"https:\/\/unika.sitointest.it\/de\/wp-json\/wp\/v2\/product_cat?post=9638"},{"taxonomy":"product_tag","embeddable":true,"href":"https:\/\/unika.sitointest.it\/de\/wp-json\/wp\/v2\/product_tag?post=9638"}],"curies":[{"name":"wp","href":"https:\/\/api.w.org\/{rel}","templated":true}]}}