{"id":9605,"date":"2022-11-09T14:51:22","date_gmt":"2022-11-09T13:51:22","guid":{"rendered":"https:\/\/lineaunika.jumpgroup.it\/shop\/unkategorisiert\/unika-relax\/"},"modified":"2023-06-16T12:47:37","modified_gmt":"2023-06-16T12:47:37","slug":"unika-relax","status":"publish","type":"product","link":"https:\/\/unika.sitointest.it\/de\/shop\/naehrstoffe-und-vitamine\/unika-relax\/","title":{"rendered":"Unika Relax"},"content":{"rendered":"<p>Unika Relax enth\u00e4lt kein Getreide (das beim Tier Erregung und Nervosit\u00e4t verursachen kann) und wurde nach der NGI-Technologie (NGI = Niedriger Glyk\u00e4mischer Index) formuliert.<\/p>\n<h4>Wann es zu verwenden ist<\/h4>\n<p>Unika Relax ist das ideale Alleinfutter f\u00fcr:<\/p>\n<p>\u2013 hei\u00dfe Pferde<br \/>\n\u2013 Sportpferde, die ein ausgewogenes Verhalten in Training und Wettkampf erfordern<br \/>\n\u2013 Pferde, die bei einer getreidebasierten Ern\u00e4hrung nerv\u00f6s und hei\u00df werden<\/p>\n<h4>Eigenschaften der Bestandteile<\/h4>\n<p>Dank dem Zusatz von Magnesium und Passionsblume gilt Unika Relax als ideales Alleinfutter f\u00fcr hei\u00dfe, nerv\u00f6se, junge Pferde. Es ist weithin belegt, dass Magnesium den Pferden hilft, physiologisch ruhig, aufmerksamer und weniger reizbar zu sein, was besonders bei jungen Pferden notwendig ist, die in den Wettbewerb einsteigen. Der Trockenextrakt der Passionsblume ist in der Phytotherapie weithin f\u00fcr seine heiterkeitsf\u00f6rdernden Eigenschaften bekannt.<\/p>\n<h4>Gebrauchsanweisung<\/h4>\n<p>3 bis 6 kg pro Tag und Pferd verwenden, je nach Futterqualit\u00e4t, Art des Trainings und der Bewegung.<\/p>\n<p>Die Futterrationen h\u00e4ngen von vielen Faktoren ab (Alter des Tieres, Umfang der sportlichen Aktivit\u00e4t, Rasse etc.). Bitte kontaktieren Sie uns, um N\u00e4heres \u00fcber die richtige Tagesration f\u00fcr Ihr Pferd zu erfahren.Das Verfallsdatum gilt f\u00fcr Packungen, die k\u00fchl, trocken und vor direkter Sonneneinstrahlung gesch\u00fctzt gelagert werden. Dem Pferd Tr\u00e4nkwasser zur Verf\u00fcgung stellen.<\/p>\n<p>&#8211; Spring- und Dressurpferde (unter 600 kg Lebendgewicht) 3,5 \u2013 5 kg pro Tag<br \/>\n&#8211; Dressurpferde \u00fcber 600 kg Lebendgewicht 3,5 \u2013 6 kg pro Tag<br \/>\n&#8211; Distanzpferde 3 \u2013 4 kg pro Tag<\/p>\n<h4>Entdecken Sie alle Vorteile und das Versandmanagement unserer Futtermittel, klicken Sie auf diesen <a href=\"https:\/\/media.lineaunika.it\/unika\/uploads\/2023\/06\/UNIKA-FUTTERMITTEL-DE.pdf\">Link<\/a>!<\/h4>\n<p>&nbsp;<\/p>\n<p><em>(Aufgrund der Spezifit\u00e4t jedes Organismus sollten neue Allein- und Erg\u00e4nzungsfutter zuerst getestet werden, indem man sie schrittweise in die Ern\u00e4hrung des Pferdes einf\u00fchrt).<\/em><\/p>\n<p><em><strong>Wir f\u00fchren eine Etiketten\u00fcberpr\u00fcfung durch. Wenn Sie das Etikett vor dem Verkauf erhalten m\u00f6chten, bitten wir Sie, uns eine E-Mail an die folgende Adresse zu senden: info@lineaunika.it . Wir entschuldigen uns f\u00fcr die vor\u00fcbergehenden Unannehmlichkeiten.<\/strong><\/em><\/p>\n","protected":false},"excerpt":{"rendered":"<p>\u2714\ufe0f 4mm Pellets zum einfachen Kauen<br \/>\n\u2714\ufe0f Ideal f\u00fcr hei\u00dfe und nerv\u00f6se Pferde<br \/>\n\u2714\ufe0fAngereichert mit Magnesium und Passionsblume<\/p>\n","protected":false},"featured_media":21291,"template":"","meta":{"_acf_changed":false,"_joinchat":[]},"product_brand":[],"product_cat":[445],"product_tag":[579,465,469,583,611,855,461,505],"class_list":{"0":"post-9605","1":"product","2":"type-product","3":"status-publish","4":"has-post-thumbnail","6":"product_cat-naehrstoffe-und-vitamine","7":"product_tag-angst-und-stress","8":"product_tag-distanzreiten","9":"product_tag-dressurreiten","10":"product_tag-entspannen","11":"product_tag-kein-mais-und-getreide","12":"product_tag-mangimi-de","13":"product_tag-springreiten","14":"product_tag-stuten-und-fohlen","15":"product_shipping_class-mangimi","17":"first","18":"instock","19":"taxable","20":"shipping-taxable","21":"purchasable","22":"product-type-variable"},"acf":[],"_links":{"self":[{"href":"https:\/\/unika.sitointest.it\/de\/wp-json\/wp\/v2\/product\/9605","targetHints":{"allow":["GET"]}}],"collection":[{"href":"https:\/\/unika.sitointest.it\/de\/wp-json\/wp\/v2\/product"}],"about":[{"href":"https:\/\/unika.sitointest.it\/de\/wp-json\/wp\/v2\/types\/product"}],"version-history":[{"count":3,"href":"https:\/\/unika.sitointest.it\/de\/wp-json\/wp\/v2\/product\/9605\/revisions"}],"predecessor-version":[{"id":15605,"href":"https:\/\/unika.sitointest.it\/de\/wp-json\/wp\/v2\/product\/9605\/revisions\/15605"}],"wp:featuredmedia":[{"embeddable":true,"href":"https:\/\/unika.sitointest.it\/de\/wp-json\/wp\/v2\/media\/21291"}],"wp:attachment":[{"href":"https:\/\/unika.sitointest.it\/de\/wp-json\/wp\/v2\/media?parent=9605"}],"wp:term":[{"taxonomy":"product_brand","embeddable":true,"href":"https:\/\/unika.sitointest.it\/de\/wp-json\/wp\/v2\/product_brand?post=9605"},{"taxonomy":"product_cat","embeddable":true,"href":"https:\/\/unika.sitointest.it\/de\/wp-json\/wp\/v2\/product_cat?post=9605"},{"taxonomy":"product_tag","embeddable":true,"href":"https:\/\/unika.sitointest.it\/de\/wp-json\/wp\/v2\/product_tag?post=9605"}],"curies":[{"name":"wp","href":"https:\/\/api.w.org\/{rel}","templated":true}]}}