{"id":9550,"date":"2022-11-09T14:14:44","date_gmt":"2022-11-09T13:14:44","guid":{"rendered":"https:\/\/lineaunika.jumpgroup.it\/shop\/unkategorisiert\/relax-pro\/"},"modified":"2026-02-16T18:09:19","modified_gmt":"2026-02-16T17:09:19","slug":"relax-pro","status":"publish","type":"product","link":"https:\/\/unika.sitointest.it\/de\/shop\/naehrstoffe-und-vitamine\/relax-pro\/","title":{"rendered":"Relax Pro"},"content":{"rendered":"<h4>Erg\u00e4nzungsfutter f\u00fcr Pferde<\/h4>\n<p>Relax Pro ist das Erg\u00e4nzungsfutter zur Beibehaltung der nat\u00fcrlichen Entspannung des Pferdes. Relax Pro enth\u00e4lt Tryptophan und Passionsblume, welche n\u00fctzliche Elemente f\u00fcr die Entspannung des Pferdes sind.<\/p>\n<h4>Wann es zu verwenden ist<\/h4>\n<p>Das Erg\u00e4nzungsfutter Relax Pro eignet sich f\u00fcr:<\/p>\n<p>&#8211; junge Pferde<br \/>\n&#8211; Pferde, die wegen der sportlichen T\u00e4tigkeit nerv\u00f6s sind<br \/>\n&#8211; Pferde, die im Training nerv\u00f6s sind<br \/>\n&#8211; Pferde, die im Wettkampf nerv\u00f6s sind (in diesem Fall kann Prequalm mit Relax Pro kombiniert werden)<\/p>\n<h4>Gebrauchsanweisung<\/h4>\n<p>30-50 g Relax Pro pro Tag unter die t\u00e4gliche Ration mischen und mindestens 7-10 Tage in Folge vor einem wichtigen Wettkampf verabreichen.<\/p>\n<p><em>(Aufgrund der Spezifit\u00e4t jedes Organismus sollten neue Allein- und Erg\u00e4nzungsfutter zuerst getestet werden, indem man sie schrittweise in die Ern\u00e4hrung des Pferdes einf\u00fchrt).<\/em><\/p>\n<p><em><strong>Wir f\u00fchren eine Etiketten\u00fcberpr\u00fcfung durch. Wenn Sie das Etikett vor dem Verkauf erhalten m\u00f6chten, bitten wir Sie, uns eine E-Mail an die folgende Adresse zu senden: info@lineaunika.it . Wir entschuldigen uns f\u00fcr die vor\u00fcbergehenden Unannehmlichkeiten.<\/strong><\/em><\/p>\n","protected":false},"excerpt":{"rendered":"<p>\u2714\ufe0f F\u00f6rdert die nat\u00fcrliche Ruhe und Konzentration des Pferdes<br \/>\n\u2714\ufe0f Praktischer Messbecher in der Verpackung<br \/>\n\u2714\ufe0f Basierend auf Tryptophan und Passionsblume<\/p>\n","protected":false},"featured_media":21533,"template":"","meta":{"_acf_changed":false,"_joinchat":[]},"product_brand":[],"product_cat":[445],"product_tag":[579,583,489],"class_list":{"0":"post-9550","1":"product","2":"type-product","3":"status-publish","4":"has-post-thumbnail","6":"product_cat-naehrstoffe-und-vitamine","7":"product_tag-angst-und-stress","8":"product_tag-entspannen","9":"product_tag-kein-doping","11":"first","12":"instock","13":"taxable","14":"shipping-taxable","15":"purchasable","16":"product-type-variable"},"acf":[],"_links":{"self":[{"href":"https:\/\/unika.sitointest.it\/de\/wp-json\/wp\/v2\/product\/9550","targetHints":{"allow":["GET"]}}],"collection":[{"href":"https:\/\/unika.sitointest.it\/de\/wp-json\/wp\/v2\/product"}],"about":[{"href":"https:\/\/unika.sitointest.it\/de\/wp-json\/wp\/v2\/types\/product"}],"version-history":[{"count":2,"href":"https:\/\/unika.sitointest.it\/de\/wp-json\/wp\/v2\/product\/9550\/revisions"}],"predecessor-version":[{"id":15814,"href":"https:\/\/unika.sitointest.it\/de\/wp-json\/wp\/v2\/product\/9550\/revisions\/15814"}],"wp:featuredmedia":[{"embeddable":true,"href":"https:\/\/unika.sitointest.it\/de\/wp-json\/wp\/v2\/media\/21533"}],"wp:attachment":[{"href":"https:\/\/unika.sitointest.it\/de\/wp-json\/wp\/v2\/media?parent=9550"}],"wp:term":[{"taxonomy":"product_brand","embeddable":true,"href":"https:\/\/unika.sitointest.it\/de\/wp-json\/wp\/v2\/product_brand?post=9550"},{"taxonomy":"product_cat","embeddable":true,"href":"https:\/\/unika.sitointest.it\/de\/wp-json\/wp\/v2\/product_cat?post=9550"},{"taxonomy":"product_tag","embeddable":true,"href":"https:\/\/unika.sitointest.it\/de\/wp-json\/wp\/v2\/product_tag?post=9550"}],"curies":[{"name":"wp","href":"https:\/\/api.w.org\/{rel}","templated":true}]}}