{"id":9525,"date":"2022-11-09T13:44:51","date_gmt":"2022-11-09T12:44:51","guid":{"rendered":"https:\/\/lineaunika.jumpgroup.it\/shop\/unkategorisiert\/prequalm\/"},"modified":"2026-02-16T18:09:12","modified_gmt":"2026-02-16T17:09:12","slug":"prequalm","status":"publish","type":"product","link":"https:\/\/unika.sitointest.it\/de\/shop\/naehrstoffe-und-vitamine\/prequalm\/","title":{"rendered":"Prequalm"},"content":{"rendered":"<h4>Erg\u00e4nzungsfutter f\u00fcr Pferde<\/h4>\n<p>Prequalm ist das Erg\u00e4nzungsfutter im gelpastenf\u00f6rmigen Spritzen-Format, das bei Sportwettk\u00e4mpfen zur Entspannung des Pferdes eingesetzt wird.<\/p>\n<h4>Wann es zu verwenden ist<\/h4>\n<p>Prequalm ist das richtige Erg\u00e4nzungsfutter f\u00fcr alle, die beim Wettkampf f\u00fcr die normale Ruhe des Sportpferdes sorgen m\u00f6chten. Prequalm kann dem Pferd im Wettkampf zu einer guten Konzentration verhelfen. Es ist ideal f\u00fcr junge Pferde, die bei Wettk\u00e4mpfen oft sehr nerv\u00f6s und \u00e4ngstlich sind.<\/p>\n<h4>Eigenschaften der Bestandteile<\/h4>\n<p>Prequalm enth\u00e4lt L-Tryptophan, eine Aminos\u00e4ure, die im K\u00f6rper in Serotonin umgewandelt wird und auch als \u201eWohlf\u00fchlhormon\u201c bekannt ist. L-Tryptophan ist auch der Ausgangsstoff von Melatonin, einer Substanz, die das Verh\u00e4ltnis zwischen Schlaf und Wachsein regelt und f\u00fcr Heiterkeit sorgt. Tryptophan ist eine essentielle Aminos\u00e4ure, was bedeutet, dass der K\u00f6rper sie nicht selbst synthetisieren kann. Sie kann daher nur \u00fcber die Ern\u00e4hrung und die richtige Supplementierung aufgenommen werden, wie dies seit vielen Jahren beim Menschen und insbesondere bei Kindern erfolgt (44).<\/p>\n<h4>Gebrauchsanweisung<\/h4>\n<p>&#8211; Die ganze Spritze Prequalm mindestens 3 Stunden vor einem Wettkampf verabreichen.<br \/>\n&#8211; 1 Spritze Prequalm 2 Stunden vor einer Reise geben, wenn das Pferd Transporte und Reisen im Allgemeinen nicht mag.<br \/>\nF\u00fcr ein Pony gilt immer 1 ganze Spritze.<\/p>\n<p><em>(Aufgrund der Spezifit\u00e4t jedes Organismus sollten neue Allein- und Erg\u00e4nzungsfutter zuerst getestet werden, indem man sie schrittweise in die Ern\u00e4hrung des Pferdes einf\u00fchrt).<\/em><\/p>\n<p><em><strong>Wir f\u00fchren eine Etiketten\u00fcberpr\u00fcfung durch. Wenn Sie das Etikett vor dem Verkauf erhalten m\u00f6chten, bitten wir Sie, uns eine E-Mail an die folgende Adresse zu senden: info@lineaunika.it . Wir entschuldigen uns f\u00fcr die vor\u00fcbergehenden Unannehmlichkeiten.<\/strong><\/em><\/p>\n","protected":false},"excerpt":{"rendered":"<p>\u2714\ufe0f Gebrauchsfertige Einzeldosisspritze<br \/>\n\u2714\ufe0f Geeignet f\u00fcr alle Disziplinen<br \/>\n\u2714\ufe0f F\u00f6rdert die nat\u00fcrliche Ruhe und Konzentration des Pferdes<\/p>\n","protected":false},"featured_media":21609,"template":"","meta":{"_acf_changed":false,"_joinchat":[]},"product_brand":[],"product_cat":[445],"product_tag":[579,583,489],"class_list":{"0":"post-9525","1":"product","2":"type-product","3":"status-publish","4":"has-post-thumbnail","6":"product_cat-naehrstoffe-und-vitamine","7":"product_tag-angst-und-stress","8":"product_tag-entspannen","9":"product_tag-kein-doping","11":"first","12":"instock","13":"taxable","14":"shipping-taxable","15":"purchasable","16":"product-type-simple"},"acf":[],"_links":{"self":[{"href":"https:\/\/unika.sitointest.it\/de\/wp-json\/wp\/v2\/product\/9525","targetHints":{"allow":["GET"]}}],"collection":[{"href":"https:\/\/unika.sitointest.it\/de\/wp-json\/wp\/v2\/product"}],"about":[{"href":"https:\/\/unika.sitointest.it\/de\/wp-json\/wp\/v2\/types\/product"}],"version-history":[{"count":3,"href":"https:\/\/unika.sitointest.it\/de\/wp-json\/wp\/v2\/product\/9525\/revisions"}],"predecessor-version":[{"id":15818,"href":"https:\/\/unika.sitointest.it\/de\/wp-json\/wp\/v2\/product\/9525\/revisions\/15818"}],"wp:featuredmedia":[{"embeddable":true,"href":"https:\/\/unika.sitointest.it\/de\/wp-json\/wp\/v2\/media\/21609"}],"wp:attachment":[{"href":"https:\/\/unika.sitointest.it\/de\/wp-json\/wp\/v2\/media?parent=9525"}],"wp:term":[{"taxonomy":"product_brand","embeddable":true,"href":"https:\/\/unika.sitointest.it\/de\/wp-json\/wp\/v2\/product_brand?post=9525"},{"taxonomy":"product_cat","embeddable":true,"href":"https:\/\/unika.sitointest.it\/de\/wp-json\/wp\/v2\/product_cat?post=9525"},{"taxonomy":"product_tag","embeddable":true,"href":"https:\/\/unika.sitointest.it\/de\/wp-json\/wp\/v2\/product_tag?post=9525"}],"curies":[{"name":"wp","href":"https:\/\/api.w.org\/{rel}","templated":true}]}}