{"id":9510,"date":"2022-11-09T13:32:01","date_gmt":"2022-11-09T12:32:01","guid":{"rendered":"https:\/\/lineaunika.jumpgroup.it\/shop\/unkategorisiert\/mares-care\/"},"modified":"2026-02-16T18:09:06","modified_gmt":"2026-02-16T17:09:06","slug":"mares-care","status":"publish","type":"product","link":"https:\/\/unika.sitointest.it\/de\/shop\/naehrstoffe-und-vitamine\/mares-care\/","title":{"rendered":"Mares Care"},"content":{"rendered":"<h4>Erg\u00e4nzungsfutter f\u00fcr Pferde<\/h4>\n<p>Mares Care ist das ideale Erg\u00e4nzungsfutter f\u00fcr Stuten zur Unterst\u00fctzung des nat\u00fcrlichen Wohlbefindens des Hormonzyklus.<\/p>\n<h4>Wann es zu verwenden ist<\/h4>\n<p>Mares Care ist ideal f\u00fcr Stuten mit unausgeglichenem Hormonzyklus<\/p>\n<h4>Eigenschaften der Bestandteile<\/h4>\n<p>Mares Care nutzt die Eigenschaften von M\u00f6nchspfeffer (Vitex agnus-castus) und sorgt damit bei der Stute f\u00fcr Ruhe und Gelassenheit.<\/p>\n<h4>Gebrauchsanweisung<\/h4>\n<p>50 bis 80 g Mares Care pro Tag unter die t\u00e4gliche Ration mischen. Empfohlen f\u00fcr min. 15 Tage in Folge.<\/p>\n<p>Nettogewicht: 5kg<\/p>\n<p><em>(Aufgrund der Spezifit\u00e4t jedes Organismus sollten neue Allein- und Erg\u00e4nzungsfutter zuerst getestet werden, indem man sie schrittweise in die Ern\u00e4hrung des Pferdes einf\u00fchrt).<\/em><\/p>\n<p><em><strong>Wir f\u00fchren eine Etiketten\u00fcberpr\u00fcfung durch. Wenn Sie das Etikett vor dem Verkauf erhalten m\u00f6chten, bitten wir Sie, uns eine E-Mail an die folgende Adresse zu senden: info@lineaunika.it . Wir entschuldigen uns f\u00fcr die vor\u00fcbergehenden Unannehmlichkeiten.<\/strong><\/em><\/p>\n","protected":false},"excerpt":{"rendered":"<p>\u2714\ufe0f 4 mm gro\u00dfe Pellets f\u00fcr einfaches Kauen<br \/>\n\u2714\ufe0f Ideal f\u00fcr l\u00e4ufige Stuten<br \/>\n\u2714\ufe0f Mit hohem M\u00f6nchspfeffer-Anteil<\/p>\n","protected":false},"featured_media":25671,"template":"","meta":{"_acf_changed":false,"_joinchat":[]},"product_brand":[],"product_cat":[445],"product_tag":[579,465,469,583,477,461,505,473],"class_list":{"0":"post-9510","1":"product","2":"type-product","3":"status-publish","4":"has-post-thumbnail","6":"product_cat-naehrstoffe-und-vitamine","7":"product_tag-angst-und-stress","8":"product_tag-distanzreiten","9":"product_tag-dressurreiten","10":"product_tag-entspannen","11":"product_tag-rennpferd","12":"product_tag-springreiten","13":"product_tag-stuten-und-fohlen","14":"product_tag-westernreiten","16":"first","17":"instock","18":"taxable","19":"shipping-taxable","20":"purchasable","21":"product-type-simple"},"acf":[],"_links":{"self":[{"href":"https:\/\/unika.sitointest.it\/de\/wp-json\/wp\/v2\/product\/9510","targetHints":{"allow":["GET"]}}],"collection":[{"href":"https:\/\/unika.sitointest.it\/de\/wp-json\/wp\/v2\/product"}],"about":[{"href":"https:\/\/unika.sitointest.it\/de\/wp-json\/wp\/v2\/types\/product"}],"version-history":[{"count":5,"href":"https:\/\/unika.sitointest.it\/de\/wp-json\/wp\/v2\/product\/9510\/revisions"}],"predecessor-version":[{"id":27833,"href":"https:\/\/unika.sitointest.it\/de\/wp-json\/wp\/v2\/product\/9510\/revisions\/27833"}],"wp:featuredmedia":[{"embeddable":true,"href":"https:\/\/unika.sitointest.it\/de\/wp-json\/wp\/v2\/media\/25671"}],"wp:attachment":[{"href":"https:\/\/unika.sitointest.it\/de\/wp-json\/wp\/v2\/media?parent=9510"}],"wp:term":[{"taxonomy":"product_brand","embeddable":true,"href":"https:\/\/unika.sitointest.it\/de\/wp-json\/wp\/v2\/product_brand?post=9510"},{"taxonomy":"product_cat","embeddable":true,"href":"https:\/\/unika.sitointest.it\/de\/wp-json\/wp\/v2\/product_cat?post=9510"},{"taxonomy":"product_tag","embeddable":true,"href":"https:\/\/unika.sitointest.it\/de\/wp-json\/wp\/v2\/product_tag?post=9510"}],"curies":[{"name":"wp","href":"https:\/\/api.w.org\/{rel}","templated":true}]}}