{"id":9495,"date":"2022-11-09T13:23:00","date_gmt":"2022-11-09T12:23:00","guid":{"rendered":"https:\/\/lineaunika.jumpgroup.it\/shop\/unkategorisiert\/calm-mg\/"},"modified":"2026-02-16T18:08:39","modified_gmt":"2026-02-16T17:08:39","slug":"calm-mg","status":"publish","type":"product","link":"https:\/\/unika.sitointest.it\/de\/shop\/naehrstoffe-und-vitamine\/calm-mg\/","title":{"rendered":"Calm Mg"},"content":{"rendered":"<h4>Erg\u00e4nzungsfutter f\u00fcr Pferde<\/h4>\n<p>Calm MG ist das fl\u00fcssige Erg\u00e4nzungsfutter auf Magnesiumbasis. Calm Mg unterst\u00fctzt das mentale Wohlbefinden des Pferdes, indem es den Magnesiumspiegel im K\u00f6rper optimiert und dadurch das Stress- und Angstniveau verbessert.<\/p>\n<h4>Wann es zu verwenden ist<\/h4>\n<p>Calm Mg ist ein fl\u00fcssiges Erg\u00e4nzungsfutter, das Pferde mit hochverf\u00fcgbaren Magnesiumquellen versorgt. Es kann f\u00fcr Jungpferde von Nutzen sein, die Schwierigkeiten haben, die ersten Wettkampfphasen zu bew\u00e4ltigen, insbesondere bei Hallenwettbewerben. Aber es kann auch bei erwachsenen Pferden n\u00fctzlich sein, die aufgrund eines niedrigen Magnesiumspiegels im K\u00f6rper nerv\u00f6ser und schwieriger sind.<\/p>\n<h4>Eigenschaften der Bestandteile<\/h4>\n<p>Da Magnesium an mehr als 300 verschiedenen Stoffwechselreaktionen beteiligt ist, ist es f\u00fcr die Ern\u00e4hrung ein sehr wichtiges Mineral (45). Die Herstellung von Energie in den Zellen, die Synthese von Nukleins\u00e4uren, die Muskelkontraktion und die Nervenleitung h\u00e4ngen von Magnesium ab. Allerdings haben nicht alle Magnesiumsalze in der Natur die gleiche Bioverf\u00fcgbarkeit f\u00fcr den K\u00f6rper. Linea Unika hat daf\u00fcr drei Rohstoffe mit einer sehr hohen Magnesium-Bioverf\u00fcgbarkeit ausgew\u00e4hlt: Magnesiumcitrat, Magnesiumaspartat und Magnesiumchlorid. Diese Salze sind zu hundert Prozent wasserl\u00f6slich und werden daher leichter vom K\u00f6rper aufgenommen als schlecht oder gar nicht l\u00f6sliche Salze, wie z. B. Magnesiumoxid. Magnesium wird in der Tat im D\u00fcnn- und Grimmdarm absorbiert: Die Effizienz der Absorption h\u00e4ngt daher von der L\u00f6slichkeit seines Salzes in der Darmfl\u00fcssigkeit ab. Studien am Menschen haben gezeigt, dass Magnesium neuroprotektive Effekte aus\u00fcbt (45) und es bei der Produktion von ATP, dem Treibstoff des K\u00f6rpers, verwendet wird. Magnesium kann daher eine energetisierende Wirkung zugeschrieben werden.<\/p>\n<h4>Gebrauchsanweisung<\/h4>\n<p>50-100 g Calm MG pro Tag zur Nahrung dazugeben (eine Espressotasse enth\u00e4lt etwa 70 g). Das Produkt \u00e4hnelt einem Sirup und ist f\u00fcr das Pferd sehr schmackhaft. Die Einsatzdauer sollte mindestens 30-40 Tage in Folge betragen. Unser Tipp: Magnesiumsalze wirken leicht abf\u00fchrend, \u00fcberschreiten Sie also nicht die Tagesdosis von Calm Mg.<\/p>\n<p><em>(Aufgrund der Spezifit\u00e4t jedes Organismus sollten neue Allein- und Erg\u00e4nzungsfutter zuerst getestet werden, indem man sie schrittweise in die Ern\u00e4hrung des Pferdes einf\u00fchrt).<\/em><\/p>\n<p><em><strong>Wir f\u00fchren eine Etiketten\u00fcberpr\u00fcfung durch. Wenn Sie das Etikett vor dem Verkauf erhalten m\u00f6chten, bitten wir Sie, uns eine E-Mail an die folgende Adresse zu senden: info@lineaunika.it . Wir entschuldigen uns f\u00fcr die vor\u00fcbergehenden Unannehmlichkeiten.<\/strong><\/em><\/p>\n","protected":false},"excerpt":{"rendered":"<p>\u2714\ufe0f Fl\u00fcssiges Produkt f\u00fcr Pferde, die keine Pulver m\u00f6gen<br \/>\n\u2714\ufe0f Ideal zur Optimierung des Magnesiumspiegels im K\u00f6rper<br \/>\n\u2714\ufe0f Ideal f\u00fcr junge Pferde<\/p>\n","protected":false},"featured_media":21353,"template":"","meta":{"_acf_changed":false,"_joinchat":[]},"product_brand":[],"product_cat":[445],"product_tag":[579,465,469,583,477,461,505,473],"class_list":{"0":"post-9495","1":"product","2":"type-product","3":"status-publish","4":"has-post-thumbnail","6":"product_cat-naehrstoffe-und-vitamine","7":"product_tag-angst-und-stress","8":"product_tag-distanzreiten","9":"product_tag-dressurreiten","10":"product_tag-entspannen","11":"product_tag-rennpferd","12":"product_tag-springreiten","13":"product_tag-stuten-und-fohlen","14":"product_tag-westernreiten","16":"first","17":"instock","18":"taxable","19":"shipping-taxable","20":"purchasable","21":"product-type-variable"},"acf":[],"_links":{"self":[{"href":"https:\/\/unika.sitointest.it\/de\/wp-json\/wp\/v2\/product\/9495","targetHints":{"allow":["GET"]}}],"collection":[{"href":"https:\/\/unika.sitointest.it\/de\/wp-json\/wp\/v2\/product"}],"about":[{"href":"https:\/\/unika.sitointest.it\/de\/wp-json\/wp\/v2\/types\/product"}],"version-history":[{"count":2,"href":"https:\/\/unika.sitointest.it\/de\/wp-json\/wp\/v2\/product\/9495\/revisions"}],"predecessor-version":[{"id":15828,"href":"https:\/\/unika.sitointest.it\/de\/wp-json\/wp\/v2\/product\/9495\/revisions\/15828"}],"wp:featuredmedia":[{"embeddable":true,"href":"https:\/\/unika.sitointest.it\/de\/wp-json\/wp\/v2\/media\/21353"}],"wp:attachment":[{"href":"https:\/\/unika.sitointest.it\/de\/wp-json\/wp\/v2\/media?parent=9495"}],"wp:term":[{"taxonomy":"product_brand","embeddable":true,"href":"https:\/\/unika.sitointest.it\/de\/wp-json\/wp\/v2\/product_brand?post=9495"},{"taxonomy":"product_cat","embeddable":true,"href":"https:\/\/unika.sitointest.it\/de\/wp-json\/wp\/v2\/product_cat?post=9495"},{"taxonomy":"product_tag","embeddable":true,"href":"https:\/\/unika.sitointest.it\/de\/wp-json\/wp\/v2\/product_tag?post=9495"}],"curies":[{"name":"wp","href":"https:\/\/api.w.org\/{rel}","templated":true}]}}