{"id":9472,"date":"2022-11-09T13:14:09","date_gmt":"2022-11-09T12:14:09","guid":{"rendered":"https:\/\/lineaunika.jumpgroup.it\/shop\/unkategorisiert\/topic-noder\/"},"modified":"2026-02-16T18:09:22","modified_gmt":"2026-02-16T17:09:22","slug":"topic-noder","status":"publish","type":"product","link":"https:\/\/unika.sitointest.it\/de\/shop\/hygiene-und-pferdepflege\/topic-noder\/","title":{"rendered":"Topic Noder"},"content":{"rendered":"<h4>Produkt ausschlie\u00dflich zur \u00e4u\u00dferen Anwendung<\/h4>\n<p>Topic NODER ist ein Spray zur \u00e4u\u00dferen Anwendung auf Pferdefell. Topic NODER enth\u00e4lt Substanzen, die das Verbleiben auf der Haut erleichtern.<\/p>\n<h4>Gebrauchsanweisung<\/h4>\n<p>Topic Noder 2 bis 3 Mal pro Woche verwenden, dabei immer Latexhandschuhe tragen. Topic Noder auf die Stellen spr\u00fchen, an denen sich das Pferd kratzt. Darauf achten, dass es nicht auf empfindliche Stellen wie Schleimh\u00e4ute und Augen gespr\u00fcht wird.<\/p>\n<p><em>(Aufgrund der Spezifit\u00e4t jedes Organismus sollten neue Allein- und Erg\u00e4nzungsfutter zuerst getestet werden, indem man sie schrittweise in die Ern\u00e4hrung des Pferdes einf\u00fchrt).<\/em><\/p>\n<p><em><strong>Wir f\u00fchren eine Etiketten\u00fcberpr\u00fcfung durch. Wenn Sie das Etikett vor dem Verkauf erhalten m\u00f6chten, bitten wir Sie, uns eine E-Mail an die folgende Adresse zu senden: info@lineaunika.it . Wir entschuldigen uns f\u00fcr die vor\u00fcbergehenden Unannehmlichkeiten.<\/strong><\/em><\/p>\n","protected":false},"excerpt":{"rendered":"<p>\u2714\ufe0f Mit praktischem Spr\u00fchspender<br \/>\n\u2714\ufe0f Lange Haltbarkeit auf dem Fell<br \/>\n\u2714\ufe0f Geeignet zum Kratzen von Pferden<\/p>\n","protected":false},"featured_media":25651,"template":"","meta":{"_acf_changed":false,"_joinchat":[]},"product_brand":[],"product_cat":[451],"product_tag":[571,575,565,549],"class_list":{"0":"post-9472","1":"product","2":"type-product","3":"status-publish","4":"has-post-thumbnail","6":"product_cat-hygiene-und-pferdepflege","7":"product_tag-dermatitis-de","8":"product_tag-insekten","9":"product_tag-mantel-und-haut","10":"product_tag-sommer","12":"first","13":"instock","14":"taxable","15":"shipping-taxable","16":"purchasable","17":"product-type-simple"},"acf":[],"_links":{"self":[{"href":"https:\/\/unika.sitointest.it\/de\/wp-json\/wp\/v2\/product\/9472","targetHints":{"allow":["GET"]}}],"collection":[{"href":"https:\/\/unika.sitointest.it\/de\/wp-json\/wp\/v2\/product"}],"about":[{"href":"https:\/\/unika.sitointest.it\/de\/wp-json\/wp\/v2\/types\/product"}],"version-history":[{"count":2,"href":"https:\/\/unika.sitointest.it\/de\/wp-json\/wp\/v2\/product\/9472\/revisions"}],"predecessor-version":[{"id":15832,"href":"https:\/\/unika.sitointest.it\/de\/wp-json\/wp\/v2\/product\/9472\/revisions\/15832"}],"wp:featuredmedia":[{"embeddable":true,"href":"https:\/\/unika.sitointest.it\/de\/wp-json\/wp\/v2\/media\/25651"}],"wp:attachment":[{"href":"https:\/\/unika.sitointest.it\/de\/wp-json\/wp\/v2\/media?parent=9472"}],"wp:term":[{"taxonomy":"product_brand","embeddable":true,"href":"https:\/\/unika.sitointest.it\/de\/wp-json\/wp\/v2\/product_brand?post=9472"},{"taxonomy":"product_cat","embeddable":true,"href":"https:\/\/unika.sitointest.it\/de\/wp-json\/wp\/v2\/product_cat?post=9472"},{"taxonomy":"product_tag","embeddable":true,"href":"https:\/\/unika.sitointest.it\/de\/wp-json\/wp\/v2\/product_tag?post=9472"}],"curies":[{"name":"wp","href":"https:\/\/api.w.org\/{rel}","templated":true}]}}