{"id":9456,"date":"2022-11-09T11:46:58","date_gmt":"2022-11-09T11:46:58","guid":{"rendered":"https:\/\/lineaunika.jumpgroup.it\/shop\/unkategorisiert\/unika-garlic-powder\/"},"modified":"2023-06-20T12:22:40","modified_gmt":"2023-06-20T12:22:40","slug":"unika-garlic-powder","status":"publish","type":"product","link":"https:\/\/unika.sitointest.it\/de\/shop\/naehrstoffe-und-vitamine\/unika-garlic-powder\/","title":{"rendered":"Unika Garlic Powder"},"content":{"rendered":"<h4>Einzelfutter f\u00fcr Pferde<\/h4>\n<p>Unika Garlic Powder ist das Einzelfutter f\u00fcr Pferde in Pulver aus hochwertigem getrocknetem Knoblauch, das als ideale Pferdenahrung gilt.<\/p>\n<h4>Gebrauchsanweisung<\/h4>\n<p>50-60 g Unika Garlic Powder pro Tag zur t\u00e4glichen Ration geben.<\/p>\n<p><em>(Aufgrund der Spezifit\u00e4t jedes Organismus sollten neue Allein- und Erg\u00e4nzungsfutter zuerst getestet werden, indem man sie schrittweise in die Ern\u00e4hrung des Pferdes einf\u00fchrt).<\/em><\/p>\n<p><em><strong>Wir f\u00fchren eine Etiketten\u00fcberpr\u00fcfung durch. Wenn Sie das Etikett vor dem Verkauf erhalten m\u00f6chten, bitten wir Sie, uns eine E-Mail an die folgende Adresse zu senden: info@lineaunika.it . Wir entschuldigen uns f\u00fcr die vor\u00fcbergehenden Unannehmlichkeiten.<\/strong><\/em><\/p>\n","protected":false},"excerpt":{"rendered":"<p>\u2714\ufe0f Praktischer Messbecher in der Verpackung<br \/>\n\u2714\ufe0f Ideal im Fr\u00fchling und Sommer<br \/>\n\u2714\ufe0f F\u00fcr Pferde, die empfindlich auf Insektenstiche reagieren<br \/>\n\u2714\ufe0f Es unterst\u00fctzt das nat\u00fcrliche Wohlbefinden im Darm<\/p>\n","protected":false},"featured_media":21571,"template":"","meta":{"_acf_changed":false,"_joinchat":[]},"product_brand":[],"product_cat":[445],"product_tag":[565],"class_list":{"0":"post-9456","1":"product","2":"type-product","3":"status-publish","4":"has-post-thumbnail","6":"product_cat-naehrstoffe-und-vitamine","7":"product_tag-mantel-und-haut","9":"first","10":"instock","11":"taxable","12":"shipping-taxable","13":"purchasable","14":"product-type-variable"},"acf":[],"_links":{"self":[{"href":"https:\/\/unika.sitointest.it\/de\/wp-json\/wp\/v2\/product\/9456","targetHints":{"allow":["GET"]}}],"collection":[{"href":"https:\/\/unika.sitointest.it\/de\/wp-json\/wp\/v2\/product"}],"about":[{"href":"https:\/\/unika.sitointest.it\/de\/wp-json\/wp\/v2\/types\/product"}],"version-history":[{"count":3,"href":"https:\/\/unika.sitointest.it\/de\/wp-json\/wp\/v2\/product\/9456\/revisions"}],"predecessor-version":[{"id":15837,"href":"https:\/\/unika.sitointest.it\/de\/wp-json\/wp\/v2\/product\/9456\/revisions\/15837"}],"wp:featuredmedia":[{"embeddable":true,"href":"https:\/\/unika.sitointest.it\/de\/wp-json\/wp\/v2\/media\/21571"}],"wp:attachment":[{"href":"https:\/\/unika.sitointest.it\/de\/wp-json\/wp\/v2\/media?parent=9456"}],"wp:term":[{"taxonomy":"product_brand","embeddable":true,"href":"https:\/\/unika.sitointest.it\/de\/wp-json\/wp\/v2\/product_brand?post=9456"},{"taxonomy":"product_cat","embeddable":true,"href":"https:\/\/unika.sitointest.it\/de\/wp-json\/wp\/v2\/product_cat?post=9456"},{"taxonomy":"product_tag","embeddable":true,"href":"https:\/\/unika.sitointest.it\/de\/wp-json\/wp\/v2\/product_tag?post=9456"}],"curies":[{"name":"wp","href":"https:\/\/api.w.org\/{rel}","templated":true}]}}