{"id":9417,"date":"2022-11-09T11:26:26","date_gmt":"2022-11-09T11:26:26","guid":{"rendered":"https:\/\/lineaunika.jumpgroup.it\/shop\/unkategorisiert\/olio-vit\/"},"modified":"2026-02-16T18:09:13","modified_gmt":"2026-02-16T17:09:13","slug":"olio-vit","status":"publish","type":"product","link":"https:\/\/unika.sitointest.it\/de\/shop\/naehrstoffe-und-vitamine\/olio-vit\/","title":{"rendered":"Olio Vit"},"content":{"rendered":"<h4>Erg\u00e4nzungsfutter f\u00fcr Pferde<\/h4>\n<p>Olio Vit ist das fl\u00fcssige Erg\u00e4nzungsfutter aus pflanzlichen und tierischen \u00d6len, das mit Vitamin A, Vitamin D3 und Vitamin E erg\u00e4nzt wird. Das Geheimnis von Olio Vit liegt in der Qualit\u00e4t der ausgew\u00e4hlten \u00d6le.<\/p>\n<h4>Wann es zu verwenden ist<\/h4>\n<p>Olio Vit ist das ideale fl\u00fcssige Erg\u00e4nzungsfutter, um Pferde mit wichtigen Quellen von edlen Fetten und Vitaminen zu versorgen. Olio Vit eignet sich f\u00fcr:<\/p>\n<p>&#8211; die Erh\u00f6hung des Fettanteils in der t\u00e4glichen Pferdenahrung<br \/>\n&#8211; die Erh\u00f6hung der Vitaminmenge in der t\u00e4glichen Pferdenahrung<br \/>\n&#8211; d\u00fcnne Pferde, die Probleme mit der Gewichtszunahme haben<br \/>\n&#8211; die Rekonvaleszenz zur Gewichtszunahme<br \/>\n&#8211; den Winter, um den K\u00f6rperfettanteil des Pferdes zu erh\u00f6hen<br \/>\n&#8211; die Erzielung von sch\u00f6nerem Fell und Haar.<\/p>\n<h4>Eigenschaften der Bestandteile<\/h4>\n<p>Die Formulierung von Olio Vit sieht den Einsatz von Soja\u00f6l mit Lecithin mit dem Zusatz von Lebertran (Fisch\u00f6l) vor. Lecithinhaltiges Soja\u00f6l enth\u00e4lt wichtige Anteile an Lecithin, einer Fettsubstanz, die viele positive Auswirkungen auf den K\u00f6rper hat. Es ist eine Quelle von Kalziumphosphaten und Phosphotidylserin, einer sehr gehirnaktiven Substanz. Lebertran liefert eine bedeutende Menge an Omega-3-Fetts\u00e4uren, einschlie\u00dflich DHA und EPA.<\/p>\n<h4>Gebrauchsanweisung<\/h4>\n<p>50-100 ml Olio Vit pro Tag unter die Futterration mischen. In den ersten Tagen die geringere Menge verabreichen. 150 ml pro Tag nicht \u00fcberschreiten.<\/p>\n<p><em>(Aufgrund der Spezifit\u00e4t jedes Organismus sollten neue Allein- und Erg\u00e4nzungsfutter zuerst getestet werden, indem man sie schrittweise in die Ern\u00e4hrung des Pferdes einf\u00fchrt).<\/em><\/p>\n<p><em><strong>Wir f\u00fchren eine Etiketten\u00fcberpr\u00fcfung durch. Wenn Sie das Etikett vor dem Verkauf erhalten m\u00f6chten, bitten wir Sie, uns eine E-Mail an die folgende Adresse zu senden: info@lineaunika.it . Wir entschuldigen uns f\u00fcr die vor\u00fcbergehenden Unannehmlichkeiten.<\/strong><\/em><\/p>\n","protected":false},"excerpt":{"rendered":"<p>\u2714\ufe0f Basierend auf hochwertigen \u00d6len<br \/>\n\u2714\ufe0f Mit Vitaminen versetzt<br \/>\n\u2714\ufe0f N\u00fctzlich f\u00fcr schlanke, \u00e4ltere und rekonvaleszente Pferde<\/p>\n","protected":false},"featured_media":21385,"template":"","meta":{"_acf_changed":false,"_joinchat":[]},"product_brand":[],"product_cat":[445],"product_tag":[509,501,565],"class_list":{"0":"post-9417","1":"product","2":"type-product","3":"status-publish","4":"has-post-thumbnail","6":"product_cat-naehrstoffe-und-vitamine","7":"product_tag-alte-pferde","8":"product_tag-mageres-pferd","9":"product_tag-mantel-und-haut","11":"first","12":"instock","13":"taxable","14":"shipping-taxable","15":"purchasable","16":"product-type-variable"},"acf":[],"_links":{"self":[{"href":"https:\/\/unika.sitointest.it\/de\/wp-json\/wp\/v2\/product\/9417","targetHints":{"allow":["GET"]}}],"collection":[{"href":"https:\/\/unika.sitointest.it\/de\/wp-json\/wp\/v2\/product"}],"about":[{"href":"https:\/\/unika.sitointest.it\/de\/wp-json\/wp\/v2\/types\/product"}],"version-history":[{"count":3,"href":"https:\/\/unika.sitointest.it\/de\/wp-json\/wp\/v2\/product\/9417\/revisions"}],"predecessor-version":[{"id":15845,"href":"https:\/\/unika.sitointest.it\/de\/wp-json\/wp\/v2\/product\/9417\/revisions\/15845"}],"wp:featuredmedia":[{"embeddable":true,"href":"https:\/\/unika.sitointest.it\/de\/wp-json\/wp\/v2\/media\/21385"}],"wp:attachment":[{"href":"https:\/\/unika.sitointest.it\/de\/wp-json\/wp\/v2\/media?parent=9417"}],"wp:term":[{"taxonomy":"product_brand","embeddable":true,"href":"https:\/\/unika.sitointest.it\/de\/wp-json\/wp\/v2\/product_brand?post=9417"},{"taxonomy":"product_cat","embeddable":true,"href":"https:\/\/unika.sitointest.it\/de\/wp-json\/wp\/v2\/product_cat?post=9417"},{"taxonomy":"product_tag","embeddable":true,"href":"https:\/\/unika.sitointest.it\/de\/wp-json\/wp\/v2\/product_tag?post=9417"}],"curies":[{"name":"wp","href":"https:\/\/api.w.org\/{rel}","templated":true}]}}