{"id":9387,"date":"2022-11-09T11:09:16","date_gmt":"2022-11-09T11:09:16","guid":{"rendered":"https:\/\/lineaunika.jumpgroup.it\/shop\/unkategorisiert\/unika-sport\/"},"modified":"2023-06-16T12:53:25","modified_gmt":"2023-06-16T12:53:25","slug":"unika-sport","status":"publish","type":"product","link":"https:\/\/unika.sitointest.it\/de\/shop\/naehrstoffe-und-vitamine\/unika-sport\/","title":{"rendered":"Unika Sport"},"content":{"rendered":"<p>Unika Sport deckt den Energiebedarf von Pferden, die intensive Wettk\u00e4mpfe bestreiten. Der gute Proteingehalt und die edle Eiwei\u00dfquelle sorgen daf\u00fcr, dass das Leistungspferd seine Muskelmasse erh\u00e4lt und pflegt. Unika Sport erzeugt keine glyk\u00e4mischen Spitzen (verantwortlich f\u00fcr die Nervosit\u00e4t des Pferdes bei unausgewogener Ern\u00e4hrung) und heizt das Pferd nicht auf. Unika Sport wird mit wichtigen Vitaminen und Antioxidationsmitteln erg\u00e4nzt und unterst\u00fctzt die Muskulatur des Sportpferdes, um es fit und wettkampftauglich zu halten.<br \/>\nIdeal f\u00fcr Wettkampfpferde und Pferde, die intensive Wettkampfzyklen durchlaufen.<\/p>\n<h4>Wann es zu verwenden ist<\/h4>\n<p>Unika Sport ist das ideale Futter f\u00fcr:<\/p>\n<p>\u2013 Wettkampfpferde<br \/>\n\u2013 Pferde, die ein Futter mit hochverdaulichen Proteinen in ihrer Ern\u00e4hrung ben\u00f6tigen<br \/>\n\u2013 zuk\u00fcnftige Wettkampfpferde<br \/>\n\u2013 Pferde, die ein Futter mit niedrigem glyk\u00e4mischen Index ben\u00f6tigen<br \/>\n\u2013 Pferde, die keine Flocken vertragen<br \/>\n\u2013 Pferde, die keinen Mais vertragen<\/p>\n<h4>Eigenschaften der Bestandteile<\/h4>\n<p>Unika Sport ist dank seiner ausgewogenen Rezeptur in der Lage, das Pferd mit leicht verdaulichen und assimilierbaren Elementen zu versorgen. Bei der Auswahl unserer Lieferanten haben wir nach den besten Rohstoffen auf dem Markt gesucht und gew\u00e4hrleisten somit die Produktion von ausgewogenen, wirksamen und leistungsstarken Futtermitteln.<\/p>\n<h4>Gebrauchsanweisung<\/h4>\n<p>2,5 bis 5 kg Unika Sport pro Tag und Pferd verwenden. Die Futterrationen h\u00e4ngen von vielen Faktoren ab (Alter des Tieres, Umfang der sportlichen Aktivit\u00e4t, Rasse etc.). Bitte kontaktieren Sie uns, um N\u00e4heres \u00fcber die richtige Tagesration f\u00fcr Ihr Pferd zu erfahren.<\/p>\n<h4>Entdecken Sie alle Vorteile und das Versandmanagement unserer Futtermittel, klicken Sie auf diesen <a href=\"https:\/\/media.lineaunika.it\/unika\/uploads\/2023\/06\/UNIKA-FUTTERMITTEL-DE.pdf\">Link<\/a>!<\/h4>\n<p>&nbsp;<\/p>\n<p><em>(Aufgrund der Spezifit\u00e4t jedes Organismus sollten neue Allein- und Erg\u00e4nzungsfutter zuerst getestet werden, indem man sie schrittweise in die Ern\u00e4hrung des Pferdes einf\u00fchrt).<\/em><\/p>\n<p><em><strong>Wir f\u00fchren eine Etiketten\u00fcberpr\u00fcfung durch. Wenn Sie das Etikett vor dem Verkauf erhalten m\u00f6chten, bitten wir Sie, uns eine E-Mail an die folgende Adresse zu senden: info@lineaunika.it . Wir entschuldigen uns f\u00fcr die vor\u00fcbergehenden Unannehmlichkeiten.<\/strong><\/em><\/p>\n","protected":false},"excerpt":{"rendered":"<p>\u2714\ufe0f 4 mm Pellets zum einfachen Kauen<br \/>\n\u2714\ufe0f Auch f\u00fcr warme Pferde geeignet<br \/>\n\u2714\ufe0f Hoher Proteingehalt<\/p>\n","protected":false},"featured_media":21287,"template":"","meta":{"_acf_changed":false,"_joinchat":[]},"product_brand":[],"product_cat":[445],"product_tag":[465,469,611,855,485,599,477,461,473],"class_list":{"0":"post-9387","1":"product","2":"type-product","3":"status-publish","4":"has-post-thumbnail","6":"product_cat-naehrstoffe-und-vitamine","7":"product_tag-distanzreiten","8":"product_tag-dressurreiten","9":"product_tag-kein-mais-und-getreide","10":"product_tag-mangimi-de","11":"product_tag-muskeln","12":"product_tag-niedriger-glykaemischer-index","13":"product_tag-rennpferd","14":"product_tag-springreiten","15":"product_tag-westernreiten","16":"product_shipping_class-mangimi","18":"first","19":"instock","20":"taxable","21":"shipping-taxable","22":"purchasable","23":"product-type-variable"},"acf":[],"_links":{"self":[{"href":"https:\/\/unika.sitointest.it\/de\/wp-json\/wp\/v2\/product\/9387","targetHints":{"allow":["GET"]}}],"collection":[{"href":"https:\/\/unika.sitointest.it\/de\/wp-json\/wp\/v2\/product"}],"about":[{"href":"https:\/\/unika.sitointest.it\/de\/wp-json\/wp\/v2\/types\/product"}],"version-history":[{"count":2,"href":"https:\/\/unika.sitointest.it\/de\/wp-json\/wp\/v2\/product\/9387\/revisions"}],"predecessor-version":[{"id":15610,"href":"https:\/\/unika.sitointest.it\/de\/wp-json\/wp\/v2\/product\/9387\/revisions\/15610"}],"wp:featuredmedia":[{"embeddable":true,"href":"https:\/\/unika.sitointest.it\/de\/wp-json\/wp\/v2\/media\/21287"}],"wp:attachment":[{"href":"https:\/\/unika.sitointest.it\/de\/wp-json\/wp\/v2\/media?parent=9387"}],"wp:term":[{"taxonomy":"product_brand","embeddable":true,"href":"https:\/\/unika.sitointest.it\/de\/wp-json\/wp\/v2\/product_brand?post=9387"},{"taxonomy":"product_cat","embeddable":true,"href":"https:\/\/unika.sitointest.it\/de\/wp-json\/wp\/v2\/product_cat?post=9387"},{"taxonomy":"product_tag","embeddable":true,"href":"https:\/\/unika.sitointest.it\/de\/wp-json\/wp\/v2\/product_tag?post=9387"}],"curies":[{"name":"wp","href":"https:\/\/api.w.org\/{rel}","templated":true}]}}