{"id":9337,"date":"2022-11-08T15:16:37","date_gmt":"2022-11-08T14:16:37","guid":{"rendered":"https:\/\/lineaunika.jumpgroup.it\/shop\/unkategorisiert\/rice-force\/"},"modified":"2025-11-20T09:22:12","modified_gmt":"2025-11-20T08:22:12","slug":"rice-force","status":"publish","type":"product","link":"https:\/\/unika.sitointest.it\/de\/shop\/naehrstoffe-und-vitamine\/rice-force\/","title":{"rendered":"Rice Force"},"content":{"rendered":"<p>Rice Force ist das pelletf\u00f6rmige Erg\u00e4nzungsfutter f\u00fcr Pferde aus stabilisierter Reisspreu, das alle ern\u00e4hrungsphysiologischen Eigenschaften von Reisspreu nutzt, um dem Sportpferd eine einzigartige Energieunterst\u00fctzung zu bieten. Rice Force wurde als Protein- und Fettkern entwickelt, um die Ern\u00e4hrung des Pferdes zu korrigieren, indem seiner Grundnahrung zus\u00e4tzliche Proteine und Fette zugef\u00fchrt werden.<\/p>\n<h4>Wann es zu verwenden ist<\/h4>\n<p>Rice Force ist das ideale Erg\u00e4nzungsfutter f\u00fcr:<\/p>\n<p>\u2013 die Hinzuf\u00fcgung von Proteinen und Fetten zur Pferdenahrung<br \/>\n\u2013 die Nahrungsunterst\u00fctzung von Sportpferden<br \/>\n\u2013 den nat\u00fcrlichen Erhalt der Muskelmasse auch nach intensivem Training<br \/>\n\u2013 die Unterst\u00fctzung des intensiven Trainings von Distanzpferden<br \/>\n\u2013 die Verbesserung des Fellglanzes<br \/>\n\u2013 die Zuf\u00fchrung hochverdaulicher und assimilierbarer Edelfette<\/p>\n<h4>Eigenschaften der Bestandteile<\/h4>\n<p>Rice Force ist mit einem wertvollen Rohstoff formuliert: Reisspreu. Tats\u00e4chlich ist Reisspreu sehr reich an Fetten, Vitaminen der Gruppe B, Vitaminen der Gruppe E und die wichtigste feste Hauptquelle von Gamma-Oryzanol, die derzeit bekannt ist.<br \/>\nGamma-Oryzanol ist ein aus Reisspreu\u00f6l (oder Reiskleie) gewonnenes Pflanzensterin, dessen nat\u00fcrliche Eigenschaften sich auf den gesamten K\u00f6rper positiv auswirken.<\/p>\n<h4>Gebrauchsanweisung<\/h4>\n<p>Rice Force hat je nach Bedarf einen doppelten Verwendungszweck und kann als Alleinfutter und Erg\u00e4nzungsfutter eingesetzt werden.<\/p>\n<p>&#8211;\u00a0 Bei Verwendung als Erg\u00e4nzungsfutter: 800 g bis 2 kg pro Tag<\/p>\n<p>&#8211; Bei Verwendung als Alleinfutter: 2,5 kg bis 4 kg pro Tag<\/p>\n<p>Die Futterrationen h\u00e4ngen von vielen Faktoren ab (Alter des Tieres, Umfang der sportlichen Aktivit\u00e4t, Rasse etc.).<br \/>\nBitte kontaktieren Sie uns, um N\u00e4heres \u00fcber die richtige Tagesration f\u00fcr Ihr Pferd zu erfahren.<\/p>\n<h4>Entdecken Sie alle Vorteile und das Versandmanagement unserer Futtermittel, klicken Sie auf diesen <a href=\"https:\/\/media.lineaunika.it\/unika\/uploads\/2023\/06\/UNIKA-FUTTERMITTEL-DE.pdf\">Link<\/a>!<\/h4>\n<p>&nbsp;<\/p>\n<p><em>(Aufgrund der Spezifit\u00e4t jedes Organismus sollten neue Allein- und Erg\u00e4nzungsfutter zuerst getestet werden, indem man sie schrittweise in die Ern\u00e4hrung des Pferdes einf\u00fchrt).<\/em><\/p>\n<p><em><strong>Wir f\u00fchren eine Etiketten\u00fcberpr\u00fcfung durch. Wenn Sie das Etikett vor dem Verkauf erhalten m\u00f6chten, bitten wir Sie, uns eine E-Mail an die folgende Adresse zu senden: info@lineaunika.it . Wir entschuldigen uns f\u00fcr die vor\u00fcbergehenden Unannehmlichkeiten.<\/strong><\/em><\/p>\n","protected":false},"excerpt":{"rendered":"<p>\u2714\ufe0f 4mm Pellets zum einfachen Kauen<br \/>\n\u2714\ufe0f Reisspreu mit hohem Fett- und Proteingehalt<br \/>\n\u2714\ufe0f Ideal f\u00fcr Sportpferde und getreideintolerante Pferde<\/p>\n","protected":false},"featured_media":21307,"template":"","meta":{"_acf_changed":false,"_joinchat":[]},"product_brand":[],"product_cat":[445],"product_tag":[465,469,481,501,855,485,477,505,473],"class_list":{"0":"post-9337","1":"product","2":"type-product","3":"status-publish","4":"has-post-thumbnail","6":"product_cat-naehrstoffe-und-vitamine","7":"product_tag-distanzreiten","8":"product_tag-dressurreiten","9":"product_tag-energie-de","10":"product_tag-mageres-pferd","11":"product_tag-mangimi-de","12":"product_tag-muskeln","13":"product_tag-rennpferd","14":"product_tag-stuten-und-fohlen","15":"product_tag-westernreiten","16":"product_shipping_class-mangimi","18":"first","19":"instock","20":"taxable","21":"shipping-taxable","22":"purchasable","23":"product-type-variable"},"acf":[],"_links":{"self":[{"href":"https:\/\/unika.sitointest.it\/de\/wp-json\/wp\/v2\/product\/9337","targetHints":{"allow":["GET"]}}],"collection":[{"href":"https:\/\/unika.sitointest.it\/de\/wp-json\/wp\/v2\/product"}],"about":[{"href":"https:\/\/unika.sitointest.it\/de\/wp-json\/wp\/v2\/types\/product"}],"version-history":[{"count":3,"href":"https:\/\/unika.sitointest.it\/de\/wp-json\/wp\/v2\/product\/9337\/revisions"}],"predecessor-version":[{"id":15614,"href":"https:\/\/unika.sitointest.it\/de\/wp-json\/wp\/v2\/product\/9337\/revisions\/15614"}],"wp:featuredmedia":[{"embeddable":true,"href":"https:\/\/unika.sitointest.it\/de\/wp-json\/wp\/v2\/media\/21307"}],"wp:attachment":[{"href":"https:\/\/unika.sitointest.it\/de\/wp-json\/wp\/v2\/media?parent=9337"}],"wp:term":[{"taxonomy":"product_brand","embeddable":true,"href":"https:\/\/unika.sitointest.it\/de\/wp-json\/wp\/v2\/product_brand?post=9337"},{"taxonomy":"product_cat","embeddable":true,"href":"https:\/\/unika.sitointest.it\/de\/wp-json\/wp\/v2\/product_cat?post=9337"},{"taxonomy":"product_tag","embeddable":true,"href":"https:\/\/unika.sitointest.it\/de\/wp-json\/wp\/v2\/product_tag?post=9337"}],"curies":[{"name":"wp","href":"https:\/\/api.w.org\/{rel}","templated":true}]}}