{"id":9246,"date":"2022-11-08T14:30:42","date_gmt":"2022-11-08T13:30:42","guid":{"rendered":"https:\/\/lineaunika.jumpgroup.it\/shop\/unkategorisiert\/racing-feed\/"},"modified":"2023-06-16T13:11:31","modified_gmt":"2023-06-16T13:11:31","slug":"racing-feed","status":"publish","type":"product","link":"https:\/\/unika.sitointest.it\/de\/shop\/naehrstoffe-und-vitamine\/racing-feed\/","title":{"rendered":"Racing Feed"},"content":{"rendered":"<p>Racing Feed ist ein Proteinkern, der sich aus sehr edlen Proteinquellen zusammensetzt: ganze Sojasamen, Molkenprotein und essentielle Aminos\u00e4uren. Ein unverzichtbarer Kern f\u00fcr viele verschiedene Situationen und Ern\u00e4hrungsbed\u00fcrfnisse. Racing Feed ist der unverzichtbare Proteinkern in Ihrem Stall.<br \/>\nRacing Feed wird als Korrektor in der Pferdenahrung empfohlen, wenn Pferde nur mit Getreide gef\u00fcttert werden, da es zus\u00e4tzlich wichtige Mineralien, Spurenelemente und Vitamine liefert.<\/p>\n<h4>Wann es zu verwenden ist<\/h4>\n<p>Racing Feed ist der ideale Proteinkern f\u00fcr:<\/p>\n<p>\u2013 die zus\u00e4tzliche Proteinzufuhr zur Futterration<br \/>\n\u2013 Leistungspferde mit hohem Proteinbedarf<br \/>\n\u2013 Pferde, die hochwertige Proteine ben\u00f6tigen<br \/>\n\u2013 tr\u00e4chtige Stuten<br \/>\n\u2013 Fohlen in der Absetzphase<br \/>\n\u2013 Pferde, die nur mit Heu gef\u00fcttert werden, um wichtige Mineralien, Spurenelemente und Vitamine zu erg\u00e4nzen<br \/>\n\u2013 Pferde, die mit einzelnen Rohstoffen oder Getreidemischungen gef\u00fcttert werden<br \/>\n\u2013 \u00e4ltere Pferde, die zur Magerkeit neigen<br \/>\n\u2013 Sportpferde in der Erholungsphase<br \/>\n\u2013 Pferde, die damit k\u00e4mpfen, ihr korrektes K\u00f6rpergewicht beizubehalten<\/p>\n<h4>Eigenschaften der Bestandteile<\/h4>\n<p>Bei der Auswahl unserer Lieferanten haben wir nach den besten Rohstoffen auf dem Markt gesucht und gew\u00e4hrleisten somit die Produktion von ausgewogenen, wirksamen und leistungsstarken Futtermitteln.<\/p>\n<h4>Gebrauchsanweisung<\/h4>\n<p>500-800 g Racing Feed pro Tag bis zu einem Maximum von 1.200 g\/Tag bei s\u00e4ugenden Stuten verabreichen.<br \/>\nDie Futterrationen h\u00e4ngen von vielen Faktoren ab (Alter des Tieres, Umfang der sportlichen Aktivit\u00e4t, Rasse etc.).<br \/>\nBitte kontaktieren Sie uns, um N\u00e4heres \u00fcber die richtige Tagesration f\u00fcr Ihr Pferd zu erfahren.<\/p>\n<h4>Entdecken Sie alle Vorteile und das Versandmanagement unserer Futtermittel, klicken Sie auf diesen <a href=\"https:\/\/media.lineaunika.it\/unika\/uploads\/2023\/06\/UNIKA-FUTTERMITTEL-DE.pdf\">Link<\/a>!<\/h4>\n<p>&nbsp;<\/p>\n<p><em>(Aufgrund der Spezifit\u00e4t jedes Organismus sollten neue Allein- und Erg\u00e4nzungsfutter zuerst getestet werden, indem man sie schrittweise in die Ern\u00e4hrung des Pferdes einf\u00fchrt).<\/em><\/p>\n<p><em><strong>Wir f\u00fchren eine Etiketten\u00fcberpr\u00fcfung durch. Wenn Sie das Etikett vor dem Verkauf erhalten m\u00f6chten, bitten wir Sie, uns eine E-Mail an die folgende Adresse zu senden: info@lineaunika.it . Wir entschuldigen uns f\u00fcr die vor\u00fcbergehenden Unannehmlichkeiten.<\/strong><\/em><\/p>\n","protected":false},"excerpt":{"rendered":"<p>\u2714\ufe0f 4mm Pellets zum einfachen Kauen<br \/>\n\u2714\ufe0f Hoher Proteingehalt<br \/>\n\u2714\ufe0f Ideal f\u00fcr Sportpferde, \u00e4ltere Pferde, Fohlen und Stuten<\/p>\n","protected":false},"featured_media":21274,"template":"","meta":{"_acf_changed":false,"_joinchat":[]},"product_brand":[],"product_cat":[445],"product_tag":[509,465,469,481,611,501,855,485,461,505,473],"class_list":{"0":"post-9246","1":"product","2":"type-product","3":"status-publish","4":"has-post-thumbnail","6":"product_cat-naehrstoffe-und-vitamine","7":"product_tag-alte-pferde","8":"product_tag-distanzreiten","9":"product_tag-dressurreiten","10":"product_tag-energie-de","11":"product_tag-kein-mais-und-getreide","12":"product_tag-mageres-pferd","13":"product_tag-mangimi-de","14":"product_tag-muskeln","15":"product_tag-springreiten","16":"product_tag-stuten-und-fohlen","17":"product_tag-westernreiten","18":"product_shipping_class-mangimi","20":"first","21":"instock","22":"taxable","23":"shipping-taxable","24":"purchasable","25":"product-type-variable"},"acf":[],"_links":{"self":[{"href":"https:\/\/unika.sitointest.it\/de\/wp-json\/wp\/v2\/product\/9246","targetHints":{"allow":["GET"]}}],"collection":[{"href":"https:\/\/unika.sitointest.it\/de\/wp-json\/wp\/v2\/product"}],"about":[{"href":"https:\/\/unika.sitointest.it\/de\/wp-json\/wp\/v2\/types\/product"}],"version-history":[{"count":3,"href":"https:\/\/unika.sitointest.it\/de\/wp-json\/wp\/v2\/product\/9246\/revisions"}],"predecessor-version":[{"id":15619,"href":"https:\/\/unika.sitointest.it\/de\/wp-json\/wp\/v2\/product\/9246\/revisions\/15619"}],"wp:featuredmedia":[{"embeddable":true,"href":"https:\/\/unika.sitointest.it\/de\/wp-json\/wp\/v2\/media\/21274"}],"wp:attachment":[{"href":"https:\/\/unika.sitointest.it\/de\/wp-json\/wp\/v2\/media?parent=9246"}],"wp:term":[{"taxonomy":"product_brand","embeddable":true,"href":"https:\/\/unika.sitointest.it\/de\/wp-json\/wp\/v2\/product_brand?post=9246"},{"taxonomy":"product_cat","embeddable":true,"href":"https:\/\/unika.sitointest.it\/de\/wp-json\/wp\/v2\/product_cat?post=9246"},{"taxonomy":"product_tag","embeddable":true,"href":"https:\/\/unika.sitointest.it\/de\/wp-json\/wp\/v2\/product_tag?post=9246"}],"curies":[{"name":"wp","href":"https:\/\/api.w.org\/{rel}","templated":true}]}}