{"id":8511,"date":"2022-11-02T15:53:43","date_gmt":"2022-11-02T14:53:43","guid":{"rendered":"https:\/\/lineaunika.jumpgroup.it\/shop\/unkategorisiert\/noder\/"},"modified":"2026-02-16T18:09:10","modified_gmt":"2026-02-16T17:09:10","slug":"noder","status":"publish","type":"product","link":"https:\/\/unika.sitointest.it\/de\/shop\/naehrstoffe-und-vitamine\/noder\/","title":{"rendered":"Noder"},"content":{"rendered":"<h4>Erg\u00e4nzungsfutter f\u00fcr Pferde<\/h4>\n<p>Noder ist das Erg\u00e4nzungsfutter zur Unterst\u00fctzung der physiologischen Bedingungen der Pferdehaut im Fr\u00fchjahr und Sommer.<\/p>\n<h4>Wann es zu verwenden ist<\/h4>\n<p>Das Erg\u00e4nzungsfutter Noder eignet sich f\u00fcr:<\/p>\n<p>&#8211; Pferde, die extrem empfindlich auf culicoides reagieren<br \/>\n&#8211; Pferde, die sich im Fr\u00fchjahr und Sommer kratzen und deren Fell, Haare und Haut sich abl\u00f6st<\/p>\n<h4>Gebrauchsanweisung<\/h4>\n<p>100 g Noder pro Tag unter die Futterration mischen. Bei Bedarf die Menge auf 200 g pro Tag f\u00fcr einen Zeitraum von mindestens 10-15 Tagen erh\u00f6hen. Anschlie\u00dfend kann zur Grundmenge zur\u00fcckgekehrt werden. Von M\u00e4rz bis September empfehlenswert.<\/p>\n<p><strong>Messl\u00f6ffel:<\/strong><\/p>\n<p>\u2013 geh\u00e4uft: : 200 g<\/p>\n<p><em>(Aufgrund der Spezifit\u00e4t jedes Organismus sollten neue Allein- und Erg\u00e4nzungsfutter zuerst getestet werden, indem man sie schrittweise in die Ern\u00e4hrung des Pferdes einf\u00fchrt).<\/em><\/p>\n<p><em><strong>Wir f\u00fchren eine Etiketten\u00fcberpr\u00fcfung durch. Wenn Sie das Etikett vor dem Verkauf erhalten m\u00f6chten, bitten wir Sie, uns eine E-Mail an die folgende Adresse zu senden: info@lineaunika.it . Wir entschuldigen uns f\u00fcr die vor\u00fcbergehenden Unannehmlichkeiten.<\/strong><\/em><\/p>\n","protected":false},"excerpt":{"rendered":"<p>\u2714\ufe0f Praktischer Messbecher in der Verpackung<br \/>\n\u2714\ufe0f F\u00fcr Pferde, die empfindlich auf Insektenstiche (Culicoides) reagieren<\/p>\n","protected":false},"featured_media":25643,"template":"","meta":{"_acf_changed":false,"_joinchat":[]},"product_brand":[],"product_cat":[445],"product_tag":[571,575,565,549],"class_list":{"0":"post-8511","1":"product","2":"type-product","3":"status-publish","4":"has-post-thumbnail","6":"product_cat-naehrstoffe-und-vitamine","7":"product_tag-dermatitis-de","8":"product_tag-insekten","9":"product_tag-mantel-und-haut","10":"product_tag-sommer","12":"first","13":"instock","14":"taxable","15":"shipping-taxable","16":"purchasable","17":"product-type-variable"},"acf":[],"_links":{"self":[{"href":"https:\/\/unika.sitointest.it\/de\/wp-json\/wp\/v2\/product\/8511","targetHints":{"allow":["GET"]}}],"collection":[{"href":"https:\/\/unika.sitointest.it\/de\/wp-json\/wp\/v2\/product"}],"about":[{"href":"https:\/\/unika.sitointest.it\/de\/wp-json\/wp\/v2\/types\/product"}],"version-history":[{"count":4,"href":"https:\/\/unika.sitointest.it\/de\/wp-json\/wp\/v2\/product\/8511\/revisions"}],"predecessor-version":[{"id":15850,"href":"https:\/\/unika.sitointest.it\/de\/wp-json\/wp\/v2\/product\/8511\/revisions\/15850"}],"wp:featuredmedia":[{"embeddable":true,"href":"https:\/\/unika.sitointest.it\/de\/wp-json\/wp\/v2\/media\/25643"}],"wp:attachment":[{"href":"https:\/\/unika.sitointest.it\/de\/wp-json\/wp\/v2\/media?parent=8511"}],"wp:term":[{"taxonomy":"product_brand","embeddable":true,"href":"https:\/\/unika.sitointest.it\/de\/wp-json\/wp\/v2\/product_brand?post=8511"},{"taxonomy":"product_cat","embeddable":true,"href":"https:\/\/unika.sitointest.it\/de\/wp-json\/wp\/v2\/product_cat?post=8511"},{"taxonomy":"product_tag","embeddable":true,"href":"https:\/\/unika.sitointest.it\/de\/wp-json\/wp\/v2\/product_tag?post=8511"}],"curies":[{"name":"wp","href":"https:\/\/api.w.org\/{rel}","templated":true}]}}