{"id":8486,"date":"2022-11-02T15:36:35","date_gmt":"2022-11-02T14:36:35","guid":{"rendered":"https:\/\/lineaunika.jumpgroup.it\/shop\/unkategorisiert\/phytal-dren\/"},"modified":"2023-06-20T12:33:41","modified_gmt":"2023-06-20T12:33:41","slug":"phytal-dren","status":"publish","type":"product","link":"https:\/\/unika.sitointest.it\/de\/shop\/naehrstoffe-und-vitamine\/phytal-dren\/","title":{"rendered":"Phytal Dren"},"content":{"rendered":"<h4>Erg\u00e4nzungsfuttermittel f\u00fcr Pferde<\/h4>\n<p>Phytal Dren ist das fl\u00fcssige Erg\u00e4nzungsfutter aus Pflanzenextrakten, die sich auf die Fl\u00fcssigkeitsausscheidung auswirken.<\/p>\n<h4>Eigenschaften der Bestandteile<\/h4>\n<p>Klette und Artischocke sind zwei wichtige Bestandteile von Phytal Dren.<br \/>\nDie Klette wird als direktes Diuretikum eingestuft, d. h. es sind Substanzen, die auf die Aktivit\u00e4t der Nierenzellen einwirken oder die Blutversorgung der Niere verbessern und dadurch den Stoffwechsel der Niere erh\u00f6hen. Au\u00dferdem \u00fcbt die Klette eine hepatorenale Wirkung aus, welche die Produktion der Galle anregt. Dies wirkt, kombiniert mit der harntreibenden Wirkung, entschlackend (92;93). Die Artischocke (Cynara scolymus), ein in Italien sehr beliebtes Gem\u00fcse, wird wegen ihrer positiven Wirkung auf die Leber gesch\u00e4tzt, da sie die Verdauung verbessert, das Blut reinigt und Wassereinlagerungen bek\u00e4mpft (88).<\/p>\n<h4>Gebrauchsanweisung<\/h4>\n<p>5-6 cl (= 50-60 ml) Phytal Dren pro Tag unter die Futterration mischen und \u00fcber einen Zeitraum von 20-25 Tagen in Folge verabreichen. Die Tagesmenge mit dem Messbecher abmessen.<\/p>\n<p><em>(Aufgrund der Spezifit\u00e4t jedes Organismus sollten neue Allein- und Erg\u00e4nzungsfutter zuerst getestet werden, indem man sie schrittweise in die Ern\u00e4hrung des Pferdes einf\u00fchrt).<\/em><\/p>\n<p><em><strong>Wir f\u00fchren eine Etiketten\u00fcberpr\u00fcfung durch. Wenn Sie das Etikett vor dem Verkauf erhalten m\u00f6chten, bitten wir Sie, uns eine E-Mail an die folgende Adresse zu senden: info@lineaunika.it . Wir entschuldigen uns f\u00fcr die vor\u00fcbergehenden Unannehmlichkeiten.<\/strong><\/em><\/p>\n","protected":false},"excerpt":{"rendered":"<p>\u2714\ufe0f Flasche mit integriertem Spender<br \/>\n\u2714\ufe0f Fl\u00fcssiges Produkt f\u00fcr Pferde, die kein Pulver fressen<br \/>\n\u2714\ufe0f Mit Artischockenextrakt, zur Unterst\u00fctzung des nat\u00fcrlichen Abflusses von Fl\u00fcssigkeiten<\/p>\n","protected":false},"featured_media":21393,"template":"","meta":{"_acf_changed":false,"_joinchat":[]},"product_brand":[],"product_cat":[445],"product_tag":[561,619,557],"class_list":{"0":"post-8486","1":"product","2":"type-product","3":"status-publish","4":"has-post-thumbnail","6":"product_cat-naehrstoffe-und-vitamine","7":"product_tag-krankenhausaufenthalt-und-postinterventionen","8":"product_tag-leber-und-nieren","9":"product_tag-reinigungsmittel","11":"first","12":"instock","13":"taxable","14":"shipping-taxable","15":"purchasable","16":"product-type-simple"},"acf":[],"_links":{"self":[{"href":"https:\/\/unika.sitointest.it\/de\/wp-json\/wp\/v2\/product\/8486","targetHints":{"allow":["GET"]}}],"collection":[{"href":"https:\/\/unika.sitointest.it\/de\/wp-json\/wp\/v2\/product"}],"about":[{"href":"https:\/\/unika.sitointest.it\/de\/wp-json\/wp\/v2\/types\/product"}],"version-history":[{"count":3,"href":"https:\/\/unika.sitointest.it\/de\/wp-json\/wp\/v2\/product\/8486\/revisions"}],"predecessor-version":[{"id":15854,"href":"https:\/\/unika.sitointest.it\/de\/wp-json\/wp\/v2\/product\/8486\/revisions\/15854"}],"wp:featuredmedia":[{"embeddable":true,"href":"https:\/\/unika.sitointest.it\/de\/wp-json\/wp\/v2\/media\/21393"}],"wp:attachment":[{"href":"https:\/\/unika.sitointest.it\/de\/wp-json\/wp\/v2\/media?parent=8486"}],"wp:term":[{"taxonomy":"product_brand","embeddable":true,"href":"https:\/\/unika.sitointest.it\/de\/wp-json\/wp\/v2\/product_brand?post=8486"},{"taxonomy":"product_cat","embeddable":true,"href":"https:\/\/unika.sitointest.it\/de\/wp-json\/wp\/v2\/product_cat?post=8486"},{"taxonomy":"product_tag","embeddable":true,"href":"https:\/\/unika.sitointest.it\/de\/wp-json\/wp\/v2\/product_tag?post=8486"}],"curies":[{"name":"wp","href":"https:\/\/api.w.org\/{rel}","templated":true}]}}