{"id":8471,"date":"2022-11-02T15:21:30","date_gmt":"2022-11-02T14:21:30","guid":{"rendered":"https:\/\/lineaunika.jumpgroup.it\/shop\/unkategorisiert\/hepa-horse\/"},"modified":"2025-06-03T15:22:51","modified_gmt":"2025-06-03T14:22:51","slug":"hepa-horse","status":"publish","type":"product","link":"https:\/\/unika.sitointest.it\/de\/shop\/naehrstoffe-und-vitamine\/hepa-horse\/","title":{"rendered":"Hepa-Horse"},"content":{"rendered":"<h4>Erg\u00e4nzungsfutter f\u00fcr Pferde<\/h4>\n<p>Hepa-Horse ist das Erg\u00e4nzungsfutter, das der Ern\u00e4hrung des Pferdes die ber\u00fchmte Mariendistel (Silybum marianum) zuf\u00fchrt. Hepa-Horse ist das Erg\u00e4nzungsfutter, das die normalen physiologischen Bedingungen der Pferdeleber unterst\u00fctzt.<\/p>\n<h4>Wann es zu verwenden ist<\/h4>\n<p>Das Erg\u00e4nzungsfutter Hepa-Horse eignet sich f\u00fcr:<\/p>\n<p>&#8211; Pferde, die pharmakologisch behandelt werden<br \/>\n&#8211; im Anschluss an einen Pflegeaufenthalt<br \/>\n&#8211; Pferde, die einer sehr intensiven sportlichen Bet\u00e4tigung ausgesetzt waren<br \/>\n&#8211; Pferde, die unsachgem\u00e4\u00df gelagertes und\/oder kontaminiertes Futter erhalten haben<\/p>\n<h4>Gebrauchsanweisung<\/h4>\n<p>30-60 g Hepa-Horse pro Tag unter die Futterration mischen und \u00fcber einen Zeitraum von mindestens 25-30 Tagen in Folge verabreichen.<\/p>\n<p><strong>Messl\u00f6ffel:<\/strong><\/p>\n<p>\u2013 voll: 22 g<br \/>\n\u2013 geh\u00e4uft: 27 g<\/p>\n<p>Nettogewicht: 1kg<\/p>\n<p><em>(Aufgrund der Spezifit\u00e4t jedes Organismus sollten neue Allein- und Erg\u00e4nzungsfutter zuerst getestet werden, indem man sie schrittweise in die Ern\u00e4hrung des Pferdes einf\u00fchrt).<\/em><\/p>\n<p><em><strong>Wir f\u00fchren eine Etiketten\u00fcberpr\u00fcfung durch. Wenn Sie das Etikett vor dem Verkauf erhalten m\u00f6chten, bitten wir Sie, uns eine E-Mail an die folgende Adresse zu senden: info@lineaunika.it . Wir entschuldigen uns f\u00fcr die vor\u00fcbergehenden Unannehmlichkeiten.<\/strong><\/em><\/p>\n","protected":false},"excerpt":{"rendered":"<p>\u2714\ufe0f Mit Mariendistel, f\u00fcr das nat\u00fcrliche Wohlbefinden der Leber<br \/>\n\u2714\ufe0f Praktischer Messbecher in der Verpackung<br \/>\n\u2714\ufe0f Ideal nach pharmakologischen Behandlungen und Krankenhausaufenthalten<\/p>\n","protected":false},"featured_media":21477,"template":"","meta":{"_acf_changed":false,"_joinchat":[]},"product_brand":[],"product_cat":[445],"product_tag":[561,619,557],"class_list":{"0":"post-8471","1":"product","2":"type-product","3":"status-publish","4":"has-post-thumbnail","6":"product_cat-naehrstoffe-und-vitamine","7":"product_tag-krankenhausaufenthalt-und-postinterventionen","8":"product_tag-leber-und-nieren","9":"product_tag-reinigungsmittel","11":"first","12":"outofstock","13":"taxable","14":"shipping-taxable","15":"purchasable","16":"product-type-simple"},"acf":[],"_links":{"self":[{"href":"https:\/\/unika.sitointest.it\/de\/wp-json\/wp\/v2\/product\/8471","targetHints":{"allow":["GET"]}}],"collection":[{"href":"https:\/\/unika.sitointest.it\/de\/wp-json\/wp\/v2\/product"}],"about":[{"href":"https:\/\/unika.sitointest.it\/de\/wp-json\/wp\/v2\/types\/product"}],"version-history":[{"count":3,"href":"https:\/\/unika.sitointest.it\/de\/wp-json\/wp\/v2\/product\/8471\/revisions"}],"predecessor-version":[{"id":27828,"href":"https:\/\/unika.sitointest.it\/de\/wp-json\/wp\/v2\/product\/8471\/revisions\/27828"}],"wp:featuredmedia":[{"embeddable":true,"href":"https:\/\/unika.sitointest.it\/de\/wp-json\/wp\/v2\/media\/21477"}],"wp:attachment":[{"href":"https:\/\/unika.sitointest.it\/de\/wp-json\/wp\/v2\/media?parent=8471"}],"wp:term":[{"taxonomy":"product_brand","embeddable":true,"href":"https:\/\/unika.sitointest.it\/de\/wp-json\/wp\/v2\/product_brand?post=8471"},{"taxonomy":"product_cat","embeddable":true,"href":"https:\/\/unika.sitointest.it\/de\/wp-json\/wp\/v2\/product_cat?post=8471"},{"taxonomy":"product_tag","embeddable":true,"href":"https:\/\/unika.sitointest.it\/de\/wp-json\/wp\/v2\/product_tag?post=8471"}],"curies":[{"name":"wp","href":"https:\/\/api.w.org\/{rel}","templated":true}]}}