{"id":8455,"date":"2022-11-02T15:12:11","date_gmt":"2022-11-02T14:12:11","guid":{"rendered":"https:\/\/lineaunika.jumpgroup.it\/shop\/unkategorisiert\/beta-e-muscle\/"},"modified":"2026-02-16T18:08:35","modified_gmt":"2026-02-16T17:08:35","slug":"beta-e-muscle","status":"publish","type":"product","link":"https:\/\/unika.sitointest.it\/de\/shop\/naehrstoffe-und-vitamine\/beta-e-muscle\/","title":{"rendered":"Beta-E Muscle"},"content":{"rendered":"<h4>Erg\u00e4nzungsfutter f\u00fcr Pferde f\u00fcr besondere Ern\u00e4hrungszwecke \u2013 Unterst\u00fctzung bei der Vorbereitung auf sportliche Aktivit\u00e4ten und der anschlie\u00dfenden Erholung.<\/h4>\n<p>Beta-E Muscle ist das Erg\u00e4nzungsfutter f\u00fcr Pferde zum Schutz der physiologischen Muskelbedingungen. Beta-E Muscle ist ein Erg\u00e4nzungsfutter, das der Ern\u00e4hrung des Pferdes Vitamin E, Vitamin C, Selen in organischer Form, Kurkuma und Betain zuf\u00fchrt.<\/p>\n<h4>Wann es zu verwenden ist<\/h4>\n<p>&#8211; Beta-E Muscle kann zur Unterst\u00fctzung der Muskelgesundheit von Wettkampfpferden verwendet werden, deren Muskeln immer in perfekter Form, flexibel, geschmeidig und agil sein m\u00fcssen.<br \/>\n&#8211; Beta-E Muscle kann vor einer wichtigen Wettkampfperiode, als Vorbereitung, aber auch an Turniertagen verwendet werden.<\/p>\n<h4>Empfohlene Einsatzdauer<\/h4>\n<p>40-80 g Beta-E Muscle pro Tag unter die t\u00e4gliche Ration mischen. Beta-E Muscle ab acht Wochen vor der sportlichen T\u00e4tigkeit und bis zu vier Wochen danach verwenden. Ein Einsatz empfiehlt sich auch w\u00e4hrend der Turniertage.<\/p>\n<p><em>(Aufgrund der Spezifit\u00e4t jedes Organismus sollten neue Allein- und Erg\u00e4nzungsfutter zuerst getestet werden, indem man sie schrittweise in die Ern\u00e4hrung des Pferdes einf\u00fchrt).<\/em><\/p>\n<p><em><strong>Wir f\u00fchren eine Etiketten\u00fcberpr\u00fcfung durch. Wenn Sie das Etikett vor dem Verkauf erhalten m\u00f6chten, bitten wir Sie, uns eine E-Mail an die folgende Adresse zu senden: info@lineaunika.it . Wir entschuldigen uns f\u00fcr die vor\u00fcbergehenden Unannehmlichkeiten.<\/strong><\/em><\/p>\n","protected":false},"excerpt":{"rendered":"<p>\u2714\ufe0f Mit einem hohen Anteil an Vitamin E und Selen im Vergleich zu den Hauptkonkurrenten<br \/>\n\u2714\ufe0f Praktischer Messbecher in der Verpackung<br \/>\n\u2714\ufe0f Ideal zur Unterst\u00fctzung der Vorbereitung auf sportliche Aktivit\u00e4ten und der anschlie\u00dfenden Erholung<\/p>\n","protected":false},"featured_media":20971,"template":"","meta":{"_acf_changed":false,"_joinchat":[]},"product_brand":[],"product_cat":[445],"product_tag":[465,469,497,485,557,461,541],"class_list":{"0":"post-8455","1":"product","2":"type-product","3":"status-publish","4":"has-post-thumbnail","6":"product_cat-naehrstoffe-und-vitamine","7":"product_tag-distanzreiten","8":"product_tag-dressurreiten","9":"product_tag-milchsaeure","10":"product_tag-muskeln","11":"product_tag-reinigungsmittel","12":"product_tag-springreiten","13":"product_tag-vitamin-c-de","15":"first","16":"instock","17":"taxable","18":"shipping-taxable","19":"purchasable","20":"product-type-variable"},"acf":[],"_links":{"self":[{"href":"https:\/\/unika.sitointest.it\/de\/wp-json\/wp\/v2\/product\/8455","targetHints":{"allow":["GET"]}}],"collection":[{"href":"https:\/\/unika.sitointest.it\/de\/wp-json\/wp\/v2\/product"}],"about":[{"href":"https:\/\/unika.sitointest.it\/de\/wp-json\/wp\/v2\/types\/product"}],"version-history":[{"count":3,"href":"https:\/\/unika.sitointest.it\/de\/wp-json\/wp\/v2\/product\/8455\/revisions"}],"predecessor-version":[{"id":15862,"href":"https:\/\/unika.sitointest.it\/de\/wp-json\/wp\/v2\/product\/8455\/revisions\/15862"}],"wp:featuredmedia":[{"embeddable":true,"href":"https:\/\/unika.sitointest.it\/de\/wp-json\/wp\/v2\/media\/20971"}],"wp:attachment":[{"href":"https:\/\/unika.sitointest.it\/de\/wp-json\/wp\/v2\/media?parent=8455"}],"wp:term":[{"taxonomy":"product_brand","embeddable":true,"href":"https:\/\/unika.sitointest.it\/de\/wp-json\/wp\/v2\/product_brand?post=8455"},{"taxonomy":"product_cat","embeddable":true,"href":"https:\/\/unika.sitointest.it\/de\/wp-json\/wp\/v2\/product_cat?post=8455"},{"taxonomy":"product_tag","embeddable":true,"href":"https:\/\/unika.sitointest.it\/de\/wp-json\/wp\/v2\/product_tag?post=8455"}],"curies":[{"name":"wp","href":"https:\/\/api.w.org\/{rel}","templated":true}]}}