{"id":8398,"date":"2022-11-02T14:42:42","date_gmt":"2022-11-02T13:42:42","guid":{"rendered":"https:\/\/lineaunika.jumpgroup.it\/shop\/unkategorisiert\/im-unika-67\/"},"modified":"2025-06-03T15:22:55","modified_gmt":"2025-06-03T14:22:55","slug":"im-unika-67","status":"publish","type":"product","link":"https:\/\/unika.sitointest.it\/de\/shop\/naehrstoffe-und-vitamine\/im-unika-67\/","title":{"rendered":"Im-Unika 67"},"content":{"rendered":"<h4>Erg\u00e4nzungsfutter f\u00fcr Pferde<\/h4>\n<p>IM-UNIKA 67 ist das Erg\u00e4nzungsfutter, das der Ern\u00e4hrung des Pferdes wichtige Mengen an Vitamin C zuf\u00fchrt. IM-UNIKA 67 f\u00fcgt seiner Formulierung auch Echinacea purpurea und sibirischen Ginseng (Eleutherococcus senticosus) hinzu.<\/p>\n<h4>Wann es zu verwenden ist<\/h4>\n<p>Das Erg\u00e4nzungsfutter IM-UNIKA 67 eignet sich f\u00fcr:<\/p>\n<p>&#8211; Pferde, die oft bef\u00f6rdert werden (besonders bei langen Fahrten mit mehreren Stopps in verschiedenen St\u00e4llen)<br \/>\n&#8211; bei Jahreszeitwechsel<br \/>\n&#8211; Pferde, die gepflegt werden mussten und den Pflegeaufenthalt hinter sich haben<br \/>\n&#8211; Pferde, denen Vitamin-C-Quellen in das Futter verabreicht werden m\u00fcssen<\/p>\n<h4>Gebrauchsanweisung<\/h4>\n<p>25-50 g IM-UNIKA 67 pro Tag unter die t\u00e4gliche Ration mischen. Der empfohlene Zeitraum betr\u00e4gt 30-40 Tage in Folge.<\/p>\n<p>Nettogewicht: 2kg<\/p>\n<p><em>(Aufgrund der Spezifit\u00e4t jedes Organismus sollten neue Allein- und Erg\u00e4nzungsfutter zuerst getestet werden, indem man sie schrittweise in die Ern\u00e4hrung des Pferdes einf\u00fchrt).<\/em><\/p>\n<p><em><strong>Wir f\u00fchren eine Etiketten\u00fcberpr\u00fcfung durch. Wenn Sie das Etikett vor dem Verkauf erhalten m\u00f6chten, bitten wir Sie, uns eine E-Mail an die folgende Adresse zu senden: info@lineaunika.it . Wir entschuldigen uns f\u00fcr die vor\u00fcbergehenden Unannehmlichkeiten.<\/strong><\/em><\/p>\n","protected":false},"excerpt":{"rendered":"<p>\u2714\ufe0f Ideal zur Unterst\u00fctzung der nat\u00fcrlichen Immunabwehr des Pferdes<br \/>\n\u2714\ufe0fReich an Vitamin C<br \/>\n\u2714\ufe0f Praktischer Messbecher in der Verpackung<\/p>\n","protected":false},"featured_media":21481,"template":"","meta":{"_acf_changed":false,"_joinchat":[]},"product_brand":[],"product_cat":[445],"product_tag":[545,501,553,537,541,533],"class_list":{"0":"post-8398","1":"product","2":"type-product","3":"status-publish","4":"has-post-thumbnail","6":"product_cat-naehrstoffe-und-vitamine","7":"product_tag-immunsystem","8":"product_tag-mageres-pferd","9":"product_tag-reisen","10":"product_tag-saisonwechsel","11":"product_tag-vitamin-c-de","12":"product_tag-vitamine-und-elektrolyte","14":"first","15":"outofstock","16":"taxable","17":"shipping-taxable","18":"purchasable","19":"product-type-simple"},"acf":[],"_links":{"self":[{"href":"https:\/\/unika.sitointest.it\/de\/wp-json\/wp\/v2\/product\/8398","targetHints":{"allow":["GET"]}}],"collection":[{"href":"https:\/\/unika.sitointest.it\/de\/wp-json\/wp\/v2\/product"}],"about":[{"href":"https:\/\/unika.sitointest.it\/de\/wp-json\/wp\/v2\/types\/product"}],"version-history":[{"count":4,"href":"https:\/\/unika.sitointest.it\/de\/wp-json\/wp\/v2\/product\/8398\/revisions"}],"predecessor-version":[{"id":27829,"href":"https:\/\/unika.sitointest.it\/de\/wp-json\/wp\/v2\/product\/8398\/revisions\/27829"}],"wp:featuredmedia":[{"embeddable":true,"href":"https:\/\/unika.sitointest.it\/de\/wp-json\/wp\/v2\/media\/21481"}],"wp:attachment":[{"href":"https:\/\/unika.sitointest.it\/de\/wp-json\/wp\/v2\/media?parent=8398"}],"wp:term":[{"taxonomy":"product_brand","embeddable":true,"href":"https:\/\/unika.sitointest.it\/de\/wp-json\/wp\/v2\/product_brand?post=8398"},{"taxonomy":"product_cat","embeddable":true,"href":"https:\/\/unika.sitointest.it\/de\/wp-json\/wp\/v2\/product_cat?post=8398"},{"taxonomy":"product_tag","embeddable":true,"href":"https:\/\/unika.sitointest.it\/de\/wp-json\/wp\/v2\/product_tag?post=8398"}],"curies":[{"name":"wp","href":"https:\/\/api.w.org\/{rel}","templated":true}]}}