{"id":8382,"date":"2022-11-02T14:32:24","date_gmt":"2022-11-02T13:32:24","guid":{"rendered":"https:\/\/lineaunika.jumpgroup.it\/shop\/unkategorisiert\/endurance-electrolyte\/"},"modified":"2024-07-06T00:00:16","modified_gmt":"2024-07-06T00:00:16","slug":"endurance-electrolyte","status":"publish","type":"product","link":"https:\/\/unika.sitointest.it\/de\/shop\/naehrstoffe-und-vitamine\/endurance-electrolyte\/","title":{"rendered":"Endurance Electrolyte"},"content":{"rendered":"<h4>Mineralerg\u00e4nzungsfutter f\u00fcr Pferde<\/h4>\n<p>Endurance Electrolytes ist das ideale Erg\u00e4nzungsfutter, um die Ern\u00e4hrung des Distanzpferdes mit Elektrolytsalzen zu erg\u00e4nzen.<\/p>\n<h4>Wann es zu verwenden ist<\/h4>\n<p>Da beim Pferd der Schwei\u00df hyperton ist, d. h. die Salzkonzentration viel h\u00f6her als im Blut ist, f\u00fchrt starkes Schwitzen zu massivem Verlust von Natrium, Kalium, Chlor, Magnesium und Kalzium, die daher sehr schnell wiederhergestellt werden m\u00fcssen, um M\u00fcdigkeit und Muskelkr\u00e4mpfe zu vermeiden.<\/p>\n<p>Endurance Electrolytes ist n\u00fctzlich:<\/p>\n<p>&#8211; f\u00fcr Distanzpferde zur Reintegration verlorener Salze<br \/>\n&#8211; in der Sommerzeit, um der Pferdeern\u00e4hrung Elektrolytsalze zuzuf\u00fchren<br \/>\n&#8211; bei intensiver Beanspruchung zum Ausgleich der beim Schwitzen verlorenen Salze<\/p>\n<h4>Gebrauchsanweisung<\/h4>\n<p>60 g Endurance Electrolyte pro Tag unter die t\u00e4gliche Ration mischen. Bei l\u00e4ngerer Beanspruchung und\/oder sportlichen Aktivit\u00e4ten, insbesondere bei hei\u00dfem Wetter, die Menge auf 90 g pro Tag erh\u00f6hen. Bei Wettk\u00e4mpfen sind bis zu 150 g Endurance Electrolyte pro Tag m\u00f6glich. Endurance Electrolyte 2-3 Tage vor dem Wettkampf und am Wettkampftag verwenden.<\/p>\n<p><strong>Messl\u00f6ffel:<\/strong><\/p>\n<p>voll: 37 g<br \/>\ngeh\u00e4uft: 42 g<\/p>\n<p><em>(Aufgrund der Spezifit\u00e4t jedes Organismus sollten neue Allein- und Erg\u00e4nzungsfutter zuerst getestet werden, indem man sie schrittweise in die Ern\u00e4hrung des Pferdes einf\u00fchrt).<\/em><\/p>\n<p><em><strong>Wir f\u00fchren eine Etiketten\u00fcberpr\u00fcfung durch. Wenn Sie das Etikett vor dem Verkauf erhalten m\u00f6chten, bitten wir Sie, uns eine E-Mail an die folgende Adresse zu senden: info@lineaunika.it . Wir entschuldigen uns f\u00fcr die vor\u00fcbergehenden Unannehmlichkeiten.<\/strong><\/em><\/p>\n","protected":false},"excerpt":{"rendered":"<p>\u2714\ufe0f Praktischer Messbecher in der Verpackung<br \/>\n\u2714\ufe0f Ideal, um durch Schwei\u00df verlorene Salze wieder aufzuf\u00fcllen<br \/>\n\u2714\ufe0f Ideal zum Einmischen in Futter, Maische oder Trinkwasser<\/p>\n","protected":false},"featured_media":21792,"template":"","meta":{"_acf_changed":false,"_joinchat":[]},"product_brand":[],"product_cat":[445],"product_tag":[465,501,549,513,533],"class_list":{"0":"post-8382","1":"product","2":"type-product","3":"status-publish","4":"has-post-thumbnail","6":"product_cat-naehrstoffe-und-vitamine","7":"product_tag-distanzreiten","8":"product_tag-mageres-pferd","9":"product_tag-sommer","10":"product_tag-trekking-de","11":"product_tag-vitamine-und-elektrolyte","13":"first","14":"instock","15":"taxable","16":"shipping-taxable","17":"purchasable","18":"product-type-variable"},"acf":[],"_links":{"self":[{"href":"https:\/\/unika.sitointest.it\/de\/wp-json\/wp\/v2\/product\/8382","targetHints":{"allow":["GET"]}}],"collection":[{"href":"https:\/\/unika.sitointest.it\/de\/wp-json\/wp\/v2\/product"}],"about":[{"href":"https:\/\/unika.sitointest.it\/de\/wp-json\/wp\/v2\/types\/product"}],"version-history":[{"count":2,"href":"https:\/\/unika.sitointest.it\/de\/wp-json\/wp\/v2\/product\/8382\/revisions"}],"predecessor-version":[{"id":15874,"href":"https:\/\/unika.sitointest.it\/de\/wp-json\/wp\/v2\/product\/8382\/revisions\/15874"}],"wp:featuredmedia":[{"embeddable":true,"href":"https:\/\/unika.sitointest.it\/de\/wp-json\/wp\/v2\/media\/21792"}],"wp:attachment":[{"href":"https:\/\/unika.sitointest.it\/de\/wp-json\/wp\/v2\/media?parent=8382"}],"wp:term":[{"taxonomy":"product_brand","embeddable":true,"href":"https:\/\/unika.sitointest.it\/de\/wp-json\/wp\/v2\/product_brand?post=8382"},{"taxonomy":"product_cat","embeddable":true,"href":"https:\/\/unika.sitointest.it\/de\/wp-json\/wp\/v2\/product_cat?post=8382"},{"taxonomy":"product_tag","embeddable":true,"href":"https:\/\/unika.sitointest.it\/de\/wp-json\/wp\/v2\/product_tag?post=8382"}],"curies":[{"name":"wp","href":"https:\/\/api.w.org\/{rel}","templated":true}]}}