{"id":8318,"date":"2022-11-02T14:09:00","date_gmt":"2022-11-02T13:09:00","guid":{"rendered":"https:\/\/lineaunika.jumpgroup.it\/shop\/unkategorisiert\/elyte-k\/"},"modified":"2025-06-03T15:14:14","modified_gmt":"2025-06-03T14:14:14","slug":"elyte-k","status":"publish","type":"product","link":"https:\/\/unika.sitointest.it\/de\/shop\/naehrstoffe-und-vitamine\/elyte-k\/","title":{"rendered":"Elyte K+"},"content":{"rendered":"<h4>Erg\u00e4nzungsfutter f\u00fcr Pferde<\/h4>\n<p>Elyte K+ ist das gebrauchsfertige Erg\u00e4nzungsfutter im Spritzenformat auf Basis von Elektrolytsalzen, das dem Pferd die durch Schwitzen verlorenen Salze wieder zuf\u00fchrt. Elyte K+ ist gebrauchsfertig und unentbehrlich f\u00fcr Pferde, die bei Wettk\u00e4mpfen durch das Schwitzen viel Fl\u00fcssigkeit verlieren.<\/p>\n<h4>Wann es zu verwenden ist<\/h4>\n<p>Elyte K+ ist besonders geeignet f\u00fcr Pferde, die w\u00e4hrend der Sommersaison lange Fahrten und\/oder Wettk\u00e4mpfe vor sich haben. Es kann in all den F\u00e4llen verwendet werden, in denen das Pferd viel schwitzen wird (T\u00e4tigkeiten, Training, Trekking etc.).<\/p>\n<h4>Eigenschaften der Bestandteile<\/h4>\n<p>Die Supplementierung mit Elektrolytsalzen hilft dem Pferd, die durch Schwitzen verlorenen Salze wiederherzustellen. Ein Mangel an Elektrolyten (Natrium, Kalium, Chlor, Kalzium) in den Zellen geht mit einem Erm\u00fcdungsgef\u00fchl einher, das einen erfolgreichen Wettkampf ausschlie\u00dft.<\/p>\n<h4>Gebrauchsanweisung<\/h4>\n<p>Die gesamte Spritze Elyte K+ nach Bedarf, w\u00e4hrend des Wettkampfes und zur Erholung nach dem Turnier verabreichen.<\/p>\n<p>Nettogewicht: 120g<\/p>\n<p><em>(Aufgrund der Spezifit\u00e4t jedes Organismus sollten neue Allein- und Erg\u00e4nzungsfutter zuerst getestet werden, indem man sie schrittweise in die Ern\u00e4hrung des Pferdes einf\u00fchrt).<\/em><\/p>\n<p><em><strong>Wir f\u00fchren eine Etiketten\u00fcberpr\u00fcfung durch. Wenn Sie das Etikett vor dem Verkauf erhalten m\u00f6chten, bitten wir Sie, uns eine E-Mail an die folgende Adresse zu senden: info@lineaunika.it . Wir entschuldigen uns f\u00fcr die vor\u00fcbergehenden Unannehmlichkeiten.<\/strong><\/em><\/p>\n","protected":false},"excerpt":{"rendered":"<p>\u2714\ufe0f Gebrauchsfertige Einzeldosisspritze<br \/>\n\u2714\ufe0f Ideal, um die durch Schwitzen verlorenen Salze in kurzer Zeit wieder aufzuf\u00fcllen<br \/>\n\u2714\ufe0f Ideal f\u00fcr lange Reisen und Wettk\u00e4mpfe im Sommer<\/p>\n","protected":false},"featured_media":21768,"template":"","meta":{"_acf_changed":false,"_joinchat":[]},"product_brand":[],"product_cat":[445],"product_tag":[465,549,461,533,473],"class_list":{"0":"post-8318","1":"product","2":"type-product","3":"status-publish","4":"has-post-thumbnail","6":"product_cat-naehrstoffe-und-vitamine","7":"product_tag-distanzreiten","8":"product_tag-sommer","9":"product_tag-springreiten","10":"product_tag-vitamine-und-elektrolyte","11":"product_tag-westernreiten","13":"first","14":"instock","15":"taxable","16":"shipping-taxable","17":"purchasable","18":"product-type-simple"},"acf":[],"_links":{"self":[{"href":"https:\/\/unika.sitointest.it\/de\/wp-json\/wp\/v2\/product\/8318","targetHints":{"allow":["GET"]}}],"collection":[{"href":"https:\/\/unika.sitointest.it\/de\/wp-json\/wp\/v2\/product"}],"about":[{"href":"https:\/\/unika.sitointest.it\/de\/wp-json\/wp\/v2\/types\/product"}],"version-history":[{"count":4,"href":"https:\/\/unika.sitointest.it\/de\/wp-json\/wp\/v2\/product\/8318\/revisions"}],"predecessor-version":[{"id":27812,"href":"https:\/\/unika.sitointest.it\/de\/wp-json\/wp\/v2\/product\/8318\/revisions\/27812"}],"wp:featuredmedia":[{"embeddable":true,"href":"https:\/\/unika.sitointest.it\/de\/wp-json\/wp\/v2\/media\/21768"}],"wp:attachment":[{"href":"https:\/\/unika.sitointest.it\/de\/wp-json\/wp\/v2\/media?parent=8318"}],"wp:term":[{"taxonomy":"product_brand","embeddable":true,"href":"https:\/\/unika.sitointest.it\/de\/wp-json\/wp\/v2\/product_brand?post=8318"},{"taxonomy":"product_cat","embeddable":true,"href":"https:\/\/unika.sitointest.it\/de\/wp-json\/wp\/v2\/product_cat?post=8318"},{"taxonomy":"product_tag","embeddable":true,"href":"https:\/\/unika.sitointest.it\/de\/wp-json\/wp\/v2\/product_tag?post=8318"}],"curies":[{"name":"wp","href":"https:\/\/api.w.org\/{rel}","templated":true}]}}