{"id":8299,"date":"2022-11-02T13:55:55","date_gmt":"2022-11-02T12:55:55","guid":{"rendered":"https:\/\/lineaunika.jumpgroup.it\/shop\/unkategorisiert\/elyte-fast\/"},"modified":"2026-02-16T18:08:46","modified_gmt":"2026-02-16T17:08:46","slug":"elyte-fast","status":"publish","type":"product","link":"https:\/\/unika.sitointest.it\/de\/shop\/naehrstoffe-und-vitamine\/elyte-fast\/","title":{"rendered":"Elyte Fast"},"content":{"rendered":"<h4>Erg\u00e4nzungsfutter f\u00fcr besondere Ern\u00e4hrungszwecke \u2013 Ausgleich von Elektrolytverlust durch starkes Schwitzen.<\/h4>\n<p>Elyte Fast ist ein Erg\u00e4nzungsfuttermittel, das f\u00fcr besondere Ern\u00e4hrungszwecke zum Ausgleich von Elektrolytverlust durch starkes Schwitzen bestimmt ist.<br \/>\nElyte Fast wird in fl\u00fcssiger Form angeboten, und ist auch im Wettkampf, insbesondere bei Distanzreitturnieren, einfach und bequem einsetzbar.<\/p>\n<h4>Wann es zu verwenden ist<\/h4>\n<p>Elyte Fast ist das Erg\u00e4nzungsfutter, das bei hei\u00dfem Wetter einzusetzen ist, wenn das Pferd mehr zum Schwitzen neigt. Elyte Fast ist aber auch dann n\u00fctzlich, wenn das Pferd am meisten schwitzt, z. B. bei intensivem Training, Wettk\u00e4mpfen und langen Ausritten. Bei Distanzreitturnieren ist es zudem sehr praktisch, da es an den Trosspunkten und Gates ins Wasser gegeben werden kann.<\/p>\n<h4>Eigenschaften der Bestandteile<\/h4>\n<p>Aspartate wurden in die Formulierung von Elyte Fast dazugegeben, weil diese Substanzen bei der Einnahme Elektrolyte und Asparagins\u00e4ure im K\u00f6rper abgeben. Asparagins\u00e4ure ist eine glykogene Aminos\u00e4ure, welche die Herstellung von Energie durch den Zitratzyklus f\u00f6rdert und die k\u00f6rperliche Aktivit\u00e4t steigert. Insbesondere speichern Kalium- und Magnesiumsalze Muskelglykogen im K\u00f6rper und stimulieren dessen Resynthese (59). Elyte Fast enth\u00e4lt auch L-Glycin, die einfachste der bekannten Aminos\u00e4uren, die den Eintritt von Elektrolytsalzen in die Zellen beschleunigt und eine wichtige Rolle bei der Synthese von Proteinen, ATP, Glutathion und Glykogen spielt: Aus diesem Grund gilt es als neues Antioxidans (4).<\/p>\n<h4>Gebrauchsanweisung<\/h4>\n<p>10 cl (= 100 ml) Elyte Fast (erste Messkerbe) pro Tag verabreichen. Darauf achten, dass die Tagesmenge bei l\u00e4ngerer Beanspruchung und\/oder hohen Umgebungstemperaturen auf 25 cl (= 250 ml) pro Tag erh\u00f6ht wird. Geeignet f\u00fcr Pferde mit starker Schwei\u00dfbildung. Reichlich Wasser zur Verf\u00fcgung stellen. Elyte Fast kann dem Trinkwasser zugesetzt oder unter das t\u00e4gliche Futter gemischt werden.<\/p>\n<p>Empfohlene Einsatzdauer: 1 bis 3 Tage nach starker Schwei\u00dfbildung.<\/p>\n<p><em>(Aufgrund der Spezifit\u00e4t jedes Organismus sollten neue Allein- und Erg\u00e4nzungsfutter zuerst getestet werden, indem man sie schrittweise in die Ern\u00e4hrung des Pferdes einf\u00fchrt).<\/em><\/p>\n<p><em><strong>Wir f\u00fchren eine Etiketten\u00fcberpr\u00fcfung durch. Wenn Sie das Etikett vor dem Verkauf erhalten m\u00f6chten, bitten wir Sie, uns eine E-Mail an die folgende Adresse zu senden: info@lineaunika.it . Wir entschuldigen uns f\u00fcr die vor\u00fcbergehenden Unannehmlichkeiten.<\/strong><\/em><\/p>\n","protected":false},"excerpt":{"rendered":"<p>\u2714\ufe0f Flasche mit integriertem Spender<br \/>\n\u2714\ufe0f Fl\u00fcssiges Produkt f\u00fcr Pferde, die es nicht m\u00f6gen, wenn Pulver ins Trinkwasser gemischt werden<br \/>\n\u2714\ufe0f Ideal, um durch Schwei\u00df verlorene Salze wieder aufzuf\u00fcllen<\/p>\n","protected":false},"featured_media":21772,"template":"","meta":{"_acf_changed":false,"_joinchat":[]},"product_brand":[],"product_cat":[445],"product_tag":[465,469,489,549,461,533],"class_list":{"0":"post-8299","1":"product","2":"type-product","3":"status-publish","4":"has-post-thumbnail","6":"product_cat-naehrstoffe-und-vitamine","7":"product_tag-distanzreiten","8":"product_tag-dressurreiten","9":"product_tag-kein-doping","10":"product_tag-sommer","11":"product_tag-springreiten","12":"product_tag-vitamine-und-elektrolyte","14":"first","15":"instock","16":"taxable","17":"shipping-taxable","18":"purchasable","19":"product-type-variable"},"acf":[],"_links":{"self":[{"href":"https:\/\/unika.sitointest.it\/de\/wp-json\/wp\/v2\/product\/8299","targetHints":{"allow":["GET"]}}],"collection":[{"href":"https:\/\/unika.sitointest.it\/de\/wp-json\/wp\/v2\/product"}],"about":[{"href":"https:\/\/unika.sitointest.it\/de\/wp-json\/wp\/v2\/types\/product"}],"version-history":[{"count":4,"href":"https:\/\/unika.sitointest.it\/de\/wp-json\/wp\/v2\/product\/8299\/revisions"}],"predecessor-version":[{"id":15886,"href":"https:\/\/unika.sitointest.it\/de\/wp-json\/wp\/v2\/product\/8299\/revisions\/15886"}],"wp:featuredmedia":[{"embeddable":true,"href":"https:\/\/unika.sitointest.it\/de\/wp-json\/wp\/v2\/media\/21772"}],"wp:attachment":[{"href":"https:\/\/unika.sitointest.it\/de\/wp-json\/wp\/v2\/media?parent=8299"}],"wp:term":[{"taxonomy":"product_brand","embeddable":true,"href":"https:\/\/unika.sitointest.it\/de\/wp-json\/wp\/v2\/product_brand?post=8299"},{"taxonomy":"product_cat","embeddable":true,"href":"https:\/\/unika.sitointest.it\/de\/wp-json\/wp\/v2\/product_cat?post=8299"},{"taxonomy":"product_tag","embeddable":true,"href":"https:\/\/unika.sitointest.it\/de\/wp-json\/wp\/v2\/product_tag?post=8299"}],"curies":[{"name":"wp","href":"https:\/\/api.w.org\/{rel}","templated":true}]}}