{"id":8270,"date":"2022-11-02T13:37:32","date_gmt":"2022-11-02T12:37:32","guid":{"rendered":"https:\/\/lineaunika.jumpgroup.it\/shop\/unkategorisiert\/elyte-ce\/"},"modified":"2026-02-16T18:08:46","modified_gmt":"2026-02-16T17:08:46","slug":"elyte-ce","status":"publish","type":"product","link":"https:\/\/unika.sitointest.it\/de\/shop\/naehrstoffe-und-vitamine\/elyte-ce\/","title":{"rendered":"Elyte C+E"},"content":{"rendered":"<h4>Mineralerg\u00e4nzungsfutter f\u00fcr Pferde<\/h4>\n<p>Elyte C+E ist das ideale Mineralerg\u00e4nzungsfutter, um die Ern\u00e4hrung des Pferdes mit Elektrolytsalzen, Vitamin C und Vitamin E zu erg\u00e4nzen.<\/p>\n<h4>Wann es zu verwenden ist<\/h4>\n<p>Da beim Pferd der Schwei\u00df hyperton ist, d. h. die Salzkonzentration viel h\u00f6her als im Blut ist, f\u00fchrt starkes Schwitzen zu massivem Verlust von Natrium, Kalium, Chlor, Magnesium und Kalzium, die daher sehr schnell wiederhergestellt werden m\u00fcssen, um M\u00fcdigkeit und Muskelkr\u00e4mpfe zu vermeiden.<\/p>\n<h4>Elyte C+E ist n\u00fctzlich:<\/h4>\n<p>&#8211; f\u00fcr die Zuf\u00fchrung von Elektrolytsalzen in der Pferdeern\u00e4hrung w\u00e4hrend der Sommerzeit<br \/>\n&#8211; zum Ausgleich von Salzen, die beim Schwitzen bei intensiver Beanspruchung verloren gehen<\/p>\n<h4>Gebrauchsanweisung<\/h4>\n<p>60 g Elyte C+E pro Tag unter die t\u00e4gliche Ration mischen. Bei l\u00e4ngerer Beanspruchung, sportlichen Aktivit\u00e4ten und insbesondere bei hei\u00dfem Wetter die Menge auf 100 g pro Tag erh\u00f6hen.<\/p>\n<p><strong>Messl\u00f6ffel:<\/strong><\/p>\n<p>voll: 33 g<br \/>\ngeh\u00e4uft: 40 g<\/p>\n<p><em>(Aufgrund der Spezifit\u00e4t jedes Organismus sollten neue Allein- und Erg\u00e4nzungsfutter zuerst getestet werden, indem man sie schrittweise in die Ern\u00e4hrung des Pferdes einf\u00fchrt).<\/em><\/p>\n<p><em><strong>Wir f\u00fchren eine Etiketten\u00fcberpr\u00fcfung durch. Wenn Sie das Etikett vor dem Verkauf erhalten m\u00f6chten, bitten wir Sie, uns eine E-Mail an die folgende Adresse zu senden: info@lineaunika.it . Wir entschuldigen uns f\u00fcr die vor\u00fcbergehenden Unannehmlichkeiten.<\/strong><\/em><\/p>\n","protected":false},"excerpt":{"rendered":"<p>\u2714\ufe0f Mit Elektrolyten, Vitamin C und E mit antioxidativer Wirkung<br \/>\n\u2714\ufe0f Praktischer Messbecher in der Verpackung<br \/>\n\u2714\ufe0f Ideal, um durch Schwei\u00df verlorene Salze wieder aufzuf\u00fcllen<\/p>\n","protected":false},"featured_media":21784,"template":"","meta":{"_acf_changed":false,"_joinchat":[]},"product_brand":[],"product_cat":[445],"product_tag":[549,533],"class_list":{"0":"post-8270","1":"product","2":"type-product","3":"status-publish","4":"has-post-thumbnail","6":"product_cat-naehrstoffe-und-vitamine","7":"product_tag-sommer","8":"product_tag-vitamine-und-elektrolyte","10":"first","11":"instock","12":"taxable","13":"shipping-taxable","14":"purchasable","15":"product-type-variable"},"acf":[],"_links":{"self":[{"href":"https:\/\/unika.sitointest.it\/de\/wp-json\/wp\/v2\/product\/8270","targetHints":{"allow":["GET"]}}],"collection":[{"href":"https:\/\/unika.sitointest.it\/de\/wp-json\/wp\/v2\/product"}],"about":[{"href":"https:\/\/unika.sitointest.it\/de\/wp-json\/wp\/v2\/types\/product"}],"version-history":[{"count":3,"href":"https:\/\/unika.sitointest.it\/de\/wp-json\/wp\/v2\/product\/8270\/revisions"}],"predecessor-version":[{"id":15890,"href":"https:\/\/unika.sitointest.it\/de\/wp-json\/wp\/v2\/product\/8270\/revisions\/15890"}],"wp:featuredmedia":[{"embeddable":true,"href":"https:\/\/unika.sitointest.it\/de\/wp-json\/wp\/v2\/media\/21784"}],"wp:attachment":[{"href":"https:\/\/unika.sitointest.it\/de\/wp-json\/wp\/v2\/media?parent=8270"}],"wp:term":[{"taxonomy":"product_brand","embeddable":true,"href":"https:\/\/unika.sitointest.it\/de\/wp-json\/wp\/v2\/product_brand?post=8270"},{"taxonomy":"product_cat","embeddable":true,"href":"https:\/\/unika.sitointest.it\/de\/wp-json\/wp\/v2\/product_cat?post=8270"},{"taxonomy":"product_tag","embeddable":true,"href":"https:\/\/unika.sitointest.it\/de\/wp-json\/wp\/v2\/product_tag?post=8270"}],"curies":[{"name":"wp","href":"https:\/\/api.w.org\/{rel}","templated":true}]}}