{"id":8241,"date":"2022-11-02T11:46:23","date_gmt":"2022-11-02T10:46:23","guid":{"rendered":"https:\/\/lineaunika.jumpgroup.it\/shop\/unkategorisiert\/complete-vitamin\/"},"modified":"2026-02-16T18:08:42","modified_gmt":"2026-02-16T17:08:42","slug":"complete-vitamin","status":"publish","type":"product","link":"https:\/\/unika.sitointest.it\/de\/shop\/naehrstoffe-und-vitamine\/complete-vitamin\/","title":{"rendered":"Complete Vitamin"},"content":{"rendered":"<h4>Erg\u00e4nzungsfutter f\u00fcr Pferde<\/h4>\n<p>Complete Vitamin ist das fl\u00fcssige Erg\u00e4nzungsfutter mit wichtigen Vitaminen f\u00fcr das Wohlbefinden des K\u00f6rpers, ideal zur Optimierung der Pferdenahrung. Complete Vitamin enth\u00e4lt alle sowohl fett- als auch wasserl\u00f6slichen bekannten Vitamine. Complete Vitamin enth\u00e4lt au\u00dferdem 7 nach aktueller europ\u00e4ischer Gesetzgebung zugelassenen Spurenelementen (Fe, I, Co, Cu, Mn, Zn, Se) und liefert insbesondere einen hohen Gehalt an Eisen und Fols\u00e4ure.<\/p>\n<h4>Wann es zu verwenden ist<\/h4>\n<p>Complete Vitamin ist ein hervorragendes Erg\u00e4nzungsfutter f\u00fcr Pferde, das die Pferdenahrung mit sehr wichtigen Spurenelementen und Vitaminen versorgt. Complete Vitamin kann besonders n\u00fctzlich sein f\u00fcr:<\/p>\n<p>&#8211; Pferde mit einem matten und struppigen Fell,<br \/>\n&#8211; Pferde mit Vitaminmangel,<br \/>\n&#8211; Pferde mit schlechtem Appetit,<br \/>\n&#8211; Pferde, deren Bluttests einen Vitaminmangel anzeigen,<br \/>\n&#8211; Pferde, die m\u00fcde und leistungsunwillig sind,<br \/>\n&#8211; \u00e4ltere Pferde<br \/>\n&#8211; Pferde, die eine Verletzung und\/oder einen Pflegeaufenthalt hinter sich haben,<br \/>\n&#8211; Pferde mit pl\u00f6tzlichem Futterwechsel<br \/>\n&#8211; Pferde beim Stallwechsel<br \/>\n&#8211; Pferde, die einen Jahreszeitwechsel angehen m\u00fcssen.<\/p>\n<h4>Eigenschaften der Bestandteile<\/h4>\n<p>Der B-Vitamin-Komplex f\u00fchrt zu einer Steigerung des Appetits und freiwilligen Nahrungsaufnahme. Eisen, Fols\u00e4ure und Vitamin B12 vermehren die Anzahl roter Blutk\u00f6rperchen (Blutbildung) (60,70). Vitamin E, Selen und Vitamin C haben eine beachtenswerte antioxidative Wirkung (5,6).<\/p>\n<h4>Gebrauchsanweisung<\/h4>\n<p>5 cl (= 50 ml, erste Messkerbe) Complete Vitamin pro Tag \u00fcber einen Zeitraum von 30 Tagen in Folge verabreichen. Unter die t\u00e4gliche Ration mischen.<\/p>\n<p><em>(Aufgrund der Spezifit\u00e4t jedes Organismus sollten neue Allein- und Erg\u00e4nzungsfutter zuerst getestet werden, indem man sie schrittweise in die Ern\u00e4hrung des Pferdes einf\u00fchrt).<\/em><\/p>\n<p><em><strong>Wir f\u00fchren eine Etiketten\u00fcberpr\u00fcfung durch. Wenn Sie das Etikett vor dem Verkauf erhalten m\u00f6chten, bitten wir Sie, uns eine E-Mail an die folgende Adresse zu senden: info@lineaunika.it . Wir entschuldigen uns f\u00fcr die vor\u00fcbergehenden Unannehmlichkeiten.<\/strong><\/em><\/p>\n","protected":false},"excerpt":{"rendered":"<p>\u2714\ufe0f Flasche mit integriertem Spender<br \/>\n\u2714\ufe0f Fl\u00fcssiges Produkt, das sich leicht im Futterautomaten mischen l\u00e4sst<br \/>\n\u2714\ufe0f Eine komplette Mischung aus Vitaminen und Spurenelementen f\u00fcr alle Bed\u00fcrfnisse<\/p>\n","protected":false},"featured_media":21365,"template":"","meta":{"_acf_changed":false,"_joinchat":[]},"product_brand":[],"product_cat":[445],"product_tag":[545,501,537,549,541,533],"class_list":{"0":"post-8241","1":"product","2":"type-product","3":"status-publish","4":"has-post-thumbnail","6":"product_cat-naehrstoffe-und-vitamine","7":"product_tag-immunsystem","8":"product_tag-mageres-pferd","9":"product_tag-saisonwechsel","10":"product_tag-sommer","11":"product_tag-vitamin-c-de","12":"product_tag-vitamine-und-elektrolyte","14":"first","15":"instock","16":"taxable","17":"shipping-taxable","18":"purchasable","19":"product-type-variable"},"acf":[],"_links":{"self":[{"href":"https:\/\/unika.sitointest.it\/de\/wp-json\/wp\/v2\/product\/8241","targetHints":{"allow":["GET"]}}],"collection":[{"href":"https:\/\/unika.sitointest.it\/de\/wp-json\/wp\/v2\/product"}],"about":[{"href":"https:\/\/unika.sitointest.it\/de\/wp-json\/wp\/v2\/types\/product"}],"version-history":[{"count":3,"href":"https:\/\/unika.sitointest.it\/de\/wp-json\/wp\/v2\/product\/8241\/revisions"}],"predecessor-version":[{"id":15894,"href":"https:\/\/unika.sitointest.it\/de\/wp-json\/wp\/v2\/product\/8241\/revisions\/15894"}],"wp:featuredmedia":[{"embeddable":true,"href":"https:\/\/unika.sitointest.it\/de\/wp-json\/wp\/v2\/media\/21365"}],"wp:attachment":[{"href":"https:\/\/unika.sitointest.it\/de\/wp-json\/wp\/v2\/media?parent=8241"}],"wp:term":[{"taxonomy":"product_brand","embeddable":true,"href":"https:\/\/unika.sitointest.it\/de\/wp-json\/wp\/v2\/product_brand?post=8241"},{"taxonomy":"product_cat","embeddable":true,"href":"https:\/\/unika.sitointest.it\/de\/wp-json\/wp\/v2\/product_cat?post=8241"},{"taxonomy":"product_tag","embeddable":true,"href":"https:\/\/unika.sitointest.it\/de\/wp-json\/wp\/v2\/product_tag?post=8241"}],"curies":[{"name":"wp","href":"https:\/\/api.w.org\/{rel}","templated":true}]}}