{"id":8214,"date":"2022-11-02T11:30:16","date_gmt":"2022-11-02T10:30:16","guid":{"rendered":"https:\/\/lineaunika.jumpgroup.it\/shop\/unkategorisiert\/red\/"},"modified":"2023-06-20T13:05:14","modified_gmt":"2023-06-20T13:05:14","slug":"red","status":"publish","type":"product","link":"https:\/\/unika.sitointest.it\/de\/shop\/naehrstoffe-und-vitamine\/red\/","title":{"rendered":"Red"},"content":{"rendered":"<h4>Erg\u00e4nzungsfutter f\u00fcr Pferde<\/h4>\n<p>Red ist das fl\u00fcssige Erg\u00e4nzungsfutter aus Vitaminen und Spurenelementen, insbesondere Eisen, Kobalt, Kupfer und Mangan. Red bietet diese Elemente in einem \u00e4u\u00dferst bioverf\u00fcgbaren Format, das vom K\u00f6rper leicht aufgenommen wird. Red ist eine hervorragende Quelle von Vitaminen und Spurenelementen, ideal f\u00fcr alle Pferde, die einen Mangel daran vorweisen.<\/p>\n<h4>Wann es zu verwenden ist<\/h4>\n<p>Red ist das ideale Erg\u00e4nzungsfutter f\u00fcr alle Pferde, die eine Zufuhr von wichtigen Spurenelementen wie Eisen, Kupfer, Kobalt, Zink und Mangan ben\u00f6tigen. Und nicht nur das: Red f\u00fchrt auch dem Tagesfutter wichtige Vitamine wie Vitamin A, Vitamin E, Vitamin B1, Vitamin B6 und Fols\u00e4ure zu.<br \/>\nRed kann bei der Wiederherstellung des physiologischen Anteils von essentiellen Spurenelementen im K\u00f6rper n\u00fctzlich sein, die f\u00fcr einen gesunden K\u00f6rper unerl\u00e4sslich sind. Bei Pferden mit wenig roten Blutk\u00f6rperchen ist eine Erg\u00e4nzung mit Quellen von Eisen, Fols\u00e4ure, Kupfer und Zink ratsam.<br \/>\nRed ist auch dann empfehlenswert, wenn Pferde einen Mangel an Arbeitsbereitschaft und -willen zeigen.<\/p>\n<h4>Eigenschaften der Bestandteile<\/h4>\n<p>Fols\u00e4ure ist ein sehr wichtiges Vitamin der Gruppe B, auch als Folat oder Vitamin B9 bekannt. Es geh\u00f6rt zur Pflanzenwelt (Spinat ist sehr reich daran), ist aber in seiner nat\u00fcrlichen chemischen Form f\u00fcr den K\u00f6rper nicht leicht verf\u00fcgbar (etwa 50 % Bioverf\u00fcgbarkeit) (70). Es ist sehr schwierig, den Fols\u00e4urebedarf eines Pferdes mit den Futtermitteln in seiner Ration zu decken. Heute zieht man es aufgrund der enormen Bedeutung bei der Bildung roter Blutk\u00f6rperchen vor, Fols\u00e4ure immer in die Ern\u00e4hrung des Sportpferdes aufzunehmen.<br \/>\nVitamin B12 ist zusammen mit Fols\u00e4ure an der DNA- und RNA-Synthese beteiligt und spielt eine wichtige Rolle f\u00fcr die Integrit\u00e4t des Nervensystems, den Stoffwechsel und die Herstellung von Energie (60).<\/p>\n<h4>Gebrauchsanweisung<\/h4>\n<p>30-50 ml Red pro Tag \u00fcber einen Zeitraum von 25-30 Tagen verabreichen. Das Produkt unter die Futterration mischen.<\/p>\n<p><em>(Aufgrund der Spezifit\u00e4t jedes Organismus sollten neue Allein- und Erg\u00e4nzungsfutter zuerst getestet werden, indem man sie schrittweise in die Ern\u00e4hrung des Pferdes einf\u00fchrt).<\/em><\/p>\n<p><em><strong>Wir f\u00fchren eine Etiketten\u00fcberpr\u00fcfung durch. Wenn Sie das Etikett vor dem Verkauf erhalten m\u00f6chten, bitten wir Sie, uns eine E-Mail an die folgende Adresse zu senden: info@lineaunika.it . Wir entschuldigen uns f\u00fcr die vor\u00fcbergehenden Unannehmlichkeiten.<\/strong><\/em><\/p>\n","protected":false},"excerpt":{"rendered":"<p>\u2714\ufe0f Fl\u00fcssiges Produkt f\u00fcr Pferde, die keine Pulver m\u00f6gen<br \/>\n\u2714\ufe0f Ideal zur Unterst\u00fctzung der nat\u00fcrlichen Produktion roter Blutk\u00f6rperchen<br \/>\n\u2714\ufe0f Reich an Vitaminen und Spurenelementen<\/p>\n","protected":false},"featured_media":21408,"template":"","meta":{"_acf_changed":false,"_joinchat":[]},"product_brand":[],"product_cat":[445],"product_tag":[465,469,481,529,477,461,473],"class_list":{"0":"post-8214","1":"product","2":"type-product","3":"status-publish","4":"has-post-thumbnail","6":"product_cat-naehrstoffe-und-vitamine","7":"product_tag-distanzreiten","8":"product_tag-dressurreiten","9":"product_tag-energie-de","10":"product_tag-herz-und-kreislauf","11":"product_tag-rennpferd","12":"product_tag-springreiten","13":"product_tag-westernreiten","15":"first","16":"outofstock","17":"taxable","18":"shipping-taxable","19":"purchasable","20":"product-type-variable"},"acf":[],"_links":{"self":[{"href":"https:\/\/unika.sitointest.it\/de\/wp-json\/wp\/v2\/product\/8214","targetHints":{"allow":["GET"]}}],"collection":[{"href":"https:\/\/unika.sitointest.it\/de\/wp-json\/wp\/v2\/product"}],"about":[{"href":"https:\/\/unika.sitointest.it\/de\/wp-json\/wp\/v2\/types\/product"}],"version-history":[{"count":3,"href":"https:\/\/unika.sitointest.it\/de\/wp-json\/wp\/v2\/product\/8214\/revisions"}],"predecessor-version":[{"id":15898,"href":"https:\/\/unika.sitointest.it\/de\/wp-json\/wp\/v2\/product\/8214\/revisions\/15898"}],"wp:featuredmedia":[{"embeddable":true,"href":"https:\/\/unika.sitointest.it\/de\/wp-json\/wp\/v2\/media\/21408"}],"wp:attachment":[{"href":"https:\/\/unika.sitointest.it\/de\/wp-json\/wp\/v2\/media?parent=8214"}],"wp:term":[{"taxonomy":"product_brand","embeddable":true,"href":"https:\/\/unika.sitointest.it\/de\/wp-json\/wp\/v2\/product_brand?post=8214"},{"taxonomy":"product_cat","embeddable":true,"href":"https:\/\/unika.sitointest.it\/de\/wp-json\/wp\/v2\/product_cat?post=8214"},{"taxonomy":"product_tag","embeddable":true,"href":"https:\/\/unika.sitointest.it\/de\/wp-json\/wp\/v2\/product_tag?post=8214"}],"curies":[{"name":"wp","href":"https:\/\/api.w.org\/{rel}","templated":true}]}}