{"id":8169,"date":"2022-11-02T11:04:33","date_gmt":"2022-11-02T10:04:33","guid":{"rendered":"https:\/\/lineaunika.jumpgroup.it\/shop\/unkategorisiert\/no-more\/"},"modified":"2026-02-16T18:09:09","modified_gmt":"2026-02-16T17:09:09","slug":"no-more","status":"publish","type":"product","link":"https:\/\/unika.sitointest.it\/de\/shop\/naehrstoffe-und-vitamine\/no-more\/","title":{"rendered":"No More"},"content":{"rendered":"<h4>Erg\u00e4nzungsfutter f\u00fcr Pferde<\/h4>\n<p>No More ist das Erg\u00e4nzungsfutter im gelpastenf\u00f6rmigen Spritzen-Format, das die physiologischen Kreislaufbedingungen sch\u00fctzt.<\/p>\n<h4>Wann es zu verwenden ist<\/h4>\n<p>No More ist das empfohlene Erg\u00e4nzungsfutter f\u00fcr Pferde, die einen Futterbeitrag zum Wohlbefinden der physiologischen Bedingungen des Blutkreislaufs ben\u00f6tigen.<\/p>\n<h4>Eigenschaften der Bestandteile<\/h4>\n<p>No More enth\u00e4lt Schisandra chinensis, das in der chinesischen Medizin schon seit sehr vielen Jahren bekannt ist. Schisandra chinensis enth\u00e4lt Lignane, die sich positiv auf die Widerstandsf\u00e4higkeit der Blutgef\u00e4\u00dfw\u00e4nde auswirken (71,81,69).<\/p>\n<h4>Gebrauchsanweisung<\/h4>\n<p>Eine Spritze No More am Tag vor dem Wettkampf und eine weitere 4-5 Stunden vor dem Wettkampf verabreichen.<\/p>\n<p><em>(Aufgrund der Spezifit\u00e4t jedes Organismus sollten neue Allein- und Erg\u00e4nzungsfutter zuerst getestet werden, indem man sie schrittweise in die Ern\u00e4hrung des Pferdes einf\u00fchrt).<\/em><\/p>\n<p><em><strong>Wir f\u00fchren eine Etiketten\u00fcberpr\u00fcfung durch. Wenn Sie das Etikett vor dem Verkauf erhalten m\u00f6chten, bitten wir Sie, uns eine E-Mail an die folgende Adresse zu senden: info@lineaunika.it . Wir entschuldigen uns f\u00fcr die vor\u00fcbergehenden Unannehmlichkeiten.<\/strong><\/em><\/p>\n","protected":false},"excerpt":{"rendered":"<p>\u2714\ufe0f Gebrauchsfertige Einzeldosisspritze<br \/>\n\u2714\ufe0f Geeignet f\u00fcr Pferde, die intensive Anstrengungen unternehmen<br \/>\n\u2714\ufe0f Unterst\u00fctzt die nat\u00fcrliche Integrit\u00e4t der Blutgef\u00e4\u00dfe<\/p>\n","protected":false},"featured_media":21605,"template":"","meta":{"_acf_changed":false,"_joinchat":[]},"product_brand":[],"product_cat":[445],"product_tag":[465,529,489,477,461,473],"class_list":{"0":"post-8169","1":"product","2":"type-product","3":"status-publish","4":"has-post-thumbnail","6":"product_cat-naehrstoffe-und-vitamine","7":"product_tag-distanzreiten","8":"product_tag-herz-und-kreislauf","9":"product_tag-kein-doping","10":"product_tag-rennpferd","11":"product_tag-springreiten","12":"product_tag-westernreiten","14":"first","15":"instock","16":"taxable","17":"shipping-taxable","18":"purchasable","19":"product-type-simple"},"acf":[],"_links":{"self":[{"href":"https:\/\/unika.sitointest.it\/de\/wp-json\/wp\/v2\/product\/8169","targetHints":{"allow":["GET"]}}],"collection":[{"href":"https:\/\/unika.sitointest.it\/de\/wp-json\/wp\/v2\/product"}],"about":[{"href":"https:\/\/unika.sitointest.it\/de\/wp-json\/wp\/v2\/types\/product"}],"version-history":[{"count":3,"href":"https:\/\/unika.sitointest.it\/de\/wp-json\/wp\/v2\/product\/8169\/revisions"}],"predecessor-version":[{"id":15907,"href":"https:\/\/unika.sitointest.it\/de\/wp-json\/wp\/v2\/product\/8169\/revisions\/15907"}],"wp:featuredmedia":[{"embeddable":true,"href":"https:\/\/unika.sitointest.it\/de\/wp-json\/wp\/v2\/media\/21605"}],"wp:attachment":[{"href":"https:\/\/unika.sitointest.it\/de\/wp-json\/wp\/v2\/media?parent=8169"}],"wp:term":[{"taxonomy":"product_brand","embeddable":true,"href":"https:\/\/unika.sitointest.it\/de\/wp-json\/wp\/v2\/product_brand?post=8169"},{"taxonomy":"product_cat","embeddable":true,"href":"https:\/\/unika.sitointest.it\/de\/wp-json\/wp\/v2\/product_cat?post=8169"},{"taxonomy":"product_tag","embeddable":true,"href":"https:\/\/unika.sitointest.it\/de\/wp-json\/wp\/v2\/product_tag?post=8169"}],"curies":[{"name":"wp","href":"https:\/\/api.w.org\/{rel}","templated":true}]}}