{"id":8145,"date":"2022-11-02T10:53:57","date_gmt":"2022-11-02T10:53:57","guid":{"rendered":"https:\/\/lineaunika.jumpgroup.it\/shop\/unkategorisiert\/haemofolic\/"},"modified":"2026-02-16T18:09:04","modified_gmt":"2026-02-16T17:09:04","slug":"haemofolic","status":"publish","type":"product","link":"https:\/\/unika.sitointest.it\/de\/shop\/naehrstoffe-und-vitamine\/haemofolic\/","title":{"rendered":"Haemofolic"},"content":{"rendered":"<h4>Erg\u00e4nzungsfutter f\u00fcr Pferde<\/h4>\n<p>Haemofolic ist das Erg\u00e4nzungsfutter, das der Ern\u00e4hrung des Pferdes wichtige Vitamine und Spurenelemente zur Unterst\u00fctzung der physiologischen Anzahl roter Blutk\u00f6rperchen im K\u00f6rper zuf\u00fchrt. Haemofolic enth\u00e4lt auch Curcuma longa und Echinacea purpurea.<\/p>\n<h4>Wann es zu verwenden ist<\/h4>\n<p>Das Erg\u00e4nzungsfutter Haemofolic eignet sich f\u00fcr:<\/p>\n<p>&#8211; Pferde, die eine Supplementierung mit Fols\u00e4ure, Eisen und wichtigen Vitaminen der Gruppe B ben\u00f6tigen<br \/>\n&#8211; Pferde, die Phasen intensiver sportlicher T\u00e4tigkeit hinter sich haben<br \/>\n&#8211; Pferde, die zu einer unwilligen Arbeitshaltung neigen.<\/p>\n<h4>Gebrauchsanweisung<\/h4>\n<p>50-60 g Haemofolic pro Tag unter die t\u00e4gliche Ration mischen. Der empfohlene Zeitraum betr\u00e4gt mindestens 30-40 Tage in Folge.<\/p>\n<p><strong>Messl\u00f6ffel:<\/strong><\/p>\n<p>\u2013 voll: 25 g<br \/>\n\u2013 geh\u00e4uft: 30 g<\/p>\n<p><em>(Aufgrund der Spezifit\u00e4t jedes Organismus sollten neue Allein- und Erg\u00e4nzungsfutter zuerst getestet werden, indem man sie schrittweise in die Ern\u00e4hrung des Pferdes einf\u00fchrt).<\/em><\/p>\n<p><em><strong>Wir f\u00fchren eine Etiketten\u00fcberpr\u00fcfung durch. Wenn Sie das Etikett vor dem Verkauf erhalten m\u00f6chten, bitten wir Sie, uns eine E-Mail an die folgende Adresse zu senden: info@lineaunika.it . Wir entschuldigen uns f\u00fcr die vor\u00fcbergehenden Unannehmlichkeiten.<\/strong><\/em><\/p>\n","protected":false},"excerpt":{"rendered":"<p>\u2714\ufe0f Praktischer Messbecher in der Verpackung<br \/>\n\u2714\ufe0f Ideal zur Unterst\u00fctzung der Produktion roter Blutk\u00f6rperchen<br \/>\n\u2714\ufe0f Reich an Vitaminen und Spurenelementen<\/p>\n","protected":false},"featured_media":21444,"template":"","meta":{"_acf_changed":false,"_joinchat":[]},"product_brand":[],"product_cat":[445],"product_tag":[465,469,481,529,489,477,461],"class_list":{"0":"post-8145","1":"product","2":"type-product","3":"status-publish","4":"has-post-thumbnail","6":"product_cat-naehrstoffe-und-vitamine","7":"product_tag-distanzreiten","8":"product_tag-dressurreiten","9":"product_tag-energie-de","10":"product_tag-herz-und-kreislauf","11":"product_tag-kein-doping","12":"product_tag-rennpferd","13":"product_tag-springreiten","15":"first","16":"instock","17":"taxable","18":"shipping-taxable","19":"purchasable","20":"product-type-variable"},"acf":[],"_links":{"self":[{"href":"https:\/\/unika.sitointest.it\/de\/wp-json\/wp\/v2\/product\/8145","targetHints":{"allow":["GET"]}}],"collection":[{"href":"https:\/\/unika.sitointest.it\/de\/wp-json\/wp\/v2\/product"}],"about":[{"href":"https:\/\/unika.sitointest.it\/de\/wp-json\/wp\/v2\/types\/product"}],"version-history":[{"count":3,"href":"https:\/\/unika.sitointest.it\/de\/wp-json\/wp\/v2\/product\/8145\/revisions"}],"predecessor-version":[{"id":15911,"href":"https:\/\/unika.sitointest.it\/de\/wp-json\/wp\/v2\/product\/8145\/revisions\/15911"}],"wp:featuredmedia":[{"embeddable":true,"href":"https:\/\/unika.sitointest.it\/de\/wp-json\/wp\/v2\/media\/21444"}],"wp:attachment":[{"href":"https:\/\/unika.sitointest.it\/de\/wp-json\/wp\/v2\/media?parent=8145"}],"wp:term":[{"taxonomy":"product_brand","embeddable":true,"href":"https:\/\/unika.sitointest.it\/de\/wp-json\/wp\/v2\/product_brand?post=8145"},{"taxonomy":"product_cat","embeddable":true,"href":"https:\/\/unika.sitointest.it\/de\/wp-json\/wp\/v2\/product_cat?post=8145"},{"taxonomy":"product_tag","embeddable":true,"href":"https:\/\/unika.sitointest.it\/de\/wp-json\/wp\/v2\/product_tag?post=8145"}],"curies":[{"name":"wp","href":"https:\/\/api.w.org\/{rel}","templated":true}]}}