{"id":8103,"date":"2022-11-02T10:32:51","date_gmt":"2022-11-02T09:32:51","guid":{"rendered":"https:\/\/lineaunika.jumpgroup.it\/shop\/unkategorisiert\/flavosid\/"},"modified":"2026-02-16T18:08:52","modified_gmt":"2026-02-16T17:08:52","slug":"flavosid","status":"publish","type":"product","link":"https:\/\/unika.sitointest.it\/de\/shop\/naehrstoffe-und-vitamine\/flavosid\/","title":{"rendered":"Flavosid"},"content":{"rendered":"<h4>Erg\u00e4nzungsfutter f\u00fcr Pferde<\/h4>\n<p>Flavosid ist das Erg\u00e4nzungsfutter f\u00fcr Pferde auf Basis mehrerer Pflanzenextrakte und Heilpflanzen zur Aufrechterhaltung eines gesunden Kreislaufs und gesunder Blutgef\u00e4\u00dfw\u00e4nde. Flavosid f\u00fchrt der Ern\u00e4hrung des Pferdes wichtige Quellen von Flavonoiden, Vitaminen und Spurenelementen zu.<\/p>\n<h4>Wann es zu verwenden ist<\/h4>\n<p>Das Erg\u00e4nzungsfutter Flavosid eignet sich f\u00fcr:<\/p>\n<p>&#8211; Pferde, die Sportarten wie Trab und Galopp betreiben<br \/>\n&#8211; Pferde mit fragilen Kapillargef\u00e4\u00dfen<\/p>\n<h4>Eigenschaften der Bestandteile<\/h4>\n<p>Die in Flavosid enthaltenen Elemente f\u00fchren der t\u00e4glichen Pferdenahrung viele Flavonoidquellen zu. Der Fachliteratur zufolge \u00fcben Flavonoide einen positiven Einfluss auf die Blut- und Lymphmikrozirkulation und den Schutz kleiner Blutgef\u00e4\u00dfe aus.<\/p>\n<h4>Gebrauchsanweisung<\/h4>\n<p>100 g Flavosid pro Tag unter die Futterration \u00fcber einen empfohlenen Zeitraum von 40-45 Tagen in Folge mischen.<\/p>\n<p><strong>Messl\u00f6ffel:<\/strong><\/p>\n<p>voll: 60 g<br \/>\ngeh\u00e4uft: 75 g<\/p>\n<p><em>(Aufgrund der Spezifit\u00e4t jedes Organismus sollten neue Allein- und Erg\u00e4nzungsfutter zuerst getestet werden, indem man sie schrittweise in die Ern\u00e4hrung des Pferdes einf\u00fchrt).<\/em><\/p>\n<p><em><strong>Wir f\u00fchren eine Etiketten\u00fcberpr\u00fcfung durch. Wenn Sie das Etikett vor dem Verkauf erhalten m\u00f6chten, bitten wir Sie, uns eine E-Mail an die folgende Adresse zu senden: info@lineaunika.it . Wir entschuldigen uns f\u00fcr die vor\u00fcbergehenden Unannehmlichkeiten.<\/strong><\/em><\/p>\n","protected":false},"excerpt":{"rendered":"<p>\u2714\ufe0f Reich an Flavonoiden<br \/>\n\u2714\ufe0f F\u00f6rdert die Blut- und Lymphmikrozirkulation<br \/>\n\u2714\ufe0f Geeignet f\u00fcr Pferde, die intensive Anstrengungen unternehmen<br \/>\n\u2714\ufe0f Praktischer Messbecher in der Verpackung<\/p>\n","protected":false},"featured_media":21416,"template":"","meta":{"_acf_changed":false,"_joinchat":[]},"product_brand":[],"product_cat":[445],"product_tag":[465,529,489,477,461,473],"class_list":{"0":"post-8103","1":"product","2":"type-product","3":"status-publish","4":"has-post-thumbnail","6":"product_cat-naehrstoffe-und-vitamine","7":"product_tag-distanzreiten","8":"product_tag-herz-und-kreislauf","9":"product_tag-kein-doping","10":"product_tag-rennpferd","11":"product_tag-springreiten","12":"product_tag-westernreiten","14":"first","15":"instock","16":"taxable","17":"shipping-taxable","18":"purchasable","19":"product-type-variable"},"acf":[],"_links":{"self":[{"href":"https:\/\/unika.sitointest.it\/de\/wp-json\/wp\/v2\/product\/8103","targetHints":{"allow":["GET"]}}],"collection":[{"href":"https:\/\/unika.sitointest.it\/de\/wp-json\/wp\/v2\/product"}],"about":[{"href":"https:\/\/unika.sitointest.it\/de\/wp-json\/wp\/v2\/types\/product"}],"version-history":[{"count":4,"href":"https:\/\/unika.sitointest.it\/de\/wp-json\/wp\/v2\/product\/8103\/revisions"}],"predecessor-version":[{"id":16758,"href":"https:\/\/unika.sitointest.it\/de\/wp-json\/wp\/v2\/product\/8103\/revisions\/16758"}],"wp:featuredmedia":[{"embeddable":true,"href":"https:\/\/unika.sitointest.it\/de\/wp-json\/wp\/v2\/media\/21416"}],"wp:attachment":[{"href":"https:\/\/unika.sitointest.it\/de\/wp-json\/wp\/v2\/media?parent=8103"}],"wp:term":[{"taxonomy":"product_brand","embeddable":true,"href":"https:\/\/unika.sitointest.it\/de\/wp-json\/wp\/v2\/product_brand?post=8103"},{"taxonomy":"product_cat","embeddable":true,"href":"https:\/\/unika.sitointest.it\/de\/wp-json\/wp\/v2\/product_cat?post=8103"},{"taxonomy":"product_tag","embeddable":true,"href":"https:\/\/unika.sitointest.it\/de\/wp-json\/wp\/v2\/product_tag?post=8103"}],"curies":[{"name":"wp","href":"https:\/\/api.w.org\/{rel}","templated":true}]}}