{"id":8051,"date":"2022-11-02T10:20:06","date_gmt":"2022-11-02T09:20:06","guid":{"rendered":"https:\/\/lineaunika.jumpgroup.it\/shop\/unkategorisiert\/biotin-pro-3-000\/"},"modified":"2026-02-16T18:08:36","modified_gmt":"2026-02-16T17:08:36","slug":"biotin-pro-3-000","status":"publish","type":"product","link":"https:\/\/unika.sitointest.it\/de\/shop\/naehrstoffe-und-vitamine\/biotin-pro-3-000\/","title":{"rendered":"Biotin Pro 3.000"},"content":{"rendered":"<h4>Erg\u00e4nzungsfutter f\u00fcr Pferde f\u00fcr besondere Ern\u00e4hrungszwecke \u2013 Unterst\u00fctzung bei der Regeneration von Hufen, Beinen und Haut<\/h4>\n<p>Biotin Pro 3.000 ist das Erg\u00e4nzungsfutter f\u00fcr Pferde, das ihrer Ern\u00e4hrung wichtige Mengen an Biotin, einem Grundelement f\u00fcr das Wachstum von Huf, Fell und Haar, zuf\u00fchrt. Ein kg Biotin Pro 3.000 enth\u00e4lt 3.000 mg Biotin.<\/p>\n<h4>Wann es zu verwenden ist<\/h4>\n<p>Biotin Plus 3.000 eignet sich f\u00fcr:<br \/>\n\u2013 Pferde mit schlechtem Nagelwachstum<br \/>\n\u2013 Pferde mit br\u00fcchigen und\/oder weichen Hufen<br \/>\n\u2013 Pferde mit schlechtem Fellwuchs<br \/>\n\u2013 Pferde mit sp\u00e4rlichem Fell und Haar<\/p>\n<h4>Eigenschaften der Bestandteile<\/h4>\n<p>Biotin ist seit jeher ein wichtiges Vitamin zur Unterst\u00fctzung von Hufen, Fell und Haar. Da es von Pilzen, Hefen, Algen und bestimmten Bakterien (die nicht in der Nahrung des Pferdes vorkommen) synthetisiert wird (46), reicht die vom Pferdedarm selbst produzierte Menge an Biotin oft nicht aus. Au\u00dferdem enth\u00e4lt Getreide sehr wenig verf\u00fcgbares Biotin, so dass die derzeitigen Futterrationen f\u00fcr Sportpferde oft zu einem Mangel f\u00fchren (80).<\/p>\n<h4>Empfohlene Einsatzdauer<\/h4>\n<p>30-50 g Biotin Pro 3.000 pro Tag gut unter die Futterration mischen und bis zu 8 Wochen verwenden.<\/p>\n<p><em>(Aufgrund der Spezifit\u00e4t jedes Organismus sollten neue Allein- und Erg\u00e4nzungsfutter zuerst getestet werden, indem man sie schrittweise in die Ern\u00e4hrung des Pferdes einf\u00fchrt).<\/em><\/p>\n<p><em><strong>Wir f\u00fchren eine Etiketten\u00fcberpr\u00fcfung durch. Wenn Sie das Etikett vor dem Verkauf erhalten m\u00f6chten, bitten wir Sie, uns eine E-Mail an die folgende Adresse zu senden: info@lineaunika.it . Wir entschuldigen uns f\u00fcr die vor\u00fcbergehenden Unannehmlichkeiten.<\/strong><\/em><\/p>\n","protected":false},"excerpt":{"rendered":"<p>\u2714\ufe0f Ideal als Erhaltungskur nach Biotin Plus 10.000<br \/>\n\u2714\ufe0f Praktischer Messbecher in der Verpackung<br \/>\n\u2714\ufe0f Ideal zur Unterst\u00fctzung des Huf-, Fell- und Haarwachstums<\/p>\n","protected":false},"featured_media":20983,"template":"","meta":{"_acf_changed":false,"_joinchat":[]},"product_brand":[],"product_cat":[445],"product_tag":[525],"class_list":{"0":"post-8051","1":"product","2":"type-product","3":"status-publish","4":"has-post-thumbnail","6":"product_cat-naehrstoffe-und-vitamine","7":"product_tag-pferdehufe","9":"first","10":"instock","11":"taxable","12":"shipping-taxable","13":"purchasable","14":"product-type-variable"},"acf":[],"_links":{"self":[{"href":"https:\/\/unika.sitointest.it\/de\/wp-json\/wp\/v2\/product\/8051","targetHints":{"allow":["GET"]}}],"collection":[{"href":"https:\/\/unika.sitointest.it\/de\/wp-json\/wp\/v2\/product"}],"about":[{"href":"https:\/\/unika.sitointest.it\/de\/wp-json\/wp\/v2\/types\/product"}],"version-history":[{"count":3,"href":"https:\/\/unika.sitointest.it\/de\/wp-json\/wp\/v2\/product\/8051\/revisions"}],"predecessor-version":[{"id":15922,"href":"https:\/\/unika.sitointest.it\/de\/wp-json\/wp\/v2\/product\/8051\/revisions\/15922"}],"wp:featuredmedia":[{"embeddable":true,"href":"https:\/\/unika.sitointest.it\/de\/wp-json\/wp\/v2\/media\/20983"}],"wp:attachment":[{"href":"https:\/\/unika.sitointest.it\/de\/wp-json\/wp\/v2\/media?parent=8051"}],"wp:term":[{"taxonomy":"product_brand","embeddable":true,"href":"https:\/\/unika.sitointest.it\/de\/wp-json\/wp\/v2\/product_brand?post=8051"},{"taxonomy":"product_cat","embeddable":true,"href":"https:\/\/unika.sitointest.it\/de\/wp-json\/wp\/v2\/product_cat?post=8051"},{"taxonomy":"product_tag","embeddable":true,"href":"https:\/\/unika.sitointest.it\/de\/wp-json\/wp\/v2\/product_tag?post=8051"}],"curies":[{"name":"wp","href":"https:\/\/api.w.org\/{rel}","templated":true}]}}