{"id":7947,"date":"2022-11-02T09:25:53","date_gmt":"2022-11-02T08:25:53","guid":{"rendered":"https:\/\/lineaunika.jumpgroup.it\/shop\/unkategorisiert\/osteofoals\/"},"modified":"2024-12-16T01:00:16","modified_gmt":"2024-12-16T00:00:16","slug":"osteofoals","status":"publish","type":"product","link":"https:\/\/unika.sitointest.it\/de\/shop\/naehrstoffe-und-vitamine\/osteofoals\/","title":{"rendered":"Osteofoals"},"content":{"rendered":"<h4>Erg\u00e4nzungsfutter f\u00fcr Pferde<\/h4>\n<p>Osteofoals ist das Erg\u00e4nzungsfutter, das in der t\u00e4glichen Ern\u00e4hrung von Zuchtstuten und Fohlen die Aufnahme von Kalzium und Phosphor \u2013 essentielle Elemente f\u00fcr die richtige Entwicklung des Fohlens \u2013 verbessert und dem Schutz der Zuchtstute dient.<br \/>\nOsteofoals ist ein ausgewogenes Pr\u00e4parat, das insbesondere die Ern\u00e4hrungsdefizite des Fohlens ausgleicht, die durch die F\u00fctterung von ausschlie\u00dflich Heu und Getreide nicht kompensiert werden k\u00f6nnen.<\/p>\n<h4>Wann es zu verwenden ist<\/h4>\n<p>Das Erg\u00e4nzungsfutter Osteofoals eignet sich f\u00fcr:<\/p>\n<p>&#8211; die Nahrungsanreicherung der Zuchtstute mit Kalzium und Phosphor, insbesondere ab dem 7. Schwangerschaftsmonat<br \/>\n&#8211; die Nahrungsanreicherung des Fohlens mit Kalzium und Phosphor<br \/>\n&#8211; f\u00fcr alle Pferde, deren Futter mit Kalzium und Phosphor erg\u00e4nzt werden muss..<\/p>\n<h4>Gebrauchsanweisung<\/h4>\n<p>F\u00fcr tr\u00e4chtige Stuten: Ab dem siebten Tr\u00e4chtigkeitsmonat 30-35 g Osteofoals pro Tag unter die t\u00e4gliche Ration mischen und f\u00fcr einen Zeitraum von 6 Monaten \/ 1 Jahr verabreichen.<br \/>\nF\u00fcr Fohlen: 30-50 g Osteofoals pro Tag unter die Tagesration mischen und \u00fcber einen Zeitraum von 6 Monaten \/ 1 Jahr verabreichen.<\/p>\n<p>F\u00fcr erwachsene Pferde: 40 g Osteofoals pro Tag unter die t\u00e4gliche Ration mischen.<\/p>\n<p><strong>Messl\u00f6ffel:<\/strong><\/p>\n<p>voll: 30 g<br \/>\ngeh\u00e4uft: 39 g<\/p>\n<p><em>(Aufgrund der Spezifit\u00e4t jedes Organismus sollten neue Allein- und Erg\u00e4nzungsfutter zuerst getestet werden, indem man sie schrittweise in die Ern\u00e4hrung des Pferdes einf\u00fchrt).<\/em><\/p>\n<p><em><strong>Wir f\u00fchren eine Etiketten\u00fcberpr\u00fcfung durch. Wenn Sie das Etikett vor dem Verkauf erhalten m\u00f6chten, bitten wir Sie, uns eine E-Mail an die folgende Adresse zu senden: info@lineaunika.it . Wir entschuldigen uns f\u00fcr die vor\u00fcbergehenden Unannehmlichkeiten.<\/strong><\/em><\/p>\n","protected":false},"excerpt":{"rendered":"<p>\u2714\ufe0f Praktischer Messbecher in der Verpackung<br \/>\n\u2714\ufe0f Ideal f\u00fcr die korrekte osteoartikul\u00e4re Entwicklung des Fohlens<br \/>\n\u2714\ufe0f Es wurde untersucht, ob es Kalzium und Phosphor in der Ern\u00e4hrung des Pferdes bereitstellt<\/p>\n","protected":false},"featured_media":21509,"template":"","meta":{"_acf_changed":false,"_joinchat":[]},"product_brand":[],"product_cat":[445],"product_tag":[679,521,505],"class_list":{"0":"post-7947","1":"product","2":"type-product","3":"status-publish","4":"has-post-thumbnail","6":"product_cat-naehrstoffe-und-vitamine","7":"product_tag-gelenke","8":"product_tag-pferdezucht","9":"product_tag-stuten-und-fohlen","11":"first","12":"instock","13":"taxable","14":"shipping-taxable","15":"purchasable","16":"product-type-simple"},"acf":[],"_links":{"self":[{"href":"https:\/\/unika.sitointest.it\/de\/wp-json\/wp\/v2\/product\/7947","targetHints":{"allow":["GET"]}}],"collection":[{"href":"https:\/\/unika.sitointest.it\/de\/wp-json\/wp\/v2\/product"}],"about":[{"href":"https:\/\/unika.sitointest.it\/de\/wp-json\/wp\/v2\/types\/product"}],"version-history":[{"count":3,"href":"https:\/\/unika.sitointest.it\/de\/wp-json\/wp\/v2\/product\/7947\/revisions"}],"predecessor-version":[{"id":15930,"href":"https:\/\/unika.sitointest.it\/de\/wp-json\/wp\/v2\/product\/7947\/revisions\/15930"}],"wp:featuredmedia":[{"embeddable":true,"href":"https:\/\/unika.sitointest.it\/de\/wp-json\/wp\/v2\/media\/21509"}],"wp:attachment":[{"href":"https:\/\/unika.sitointest.it\/de\/wp-json\/wp\/v2\/media?parent=7947"}],"wp:term":[{"taxonomy":"product_brand","embeddable":true,"href":"https:\/\/unika.sitointest.it\/de\/wp-json\/wp\/v2\/product_brand?post=7947"},{"taxonomy":"product_cat","embeddable":true,"href":"https:\/\/unika.sitointest.it\/de\/wp-json\/wp\/v2\/product_cat?post=7947"},{"taxonomy":"product_tag","embeddable":true,"href":"https:\/\/unika.sitointest.it\/de\/wp-json\/wp\/v2\/product_tag?post=7947"}],"curies":[{"name":"wp","href":"https:\/\/api.w.org\/{rel}","templated":true}]}}