{"id":7813,"date":"2022-10-28T14:12:20","date_gmt":"2022-10-28T13:12:20","guid":{"rendered":"https:\/\/lineaunika.jumpgroup.it\/shop\/unkategorisiert\/calciumphos\/"},"modified":"2026-02-16T18:08:38","modified_gmt":"2026-02-16T17:08:38","slug":"calciumphos","status":"publish","type":"product","link":"https:\/\/unika.sitointest.it\/de\/shop\/naehrstoffe-und-vitamine\/calciumphos\/","title":{"rendered":"Calciumphos"},"content":{"rendered":"<h4>Erg\u00e4nzungsfutter f\u00fcr Pferde<\/h4>\n<p>Calciumphos ist das ideale Erg\u00e4nzungsfutter, um Zuchtstuten und Fohlen mit wichtigen Kalzium- und Phosphorquellen zu versorgen, die f\u00fcr die Bildung des Fohlenskeletts unerl\u00e4sslich sind. Calciumphos ist eine Mischung aus Kalzium (aus Kalziumlaktat) und Phosphor (aus Mono-Kalziumphosphat, der einzigen Quelle f\u00fcr wasserl\u00f6slichen Phosphor), mit zus\u00e4tzlichem Vitamin B12 und Aminos\u00e4uren wie L-Lysin und L-Threonin.<\/p>\n<h4>Wann es zu verwenden ist<\/h4>\n<p>Calciumphos ist das ideale Erg\u00e4nzungsfutter:<\/p>\n<p>&#8211; w\u00e4hrend der Tr\u00e4chtigkeit der Stute, um ihrer Ern\u00e4hrung wichtige Kalzium- und Phosphorquellen zuzuf\u00fchren<br \/>\n&#8211; in den ersten Monaten des Fohlens, um seine Nahrung mit Kalzium und Phosphor anzureichern, die f\u00fcr ein gesundes Skelett unerl\u00e4sslich sind<br \/>\n&#8211; f\u00fcr die s\u00e4ugende Zuchtstute, um die Milch mit Kalzium und Phosphor anzureichern.<\/p>\n<h4>Eigenschaften der Bestandteile<\/h4>\n<p>Calciumphos verwendet hochverf\u00fcgbare Kalzium- und Phosphorquellen wie Kalziumlaktat und Mono-Kalziumphosphat. Dar\u00fcber hinaus versorgt eine Supplementierung mit Vitamin B12, Vitamin E, Vitamin D3 und Aminos\u00e4uren wie Threonin, Methionin und Lysin das Fohlen und die Zuchtstute mit wichtigen Nahrungselementen.<\/p>\n<h4>Gebrauchsanweisung<\/h4>\n<p>&#8211; F\u00fcr Fohlen: 50-100 g Calciumphos pro Tag unter die Tagesration mischen und \u00fcber einen Zeitraum von mindestens 90-120 Tagen in Folge verabreichen. Calciumphos nach dem Absetzen des Fohlens f\u00fcr einen Zeitraum von mindestens 3-4 Monaten einsetzen.<br \/>\n&#8211; F\u00fcr tr\u00e4chtige Stuten: Ab dem 6. bis 7. Schwangerschaftsmonat 100 g Calciumphos pro Tag unter die Tagesration mischen.<br \/>\n&#8211; F\u00fcr s\u00e4ugende Stuten: 150 g Calciumphos pro Tag unter die t\u00e4gliche Ration mischen. Calciumphos \u00fcber einen Zeitraum von mindestens 90 Tagen in Folge und bis zum Absetzen des Fohlens verwenden.<\/p>\n<p><strong>Messl\u00f6ffel:<\/strong><\/p>\n<p>voll: 31 g<br \/>\ngeh\u00e4uft: 39 g<\/p>\n<p>Nettogewicht: 5kg<\/p>\n<p><em>(Aufgrund der Spezifit\u00e4t jedes Organismus sollten neue Allein- und Erg\u00e4nzungsfutter zuerst getestet werden, indem man sie schrittweise in die Ern\u00e4hrung des Pferdes einf\u00fchrt).<\/em><\/p>\n<p><em><strong>Wir f\u00fchren eine Etiketten\u00fcberpr\u00fcfung durch. Wenn Sie das Etikett vor dem Verkauf erhalten m\u00f6chten, bitten wir Sie, uns eine E-Mail an die folgende Adresse zu senden: info@lineaunika.it . Wir entschuldigen uns f\u00fcr die vor\u00fcbergehenden Unannehmlichkeiten.<\/strong><\/em><\/p>\n","protected":false},"excerpt":{"rendered":"<p>\u2714\ufe0f Praktischer Messbecher in der Verpackung<br \/>\n\u2714\ufe0f Ideal f\u00fcr Stuten und Fohlen<br \/>\n\u2714\ufe0f Es wurde untersucht, ob es Kalzium und Phosphor in der Ern\u00e4hrung des Pferdes bereitstellt<\/p>\n","protected":false},"featured_media":25659,"template":"","meta":{"_acf_changed":false,"_joinchat":[]},"product_brand":[],"product_cat":[445],"product_tag":[679,521,505],"class_list":{"0":"post-7813","1":"product","2":"type-product","3":"status-publish","4":"has-post-thumbnail","6":"product_cat-naehrstoffe-und-vitamine","7":"product_tag-gelenke","8":"product_tag-pferdezucht","9":"product_tag-stuten-und-fohlen","11":"first","12":"instock","13":"taxable","14":"shipping-taxable","15":"purchasable","16":"product-type-simple"},"acf":[],"_links":{"self":[{"href":"https:\/\/unika.sitointest.it\/de\/wp-json\/wp\/v2\/product\/7813","targetHints":{"allow":["GET"]}}],"collection":[{"href":"https:\/\/unika.sitointest.it\/de\/wp-json\/wp\/v2\/product"}],"about":[{"href":"https:\/\/unika.sitointest.it\/de\/wp-json\/wp\/v2\/types\/product"}],"version-history":[{"count":5,"href":"https:\/\/unika.sitointest.it\/de\/wp-json\/wp\/v2\/product\/7813\/revisions"}],"predecessor-version":[{"id":27802,"href":"https:\/\/unika.sitointest.it\/de\/wp-json\/wp\/v2\/product\/7813\/revisions\/27802"}],"wp:featuredmedia":[{"embeddable":true,"href":"https:\/\/unika.sitointest.it\/de\/wp-json\/wp\/v2\/media\/25659"}],"wp:attachment":[{"href":"https:\/\/unika.sitointest.it\/de\/wp-json\/wp\/v2\/media?parent=7813"}],"wp:term":[{"taxonomy":"product_brand","embeddable":true,"href":"https:\/\/unika.sitointest.it\/de\/wp-json\/wp\/v2\/product_brand?post=7813"},{"taxonomy":"product_cat","embeddable":true,"href":"https:\/\/unika.sitointest.it\/de\/wp-json\/wp\/v2\/product_cat?post=7813"},{"taxonomy":"product_tag","embeddable":true,"href":"https:\/\/unika.sitointest.it\/de\/wp-json\/wp\/v2\/product_tag?post=7813"}],"curies":[{"name":"wp","href":"https:\/\/api.w.org\/{rel}","templated":true}]}}