{"id":7796,"date":"2022-10-28T14:02:30","date_gmt":"2022-10-28T13:02:30","guid":{"rendered":"https:\/\/lineaunika.jumpgroup.it\/shop\/unkategorisiert\/glutamix\/"},"modified":"2026-02-16T18:08:59","modified_gmt":"2026-02-16T17:08:59","slug":"glutamix","status":"publish","type":"product","link":"https:\/\/unika.sitointest.it\/de\/shop\/naehrstoffe-und-vitamine\/glutamix\/","title":{"rendered":"Glutamix"},"content":{"rendered":"<h4>Erg\u00e4nzungsfutter f\u00fcr Pferde<\/h4>\n<p>Glutamix ist das Erg\u00e4nzungsfutter, das aus Ern\u00e4hrungssicht die Spermaqualit\u00e4t der Hengste unterst\u00fctzt.<\/p>\n<h4>Wann es zu verwenden ist<\/h4>\n<p>Das Erg\u00e4nzungsfutter Glutamix eignet sich f\u00fcr:<\/p>\n<p>&#8211; Hengste, die im Fortpflanzungsprogramm aufgenommen wurden<br \/>\n&#8211; Hengste, die den einwandfreien physiologischen Zustand der Samenfl\u00fcssigkeit aufrechterhalten m\u00fcssen<\/p>\n<h4>Gebrauchsanweisung<\/h4>\n<p>50 g Glutamix pro Tag unter die Tagesration mischen und \u00fcber einen Zeitraum von mindestens 55-60 Tagen in Folge verabreichen.<\/p>\n<p><strong>Messl\u00f6ffel:<\/strong><\/p>\n<p>\u2013 voll: 18 g<br \/>\n\u2013 geh\u00e4uft: 22 g<\/p>\n<p>Nettogewicht: 1kg<\/p>\n<p><em>(Aufgrund der Spezifit\u00e4t jedes Organismus sollten neue Allein- und Erg\u00e4nzungsfutter zuerst getestet werden, indem man sie schrittweise in die Ern\u00e4hrung des Pferdes einf\u00fchrt).<\/em><\/p>\n<p><em><strong>Wir f\u00fchren eine Etiketten\u00fcberpr\u00fcfung durch. Wenn Sie das Etikett vor dem Verkauf erhalten m\u00f6chten, bitten wir Sie, uns eine E-Mail an die folgende Adresse zu senden: info@lineaunika.it . Wir entschuldigen uns f\u00fcr die vor\u00fcbergehenden Unannehmlichkeiten.<\/strong><\/em><\/p>\n","protected":false},"excerpt":{"rendered":"<p>\u2714\ufe0f Ideal zur Unterst\u00fctzung der Brunstvorbereitung und -reproduktion<br \/>\n\u2714\ufe0f Praktischer Messbecher in der Verpackung<br \/>\n\u2714\ufe0f Ideal zur Aufrechterhaltung einer guten Samenqualit\u00e4t<\/p>\n","protected":false},"featured_media":21440,"template":"","meta":{"_acf_changed":false,"_joinchat":[]},"product_brand":[],"product_cat":[445],"product_tag":[517,521],"class_list":{"0":"post-7796","1":"product","2":"type-product","3":"status-publish","4":"has-post-thumbnail","6":"product_cat-naehrstoffe-und-vitamine","7":"product_tag-hengst","8":"product_tag-pferdezucht","10":"first","11":"instock","12":"taxable","13":"shipping-taxable","14":"purchasable","15":"product-type-simple"},"acf":[],"_links":{"self":[{"href":"https:\/\/unika.sitointest.it\/de\/wp-json\/wp\/v2\/product\/7796","targetHints":{"allow":["GET"]}}],"collection":[{"href":"https:\/\/unika.sitointest.it\/de\/wp-json\/wp\/v2\/product"}],"about":[{"href":"https:\/\/unika.sitointest.it\/de\/wp-json\/wp\/v2\/types\/product"}],"version-history":[{"count":5,"href":"https:\/\/unika.sitointest.it\/de\/wp-json\/wp\/v2\/product\/7796\/revisions"}],"predecessor-version":[{"id":27826,"href":"https:\/\/unika.sitointest.it\/de\/wp-json\/wp\/v2\/product\/7796\/revisions\/27826"}],"wp:featuredmedia":[{"embeddable":true,"href":"https:\/\/unika.sitointest.it\/de\/wp-json\/wp\/v2\/media\/21440"}],"wp:attachment":[{"href":"https:\/\/unika.sitointest.it\/de\/wp-json\/wp\/v2\/media?parent=7796"}],"wp:term":[{"taxonomy":"product_brand","embeddable":true,"href":"https:\/\/unika.sitointest.it\/de\/wp-json\/wp\/v2\/product_brand?post=7796"},{"taxonomy":"product_cat","embeddable":true,"href":"https:\/\/unika.sitointest.it\/de\/wp-json\/wp\/v2\/product_cat?post=7796"},{"taxonomy":"product_tag","embeddable":true,"href":"https:\/\/unika.sitointest.it\/de\/wp-json\/wp\/v2\/product_tag?post=7796"}],"curies":[{"name":"wp","href":"https:\/\/api.w.org\/{rel}","templated":true}]}}