{"id":7780,"date":"2022-10-28T13:44:38","date_gmt":"2022-10-28T12:44:38","guid":{"rendered":"https:\/\/lineaunika.jumpgroup.it\/shop\/unkategorisiert\/carnimix\/"},"modified":"2026-02-16T18:08:38","modified_gmt":"2026-02-16T17:08:38","slug":"carnimix","status":"publish","type":"product","link":"https:\/\/unika.sitointest.it\/de\/shop\/naehrstoffe-und-vitamine\/carnimix\/","title":{"rendered":"Carnimix"},"content":{"rendered":"<h4>Erg\u00e4nzungsfutter f\u00fcr Pferde f\u00fcr besondere Ern\u00e4hrungszwecke \u2013 Unterst\u00fctzung der Brunst und Fortpflanzung<\/h4>\n<p>Carnimix ist das Erg\u00e4nzungsfutter f\u00fcr besondere Ern\u00e4hrungszwecke zur Unterst\u00fctzung der Brunstvorbereitung und Fortpflanzung.<\/p>\n<h4>Wann es zu verwenden ist<\/h4>\n<p>Carnimix eignet sich f\u00fcr:<\/p>\n<p>&#8211; Hengste, die im Fortpflanzungsprogramm aufgenommen wurden<br \/>\n&#8211; die Unterst\u00fctzung des Hengstes f\u00fcr die korrekte Spermaproduktion<br \/>\n&#8211; Hengste, die den einwandfreien physiologischen Zustand der Samenfl\u00fcssigkeit aufrechterhalten m\u00fcssen<br \/>\n&#8211; Hengste, die w\u00e4hrend der Zuchtsaison eine gute k\u00f6rperliche Form aufrechterhalten m\u00fcssen.<\/p>\n<h4>Gebrauchsanweisung<\/h4>\n<p>50-60 g Carnimix pro Tag unter die Tagesration mischen und \u00fcber einen Zeitraum von mindestens 55-60 Tagen in Folge verabreichen.<\/p>\n<p><strong>Empfohlene Einsatzdauer:<\/strong> Hengste sollten Carnimix w\u00e4hrend der reproduktiven Aktivit\u00e4t einnehmen.<\/p>\n<p><strong>Messl\u00f6ffel:<\/strong><\/p>\n<p>voll: 18 g<br \/>\ngeh\u00e4uft: 22 g<\/p>\n<p>Nettogewicht: 1kg<\/p>\n<p><em>(Aufgrund der Spezifit\u00e4t jedes Organismus sollten neue Allein- und Erg\u00e4nzungsfutter zuerst getestet werden, indem man sie schrittweise in die Ern\u00e4hrung des Pferdes einf\u00fchrt).<\/em><\/p>\n<p><em><strong>Wir f\u00fchren eine Etiketten\u00fcberpr\u00fcfung durch. Wenn Sie das Etikett vor dem Verkauf erhalten m\u00f6chten, bitten wir Sie, uns eine E-Mail an die folgende Adresse zu senden: info@lineaunika.it . Wir entschuldigen uns f\u00fcr die vor\u00fcbergehenden Unannehmlichkeiten.<\/strong><\/em><\/p>\n","protected":false},"excerpt":{"rendered":"<p>\u2714\ufe0f Praktischer Messbecher in der Verpackung<br \/>\n\u2714\ufe0f Ideal f\u00fcr Hengste w\u00e4hrend der Deckzeit<\/p>\n","protected":false},"featured_media":21002,"template":"","meta":{"_acf_changed":false,"_joinchat":[]},"product_brand":[],"product_cat":[445],"product_tag":[517,521],"class_list":{"0":"post-7780","1":"product","2":"type-product","3":"status-publish","4":"has-post-thumbnail","6":"product_cat-naehrstoffe-und-vitamine","7":"product_tag-hengst","8":"product_tag-pferdezucht","10":"first","11":"instock","12":"taxable","13":"shipping-taxable","14":"purchasable","15":"product-type-simple"},"acf":[],"_links":{"self":[{"href":"https:\/\/unika.sitointest.it\/de\/wp-json\/wp\/v2\/product\/7780","targetHints":{"allow":["GET"]}}],"collection":[{"href":"https:\/\/unika.sitointest.it\/de\/wp-json\/wp\/v2\/product"}],"about":[{"href":"https:\/\/unika.sitointest.it\/de\/wp-json\/wp\/v2\/types\/product"}],"version-history":[{"count":4,"href":"https:\/\/unika.sitointest.it\/de\/wp-json\/wp\/v2\/product\/7780\/revisions"}],"predecessor-version":[{"id":27803,"href":"https:\/\/unika.sitointest.it\/de\/wp-json\/wp\/v2\/product\/7780\/revisions\/27803"}],"wp:featuredmedia":[{"embeddable":true,"href":"https:\/\/unika.sitointest.it\/de\/wp-json\/wp\/v2\/media\/21002"}],"wp:attachment":[{"href":"https:\/\/unika.sitointest.it\/de\/wp-json\/wp\/v2\/media?parent=7780"}],"wp:term":[{"taxonomy":"product_brand","embeddable":true,"href":"https:\/\/unika.sitointest.it\/de\/wp-json\/wp\/v2\/product_brand?post=7780"},{"taxonomy":"product_cat","embeddable":true,"href":"https:\/\/unika.sitointest.it\/de\/wp-json\/wp\/v2\/product_cat?post=7780"},{"taxonomy":"product_tag","embeddable":true,"href":"https:\/\/unika.sitointest.it\/de\/wp-json\/wp\/v2\/product_tag?post=7780"}],"curies":[{"name":"wp","href":"https:\/\/api.w.org\/{rel}","templated":true}]}}