{"id":7764,"date":"2022-10-28T13:34:03","date_gmt":"2022-10-28T12:34:03","guid":{"rendered":"https:\/\/lineaunika.jumpgroup.it\/shop\/unkategorisiert\/redulact\/"},"modified":"2023-06-20T13:57:06","modified_gmt":"2023-06-20T13:57:06","slug":"redulact","status":"publish","type":"product","link":"https:\/\/unika.sitointest.it\/de\/shop\/naehrstoffe-und-vitamine\/redulact\/","title":{"rendered":"Redulact"},"content":{"rendered":"<h4>Erg\u00e4nzungsfutter f\u00fcr Pferde f\u00fcr besondere Ern\u00e4hrungszwecke \u2013 Unterst\u00fctzung bei der Vorbereitung auf sportliche Aktivit\u00e4ten und der anschlie\u00dfenden Erholung.<\/h4>\n<p>Redulact ist das Erg\u00e4nzungsfutter f\u00fcr besondere Ern\u00e4hrungszwecke f\u00fcr Pferde und unterst\u00fctzt die Vorbereitung auf sportliche Aktivit\u00e4ten und die anschlie\u00dfende Erholung. Redulact wird in praktischen Einzelportionsbeuteln angeboten, die sich f\u00fcr den Einsatz an Wettkampftagen eignen. Redulact ergab sich aus dem Bed\u00fcrfnis unserer Spitzenreiter, an Wettkampftagen den Anspr\u00fcchen ihrer Pferde gerecht zu werden.<\/p>\n<h4>Wann es zu verwenden ist<\/h4>\n<p>Das Erg\u00e4nzungsfutter Redulact eignet sich f\u00fcr:<\/p>\n<p>&#8211; Wettkampftage und Tage vor einem wichtigen Turnier<br \/>\n&#8211; die Erg\u00e4nzung der Ern\u00e4hrung des Sportpferdes mit allen Elementen, die f\u00fcr den Wettkampf notwendig sind.<\/p>\n<h4>Gebrauchsanweisung<\/h4>\n<p>Redulact ist ein Einzelportionsbeutel zu 220 g. Redulact direkt in die Futterkrippe unter die t\u00e4gliche Ration mischen.<\/p>\n<p><strong>Jeder Beutel enth\u00e4lt:<\/strong> 7 g L-Carnitin, 6.000 mg Vitamin E, 16.000 mg Natrium, 1.600 mg Kalium, 900 mg Magnesium und 880 mg Kalzium.<\/p>\n<p><strong>Empfohlene Einsatzdauer:<\/strong> bis zu acht Wochen vor sportlicher Aktivit\u00e4t und bis zu vier Wochen danach.<\/p>\n<p><em>(Aufgrund der Spezifit\u00e4t jedes Organismus sollten neue Allein- und Erg\u00e4nzungsfutter zuerst getestet werden, indem man sie schrittweise in die Ern\u00e4hrung des Pferdes einf\u00fchrt).<\/em><\/p>\n<p><em><strong>Wir f\u00fchren eine Etiketten\u00fcberpr\u00fcfung durch. Wenn Sie das Etikett vor dem Verkauf erhalten m\u00f6chten, bitten wir Sie, uns eine E-Mail an die folgende Adresse zu senden: info@lineaunika.it . Wir entschuldigen uns f\u00fcr die vor\u00fcbergehenden Unannehmlichkeiten.<\/strong><\/em><\/p>\n","protected":false},"excerpt":{"rendered":"<p>\u2714\ufe0f Einfache Anwendung: 1 Beutel pro Tag<br \/>\n\u2714\ufe0f Ideal f\u00fcr Leistungspferde<br \/>\n\u2714\ufe0f Ideal zur Vorbereitung auf sportliche Aktivit\u00e4ten und zur anschlie\u00dfenden Erholung<\/p>\n","protected":false},"featured_media":21529,"template":"","meta":{"_acf_changed":false,"_joinchat":[]},"product_brand":[],"product_cat":[445],"product_tag":[465,469,489,497,485,477,461,473],"class_list":{"0":"post-7764","1":"product","2":"type-product","3":"status-publish","4":"has-post-thumbnail","6":"product_cat-naehrstoffe-und-vitamine","7":"product_tag-distanzreiten","8":"product_tag-dressurreiten","9":"product_tag-kein-doping","10":"product_tag-milchsaeure","11":"product_tag-muskeln","12":"product_tag-rennpferd","13":"product_tag-springreiten","14":"product_tag-westernreiten","16":"first","17":"instock","18":"taxable","19":"shipping-taxable","20":"purchasable","21":"product-type-simple"},"acf":[],"_links":{"self":[{"href":"https:\/\/unika.sitointest.it\/de\/wp-json\/wp\/v2\/product\/7764","targetHints":{"allow":["GET"]}}],"collection":[{"href":"https:\/\/unika.sitointest.it\/de\/wp-json\/wp\/v2\/product"}],"about":[{"href":"https:\/\/unika.sitointest.it\/de\/wp-json\/wp\/v2\/types\/product"}],"version-history":[{"count":3,"href":"https:\/\/unika.sitointest.it\/de\/wp-json\/wp\/v2\/product\/7764\/revisions"}],"predecessor-version":[{"id":15947,"href":"https:\/\/unika.sitointest.it\/de\/wp-json\/wp\/v2\/product\/7764\/revisions\/15947"}],"wp:featuredmedia":[{"embeddable":true,"href":"https:\/\/unika.sitointest.it\/de\/wp-json\/wp\/v2\/media\/21529"}],"wp:attachment":[{"href":"https:\/\/unika.sitointest.it\/de\/wp-json\/wp\/v2\/media?parent=7764"}],"wp:term":[{"taxonomy":"product_brand","embeddable":true,"href":"https:\/\/unika.sitointest.it\/de\/wp-json\/wp\/v2\/product_brand?post=7764"},{"taxonomy":"product_cat","embeddable":true,"href":"https:\/\/unika.sitointest.it\/de\/wp-json\/wp\/v2\/product_cat?post=7764"},{"taxonomy":"product_tag","embeddable":true,"href":"https:\/\/unika.sitointest.it\/de\/wp-json\/wp\/v2\/product_tag?post=7764"}],"curies":[{"name":"wp","href":"https:\/\/api.w.org\/{rel}","templated":true}]}}