{"id":7746,"date":"2022-10-28T13:22:07","date_gmt":"2022-10-28T12:22:07","guid":{"rendered":"https:\/\/lineaunika.jumpgroup.it\/shop\/unkategorisiert\/r-aminoacid\/"},"modified":"2026-02-16T18:09:16","modified_gmt":"2026-02-16T17:09:16","slug":"r-aminoacid","status":"publish","type":"product","link":"https:\/\/unika.sitointest.it\/de\/shop\/naehrstoffe-und-vitamine\/r-aminoacid\/","title":{"rendered":"R-Aminoacid"},"content":{"rendered":"<h4>Erg\u00e4nzungsfutter f\u00fcr Pferde<\/h4>\n<p>R-Aminoacid ist das Erg\u00e4nzungsfutter, das verzweigtkettige Aminos\u00e4uren und edle Proteinquellen in die Ern\u00e4hrung des Pferdes einbringt und die Muskelmasse unterst\u00fctzt. R-Aminoacid ist mit verzweigtkettigen Aminos\u00e4uren wie L-Valin, L-Isoleucin und L-Leucin und mangelnden Aminos\u00e4uren wie L-Lysin, L-Threonin, DL-Methionin formuliert.<\/p>\n<h4>Wann es zu verwenden ist<\/h4>\n<p>Das Erg\u00e4nzungsfutter R-aminoacid eignet sich f\u00fcr:<\/p>\n<p>&#8211; die Unterst\u00fctzung der Muskelmasse<br \/>\n&#8211; die Erh\u00f6hung des Proteinanteils in der Pferdenahrung<br \/>\n&#8211; die Versorgung des Pferdes mit wichtigen mangelnden Aminos\u00e4uren<br \/>\n&#8211; Sportpferde<\/p>\n<h4>Gebrauchsanweisung<\/h4>\n<p>&#8211; F\u00fcr Spring-, Dressur- und Vielseitigkeitspferde: 80 g R-Aminoacid pro Tag unter die t\u00e4gliche Ration mischen.<br \/>\n&#8211; F\u00fcr Araber und Quarter Horses: 50 g R-Aminoacid pro Tag unter die t\u00e4gliche Ration mischen.<br \/>\n&#8211; F\u00fcr Ponys: 40 g R-Aminoacid pro Tag unter die t\u00e4gliche Ration mischen.<\/p>\n<p><em>(Aufgrund der Spezifit\u00e4t jedes Organismus sollten neue Allein- und Erg\u00e4nzungsfutter zuerst getestet werden, indem man sie schrittweise in die Ern\u00e4hrung des Pferdes einf\u00fchrt).<\/em><\/p>\n<p><em><strong>Wir f\u00fchren eine Etiketten\u00fcberpr\u00fcfung durch. Wenn Sie das Etikett vor dem Verkauf erhalten m\u00f6chten, bitten wir Sie, uns eine E-Mail an die folgende Adresse zu senden: info@lineaunika.it . Wir entschuldigen uns f\u00fcr die vor\u00fcbergehenden Unannehmlichkeiten.<\/strong><\/em><\/p>\n","protected":false},"excerpt":{"rendered":"<p>\u2714\ufe0f Ideal zur Erg\u00e4nzung der Ern\u00e4hrung des Pferdes mit Aminos\u00e4uren und edlen Proteinquellen<br \/>\n\u2714\ufe0f Praktischer Messbecher in der Verpackung<br \/>\n\u2714\ufe0f Ideal zur Unterst\u00fctzung des nat\u00fcrlichen Aufbaus von Muskelmasse<\/p>\n","protected":false},"featured_media":21521,"template":"","meta":{"_acf_changed":false,"_joinchat":[]},"product_brand":[],"product_cat":[445],"product_tag":[489,485],"class_list":{"0":"post-7746","1":"product","2":"type-product","3":"status-publish","4":"has-post-thumbnail","6":"product_cat-naehrstoffe-und-vitamine","7":"product_tag-kein-doping","8":"product_tag-muskeln","10":"first","11":"instock","12":"taxable","13":"shipping-taxable","14":"purchasable","15":"product-type-variable"},"acf":[],"_links":{"self":[{"href":"https:\/\/unika.sitointest.it\/de\/wp-json\/wp\/v2\/product\/7746","targetHints":{"allow":["GET"]}}],"collection":[{"href":"https:\/\/unika.sitointest.it\/de\/wp-json\/wp\/v2\/product"}],"about":[{"href":"https:\/\/unika.sitointest.it\/de\/wp-json\/wp\/v2\/types\/product"}],"version-history":[{"count":6,"href":"https:\/\/unika.sitointest.it\/de\/wp-json\/wp\/v2\/product\/7746\/revisions"}],"predecessor-version":[{"id":15952,"href":"https:\/\/unika.sitointest.it\/de\/wp-json\/wp\/v2\/product\/7746\/revisions\/15952"}],"wp:featuredmedia":[{"embeddable":true,"href":"https:\/\/unika.sitointest.it\/de\/wp-json\/wp\/v2\/media\/21521"}],"wp:attachment":[{"href":"https:\/\/unika.sitointest.it\/de\/wp-json\/wp\/v2\/media?parent=7746"}],"wp:term":[{"taxonomy":"product_brand","embeddable":true,"href":"https:\/\/unika.sitointest.it\/de\/wp-json\/wp\/v2\/product_brand?post=7746"},{"taxonomy":"product_cat","embeddable":true,"href":"https:\/\/unika.sitointest.it\/de\/wp-json\/wp\/v2\/product_cat?post=7746"},{"taxonomy":"product_tag","embeddable":true,"href":"https:\/\/unika.sitointest.it\/de\/wp-json\/wp\/v2\/product_tag?post=7746"}],"curies":[{"name":"wp","href":"https:\/\/api.w.org\/{rel}","templated":true}]}}