{"id":7713,"date":"2022-10-28T12:51:41","date_gmt":"2022-10-28T11:51:41","guid":{"rendered":"https:\/\/lineaunika.jumpgroup.it\/shop\/unkategorisiert\/neutra-liquid\/"},"modified":"2026-02-16T18:09:10","modified_gmt":"2026-02-16T17:09:10","slug":"neutra-liquid","status":"publish","type":"product","link":"https:\/\/unika.sitointest.it\/de\/shop\/naehrstoffe-und-vitamine\/neutra-liquid\/","title":{"rendered":"Neutra Liquid"},"content":{"rendered":"<h4>Erg\u00e4nzungsfutter f\u00fcr Pferde<\/h4>\n<p>Neutra Liquid ist das fl\u00fcssige Erg\u00e4nzungsfutter aus Elementen, die im K\u00f6rper den pH-Wert ausgleichen.<\/p>\n<h4>Wann es zu verwenden ist<\/h4>\n<p>Neutra Liquid ist ein Erg\u00e4nzungsfutter f\u00fcr Pferde, die Sport treiben und ihre Muskeln auch nach intensiver Anstrengung in perfekter Form halten m\u00fcssen. Neutra Liquid ist f\u00fcr den t\u00e4glichen Gebrauch, auch an Wettkampftagen, als Puffer einsetzbar. Durch das leicht dickfl\u00fcssige Format ist es unter die t\u00e4gliche Ration perfekt mischbar. Es eignet sich besonders f\u00fcr eine Ern\u00e4hrung auf Getreidebasis, wenn man dem zu hohen S\u00e4uregehalt im Darm entgegenwirken muss, der an die hohe St\u00e4rkemenge, die das Pferd verdauen muss, gebunden ist. Eine F\u00fctterung mit hoher Zufuhr von Getreideflocken sollte immer mit einem Erg\u00e4nzungsfutter wie Neutra Liquid erg\u00e4nzt werden.<\/p>\n<h4>Eigenschaften der Bestandteile<\/h4>\n<p>Neutra Liquid ist eine Mischung aus Natriumzitrat, die mit wichtigen Vitaminen der Gruppe B und Betain (Trimethylglycin) angereichert wird. Trimethylglycin unterst\u00fctzt den Abbau der Milchs\u00e4ure in den Muskeln und f\u00f6rdert deren Umwandlung in f\u00fcr Muskeln sofort verf\u00fcgbare Energie (26).<\/p>\n<h4>Gebrauchsanweisung<\/h4>\n<p>50-60 ml Neutra Liquid pro Tag unter die t\u00e4gliche Ration mischen. Die Menge entspricht einer Espressotasse. Neutra Liquid ist ein Produkt, das w\u00e4hrend der gesamten Wettkampfvorbereitung immer wieder in die Ern\u00e4hrung des Sportpferdes integriert werden sollte. An Wettkampftagen sollte die Tagesmenge Neutra Liquid verdoppelt werden, sofern nicht auch die Spritzen Lactic Control verwendet werden.<\/p>\n<p><em>(Aufgrund der Spezifit\u00e4t jedes Organismus sollten neue Allein- und Erg\u00e4nzungsfutter zuerst getestet werden, indem man sie schrittweise in die Ern\u00e4hrung des Pferdes einf\u00fchrt).<\/em><\/p>\n<p><em><strong>Wir f\u00fchren eine Etiketten\u00fcberpr\u00fcfung durch. Wenn Sie das Etikett vor dem Verkauf erhalten m\u00f6chten, bitten wir Sie, uns eine E-Mail an die folgende Adresse zu senden: info@lineaunika.it . Wir entschuldigen uns f\u00fcr die vor\u00fcbergehenden Unannehmlichkeiten.<\/strong><\/em><\/p>\n","protected":false},"excerpt":{"rendered":"<p>\u2714\ufe0f Fl\u00fcssiges Produkt f\u00fcr Pferde, die keine Pulver m\u00f6gen<br \/>\n\u2714\ufe0f Ideal f\u00fcr alle Disziplinen<br \/>\n\u2714\ufe0f Angereichert mit n\u00fctzlichen Elementen zur Behandlung von Milchs\u00e4ure<\/p>\n","protected":false},"featured_media":25683,"template":"","meta":{"_acf_changed":false,"_joinchat":[]},"product_brand":[],"product_cat":[445],"product_tag":[465,469,481,489,497,485,477,461,473],"class_list":{"0":"post-7713","1":"product","2":"type-product","3":"status-publish","4":"has-post-thumbnail","6":"product_cat-naehrstoffe-und-vitamine","7":"product_tag-distanzreiten","8":"product_tag-dressurreiten","9":"product_tag-energie-de","10":"product_tag-kein-doping","11":"product_tag-milchsaeure","12":"product_tag-muskeln","13":"product_tag-rennpferd","14":"product_tag-springreiten","15":"product_tag-westernreiten","17":"first","18":"instock","19":"taxable","20":"shipping-taxable","21":"purchasable","22":"product-type-variable"},"acf":[],"_links":{"self":[{"href":"https:\/\/unika.sitointest.it\/de\/wp-json\/wp\/v2\/product\/7713","targetHints":{"allow":["GET"]}}],"collection":[{"href":"https:\/\/unika.sitointest.it\/de\/wp-json\/wp\/v2\/product"}],"about":[{"href":"https:\/\/unika.sitointest.it\/de\/wp-json\/wp\/v2\/types\/product"}],"version-history":[{"count":3,"href":"https:\/\/unika.sitointest.it\/de\/wp-json\/wp\/v2\/product\/7713\/revisions"}],"predecessor-version":[{"id":15956,"href":"https:\/\/unika.sitointest.it\/de\/wp-json\/wp\/v2\/product\/7713\/revisions\/15956"}],"wp:featuredmedia":[{"embeddable":true,"href":"https:\/\/unika.sitointest.it\/de\/wp-json\/wp\/v2\/media\/25683"}],"wp:attachment":[{"href":"https:\/\/unika.sitointest.it\/de\/wp-json\/wp\/v2\/media?parent=7713"}],"wp:term":[{"taxonomy":"product_brand","embeddable":true,"href":"https:\/\/unika.sitointest.it\/de\/wp-json\/wp\/v2\/product_brand?post=7713"},{"taxonomy":"product_cat","embeddable":true,"href":"https:\/\/unika.sitointest.it\/de\/wp-json\/wp\/v2\/product_cat?post=7713"},{"taxonomy":"product_tag","embeddable":true,"href":"https:\/\/unika.sitointest.it\/de\/wp-json\/wp\/v2\/product_tag?post=7713"}],"curies":[{"name":"wp","href":"https:\/\/api.w.org\/{rel}","templated":true}]}}