{"id":7693,"date":"2022-10-28T12:37:21","date_gmt":"2022-10-28T11:37:21","guid":{"rendered":"https:\/\/lineaunika.jumpgroup.it\/shop\/unkategorisiert\/maltoenergy\/"},"modified":"2026-02-16T18:09:06","modified_gmt":"2026-02-16T17:09:06","slug":"maltoenergy","status":"publish","type":"product","link":"https:\/\/unika.sitointest.it\/de\/shop\/naehrstoffe-und-vitamine\/maltoenergy\/","title":{"rendered":"Maltoenergy"},"content":{"rendered":"<h4>Erg\u00e4nzungsfutter f\u00fcr Pferde<\/h4>\n<p>Maltoenergy ist das Erg\u00e4nzungsfutter im gelpastenf\u00f6rmigen Spritzen-Format, welches das Pferd im Wettkampf mit der n\u00f6tigen Energie unterst\u00fctzt. Maltoenergy setzt sich aus Maltodextrin und Vitamin C zusammen: wichtige Elemente f\u00fcr Pferde, die Energie f\u00fcr eine zuk\u00fcnftige Anstrengung (Training, Wettkampf, Trekking etc.) ben\u00f6tigen.<\/p>\n<h4>Wann es zu verwenden ist<\/h4>\n<p>Maltoenergy ist das ideale Erg\u00e4nzungsfutter f\u00fcr alle, die ihrem Pferd vor dem Wettkampf einen gebrauchsfertigen Energieschub geben wollen.<\/p>\n<h4>Eigenschaften der Bestandteile<\/h4>\n<p>Maltodextrine sind Kohlenhydrate, die dem K\u00f6rper in sehr kurzer Zeit Energie zuf\u00fchren. Das liegt daran, dass es sich um Zucker handelt, die nicht im Magen-Darm-Trakt verdaut werden m\u00fcssen, sondern direkt in die Blutbahn gelangen.<\/p>\n<h4>Gebrauchsanweisung<\/h4>\n<p>Eine Spritze Maltoenergy 1 Stunde vor dem Wettkampf verabreichen.<br \/>\n&#8211; F\u00fcr Springpferde: Maltoenergy kann vor dem Wettkampf (1 Stunde vorher) und auch zwischen dem ersten Durchgang und der Barrage verabreicht werden.<br \/>\n&#8211; F\u00fcr Distanzpferde: Maltoenergy kann vor dem Wettkampf (1 Stunde vorher) und an den Gates im Wettkampf verabreicht werden.<\/p>\n<p>Nettogewicht: 120g<\/p>\n<p><em>(Aufgrund der Spezifit\u00e4t jedes Organismus sollten neue Allein- und Erg\u00e4nzungsfutter zuerst getestet werden, indem man sie schrittweise in die Ern\u00e4hrung des Pferdes einf\u00fchrt).<\/em><\/p>\n<p><em><strong>Wir f\u00fchren eine Etiketten\u00fcberpr\u00fcfung durch. Wenn Sie das Etikett vor dem Verkauf erhalten m\u00f6chten, bitten wir Sie, uns eine E-Mail an die folgende Adresse zu senden: info@lineaunika.it . Wir entschuldigen uns f\u00fcr die vor\u00fcbergehenden Unannehmlichkeiten.<\/strong><\/em><\/p>\n","protected":false},"excerpt":{"rendered":"<p>\u2714\ufe0f Gebrauchsfertige Einzeldosisspritze<br \/>\n\u2714\ufe0f F\u00fcr alle Disziplinen geeignet<br \/>\n\u2714\ufe0f Energie in kurzer Zeit<\/p>\n","protected":false},"featured_media":21601,"template":"","meta":{"_acf_changed":false,"_joinchat":[]},"product_brand":[],"product_cat":[445],"product_tag":[465,481,489,485,461,473],"class_list":{"0":"post-7693","1":"product","2":"type-product","3":"status-publish","4":"has-post-thumbnail","6":"product_cat-naehrstoffe-und-vitamine","7":"product_tag-distanzreiten","8":"product_tag-energie-de","9":"product_tag-kein-doping","10":"product_tag-muskeln","11":"product_tag-springreiten","12":"product_tag-westernreiten","14":"first","15":"instock","16":"taxable","17":"shipping-taxable","18":"purchasable","19":"product-type-simple"},"acf":[],"_links":{"self":[{"href":"https:\/\/unika.sitointest.it\/de\/wp-json\/wp\/v2\/product\/7693","targetHints":{"allow":["GET"]}}],"collection":[{"href":"https:\/\/unika.sitointest.it\/de\/wp-json\/wp\/v2\/product"}],"about":[{"href":"https:\/\/unika.sitointest.it\/de\/wp-json\/wp\/v2\/types\/product"}],"version-history":[{"count":4,"href":"https:\/\/unika.sitointest.it\/de\/wp-json\/wp\/v2\/product\/7693\/revisions"}],"predecessor-version":[{"id":27832,"href":"https:\/\/unika.sitointest.it\/de\/wp-json\/wp\/v2\/product\/7693\/revisions\/27832"}],"wp:featuredmedia":[{"embeddable":true,"href":"https:\/\/unika.sitointest.it\/de\/wp-json\/wp\/v2\/media\/21601"}],"wp:attachment":[{"href":"https:\/\/unika.sitointest.it\/de\/wp-json\/wp\/v2\/media?parent=7693"}],"wp:term":[{"taxonomy":"product_brand","embeddable":true,"href":"https:\/\/unika.sitointest.it\/de\/wp-json\/wp\/v2\/product_brand?post=7693"},{"taxonomy":"product_cat","embeddable":true,"href":"https:\/\/unika.sitointest.it\/de\/wp-json\/wp\/v2\/product_cat?post=7693"},{"taxonomy":"product_tag","embeddable":true,"href":"https:\/\/unika.sitointest.it\/de\/wp-json\/wp\/v2\/product_tag?post=7693"}],"curies":[{"name":"wp","href":"https:\/\/api.w.org\/{rel}","templated":true}]}}