{"id":7674,"date":"2022-10-28T12:23:05","date_gmt":"2022-10-28T11:23:05","guid":{"rendered":"https:\/\/lineaunika.jumpgroup.it\/shop\/unkategorisiert\/lactic-control\/"},"modified":"2026-02-16T18:09:05","modified_gmt":"2026-02-16T17:09:05","slug":"lactic-control","status":"publish","type":"product","link":"https:\/\/unika.sitointest.it\/de\/shop\/naehrstoffe-und-vitamine\/lactic-control\/","title":{"rendered":"Lactic Control"},"content":{"rendered":"<h4>Erg\u00e4nzungsfutter f\u00fcr Pferde<\/h4>\n<p>Lactic Control ist das Erg\u00e4nzungsfutter im gelpastenf\u00f6rmigen Spritzen-Format, das n\u00fctzlich ist, um die Muskeln nach dem Wettkampf in perfekter Form zu halten.<\/p>\n<h4>Wann es zu verwenden ist<\/h4>\n<p>Lactic Control ist das ideale Erg\u00e4nzungsfutter f\u00fcr alle, welche die physiologischen Muskelbedingungen des Pferdes aufrechterhalten wollen. Lactic Control ist an Wettkampftagen n\u00fctzlich, um die Muskeln in perfekter Form zu halten, damit sie an den folgenden Tagen wettkampff\u00e4hig sind. Milchs\u00e4ure ist der Feind Nummer eins von Sportpferden und die Aufrechterhaltung der physiologischen Muskelbedingungen ist eines der Geheimnisse, um immer leistungsf\u00e4hige Pferde zu haben.<\/p>\n<h4>Eigenschaften der Bestandteile<\/h4>\n<p>Lactic Control enth\u00e4lt L-Carnitin und Natriumzitrat, Substanzen, die dem K\u00f6rper helfen, die Milchs\u00e4ure in den Griff zu bekommen (18, 26).<\/p>\n<h4>Gebrauchsanweisung<\/h4>\n<p>3-4 Stunden vor einem Wettkampf eine ganze Spritze Lactic Control verabreichen. Eine Spritze Lactic Control auch nach der Wettkampfleistung geben, wenn das Pferd am n\u00e4chsten Tag ebenfalls einen Wettkampf bestreiten wird.<\/p>\n<p>Nettogewicht: 120g<\/p>\n<p><em>(Aufgrund der Spezifit\u00e4t jedes Organismus sollten neue Allein- und Erg\u00e4nzungsfutter zuerst getestet werden, indem man sie schrittweise in die Ern\u00e4hrung des Pferdes einf\u00fchrt).<\/em><\/p>\n<p><em><strong>Wir f\u00fchren eine Etiketten\u00fcberpr\u00fcfung durch. Wenn Sie das Etikett vor dem Verkauf erhalten m\u00f6chten, bitten wir Sie, uns eine E-Mail an die folgende Adresse zu senden: info@lineaunika.it . Wir entschuldigen uns f\u00fcr die vor\u00fcbergehenden Unannehmlichkeiten.<\/strong><\/em><\/p>\n","protected":false},"excerpt":{"rendered":"<p>\u2714\ufe0f Gebrauchsfertige Einzeldosisspritze<br \/>\n\u2714\ufe0f F\u00fcr alle Disziplinen geeignet<br \/>\n\u2714\ufe0f Mit n\u00fctzlichen Substanzen zur Behandlung von Milchs\u00e4ure<\/p>\n","protected":false},"featured_media":21597,"template":"","meta":{"_acf_changed":false,"_joinchat":[]},"product_brand":[],"product_cat":[445],"product_tag":[465,469,489,497,485,477,461,473],"class_list":{"0":"post-7674","1":"product","2":"type-product","3":"status-publish","4":"has-post-thumbnail","6":"product_cat-naehrstoffe-und-vitamine","7":"product_tag-distanzreiten","8":"product_tag-dressurreiten","9":"product_tag-kein-doping","10":"product_tag-milchsaeure","11":"product_tag-muskeln","12":"product_tag-rennpferd","13":"product_tag-springreiten","14":"product_tag-westernreiten","16":"first","17":"instock","18":"taxable","19":"shipping-taxable","20":"purchasable","21":"product-type-simple"},"acf":[],"_links":{"self":[{"href":"https:\/\/unika.sitointest.it\/de\/wp-json\/wp\/v2\/product\/7674","targetHints":{"allow":["GET"]}}],"collection":[{"href":"https:\/\/unika.sitointest.it\/de\/wp-json\/wp\/v2\/product"}],"about":[{"href":"https:\/\/unika.sitointest.it\/de\/wp-json\/wp\/v2\/types\/product"}],"version-history":[{"count":5,"href":"https:\/\/unika.sitointest.it\/de\/wp-json\/wp\/v2\/product\/7674\/revisions"}],"predecessor-version":[{"id":27831,"href":"https:\/\/unika.sitointest.it\/de\/wp-json\/wp\/v2\/product\/7674\/revisions\/27831"}],"wp:featuredmedia":[{"embeddable":true,"href":"https:\/\/unika.sitointest.it\/de\/wp-json\/wp\/v2\/media\/21597"}],"wp:attachment":[{"href":"https:\/\/unika.sitointest.it\/de\/wp-json\/wp\/v2\/media?parent=7674"}],"wp:term":[{"taxonomy":"product_brand","embeddable":true,"href":"https:\/\/unika.sitointest.it\/de\/wp-json\/wp\/v2\/product_brand?post=7674"},{"taxonomy":"product_cat","embeddable":true,"href":"https:\/\/unika.sitointest.it\/de\/wp-json\/wp\/v2\/product_cat?post=7674"},{"taxonomy":"product_tag","embeddable":true,"href":"https:\/\/unika.sitointest.it\/de\/wp-json\/wp\/v2\/product_tag?post=7674"}],"curies":[{"name":"wp","href":"https:\/\/api.w.org\/{rel}","templated":true}]}}