{"id":7488,"date":"2022-10-27T14:10:13","date_gmt":"2022-10-27T13:10:13","guid":{"rendered":"https:\/\/lineaunika.jumpgroup.it\/shop\/unkategorisiert\/fortion-100\/"},"modified":"2026-02-16T18:08:54","modified_gmt":"2026-02-16T17:08:54","slug":"fortion-100","status":"publish","type":"product","link":"https:\/\/unika.sitointest.it\/de\/shop\/naehrstoffe-und-vitamine\/fortion-100\/","title":{"rendered":"Fortion 100"},"content":{"rendered":"<h4>Erg\u00e4nzungsfutter f\u00fcr Pferde f\u00fcr besondere Ern\u00e4hrungszwecke \u2013 Unterst\u00fctzung bei der Vorbereitung auf sportliche Aktivit\u00e4ten und der anschlie\u00dfenden Erholung.<\/h4>\n<p>Fortion 100 ist das Erg\u00e4nzungsfutter f\u00fcr besondere Ern\u00e4hrungszwecke f\u00fcr Pferde und unterst\u00fctzt die Vorbereitung des Pferdes auf sportliche Aktivit\u00e4ten und die anschlie\u00dfende Erholung. Fortion 100 enth\u00e4lt 30 Einzelportionsbeutel, die gebrauchsfertig sind und ohne Messbecher sofort in die Futterkrippe gegeben werden k\u00f6nnen. Fortion 100 ist das praktische, schnell anzuwendende Erg\u00e4nzungsfutter, ideal f\u00fcr Wettk\u00e4mpfe.<\/p>\n<h4>Wann es zu verwenden ist<\/h4>\n<p>Fortion 100 ist das Erg\u00e4nzungsfutter f\u00fcr besondere Ern\u00e4hrungszwecke, das der Ern\u00e4hrung des Sportpferdes wichtige Elemente zuf\u00fchrt. Fortion 100 empfiehlt sich f\u00fcr:<\/p>\n<p>&#8211; Pferde in der sportlichen Vorbereitung<br \/>\n&#8211; Ponys in der sportlichen Vorbereitung<br \/>\n&#8211; Araber in der sportlichen Vorbereitung<\/p>\n<h4>Eigenschaften der Bestandteile<\/h4>\n<p>Fortion 100 f\u00fchrt eine ausreichende Menge an Vitamin E und Selen zu, die f\u00fcr die sportliche Vorbereitung des Turnierpferdes wichtig sind. Es enth\u00e4lt au\u00dferdem Vitamin C und Maltodextrin zur Unterst\u00fctzung des K\u00f6rpers im Leistungstraining.<\/p>\n<h4>Gebrauchsanweisung<\/h4>\n<p>&#8211; F\u00fcr erwachsene Pferde (Araber und Nicht-Araber): Einen Beutel pro Tag unter die t\u00e4gliche Ration mischen. Fortion 100 auch an Wettkampftagen verwenden.<br \/>\n&#8211; F\u00fcr Ponys: Einen halben Beutel pro Tag unter die t\u00e4gliche Ration mischen. Fortion 100 auch an Wettkampftagen verwenden.<\/p>\n<p>Empfohlene Einsatzdauer: bis zu acht Wochen vor sportlicher Aktivit\u00e4t und bis zu vier Wochen danach<\/p>\n<p>Nettogewicht: 30 beutel zu je 100g<\/p>\n<p><em>(Aufgrund der Spezifit\u00e4t jedes Organismus sollten neue Allein- und Erg\u00e4nzungsfutter zuerst getestet werden, indem man sie schrittweise in die Ern\u00e4hrung des Pferdes einf\u00fchrt).<\/em><\/p>\n<p><em><strong>Wir f\u00fchren eine Etiketten\u00fcberpr\u00fcfung durch. Wenn Sie das Etikett vor dem Verkauf erhalten m\u00f6chten, bitten wir Sie, uns eine E-Mail an die folgende Adresse zu senden: info@lineaunika.it . Wir entschuldigen uns f\u00fcr die vor\u00fcbergehenden Unannehmlichkeiten.<\/strong><\/em><\/p>\n","protected":false},"excerpt":{"rendered":"<p>\u2714\ufe0f Besonders geeignet f\u00fcr Leistungspferde<br \/>\n\u2714\ufe0f Einfache Anwendung: 1 Beutel pro Tag<br \/>\n\u2714\ufe0f Mit allen f\u00fcr das sportliche Training notwendigen Stoffen<\/p>\n","protected":false},"featured_media":21424,"template":"","meta":{"_acf_changed":false,"_joinchat":[]},"product_brand":[],"product_cat":[445],"product_tag":[481,485],"class_list":{"0":"post-7488","1":"product","2":"type-product","3":"status-publish","4":"has-post-thumbnail","6":"product_cat-naehrstoffe-und-vitamine","7":"product_tag-energie-de","8":"product_tag-muskeln","10":"first","11":"instock","12":"taxable","13":"shipping-taxable","14":"purchasable","15":"product-type-simple"},"acf":[],"_links":{"self":[{"href":"https:\/\/unika.sitointest.it\/de\/wp-json\/wp\/v2\/product\/7488","targetHints":{"allow":["GET"]}}],"collection":[{"href":"https:\/\/unika.sitointest.it\/de\/wp-json\/wp\/v2\/product"}],"about":[{"href":"https:\/\/unika.sitointest.it\/de\/wp-json\/wp\/v2\/types\/product"}],"version-history":[{"count":4,"href":"https:\/\/unika.sitointest.it\/de\/wp-json\/wp\/v2\/product\/7488\/revisions"}],"predecessor-version":[{"id":27823,"href":"https:\/\/unika.sitointest.it\/de\/wp-json\/wp\/v2\/product\/7488\/revisions\/27823"}],"wp:featuredmedia":[{"embeddable":true,"href":"https:\/\/unika.sitointest.it\/de\/wp-json\/wp\/v2\/media\/21424"}],"wp:attachment":[{"href":"https:\/\/unika.sitointest.it\/de\/wp-json\/wp\/v2\/media?parent=7488"}],"wp:term":[{"taxonomy":"product_brand","embeddable":true,"href":"https:\/\/unika.sitointest.it\/de\/wp-json\/wp\/v2\/product_brand?post=7488"},{"taxonomy":"product_cat","embeddable":true,"href":"https:\/\/unika.sitointest.it\/de\/wp-json\/wp\/v2\/product_cat?post=7488"},{"taxonomy":"product_tag","embeddable":true,"href":"https:\/\/unika.sitointest.it\/de\/wp-json\/wp\/v2\/product_tag?post=7488"}],"curies":[{"name":"wp","href":"https:\/\/api.w.org\/{rel}","templated":true}]}}