{"id":7468,"date":"2022-10-27T13:42:26","date_gmt":"2022-10-27T12:42:26","guid":{"rendered":"https:\/\/lineaunika.jumpgroup.it\/shop\/unkategorisiert\/ener-tmg\/"},"modified":"2025-06-03T15:14:31","modified_gmt":"2025-06-03T14:14:31","slug":"ener-tmg","status":"publish","type":"product","link":"https:\/\/unika.sitointest.it\/de\/shop\/naehrstoffe-und-vitamine\/ener-tmg\/","title":{"rendered":"Ener TMG"},"content":{"rendered":"<h4>Erg\u00e4nzungsfutter f\u00fcr Pferde<\/h4>\n<p>Ener TMG ist das Erg\u00e4nzungsfutter f\u00fcr Pferde, das speziell f\u00fcr Wettkampfpferde entwickelt wurde. Seine wertvollen Bestandteile machen es zu einem idealen Erg\u00e4nzungsfutter zur Unterst\u00fctzung von k\u00f6rperlicher Anstrengung und Ausdauer.<\/p>\n<h4>Wann es zu verwenden ist<\/h4>\n<p>Ener TMG ist das n\u00fctzliches Erg\u00e4nzungsfutter:<\/p>\n<p>&#8211; f\u00fcr Pferde, die intensive Trainings- und Wettkampfphasen angehen m\u00fcssen<br \/>\n&#8211; f\u00fcr Pferde mit geringer Energie<\/p>\n<h4>Gebrauchsanweisung<\/h4>\n<p>30 g Ener TMG pro Tag unter die Tagesration mischen und mindestens 20-30 Tage verabreichen.<\/p>\n<p><strong>Messl\u00f6ffel:<\/strong><\/p>\n<p>voll: 18 g<br \/>\ngeh\u00e4uft: 21 g<\/p>\n<p>Nettogewicht: 1kg<\/p>\n<p><em>(Aufgrund der Spezifit\u00e4t jedes Organismus sollten neue Allein- und Erg\u00e4nzungsfutter zuerst getestet werden, indem man sie schrittweise in die Ern\u00e4hrung des Pferdes einf\u00fchrt).<\/em><\/p>\n<p><em><strong>Wir f\u00fchren eine Etiketten\u00fcberpr\u00fcfung durch. Wenn Sie das Etikett vor dem Verkauf erhalten m\u00f6chten, bitten wir Sie, uns eine E-Mail an die folgende Adresse zu senden: info@lineaunika.it . Wir entschuldigen uns f\u00fcr die vor\u00fcbergehenden Unannehmlichkeiten.<\/strong><\/em><\/p>\n","protected":false},"excerpt":{"rendered":"<p>\u2714\ufe0f Besonders geeignet f\u00fcr Leistungspferde<br \/>\n\u2714\ufe0f Ideal zur Unterst\u00fctzung k\u00f6rperlicher Anstrengungen<br \/>\n\u2714\ufe0f Praktischer Messbecher in der Verpackung<\/p>\n","protected":false},"featured_media":21018,"template":"","meta":{"_acf_changed":false,"_joinchat":[]},"product_brand":[],"product_cat":[445],"product_tag":[465,469,481,489,485,477,461,473],"class_list":{"0":"post-7468","1":"product","2":"type-product","3":"status-publish","4":"has-post-thumbnail","6":"product_cat-naehrstoffe-und-vitamine","7":"product_tag-distanzreiten","8":"product_tag-dressurreiten","9":"product_tag-energie-de","10":"product_tag-kein-doping","11":"product_tag-muskeln","12":"product_tag-rennpferd","13":"product_tag-springreiten","14":"product_tag-westernreiten","16":"first","17":"outofstock","18":"taxable","19":"shipping-taxable","20":"purchasable","21":"product-type-simple"},"acf":[],"_links":{"self":[{"href":"https:\/\/unika.sitointest.it\/de\/wp-json\/wp\/v2\/product\/7468","targetHints":{"allow":["GET"]}}],"collection":[{"href":"https:\/\/unika.sitointest.it\/de\/wp-json\/wp\/v2\/product"}],"about":[{"href":"https:\/\/unika.sitointest.it\/de\/wp-json\/wp\/v2\/types\/product"}],"version-history":[{"count":5,"href":"https:\/\/unika.sitointest.it\/de\/wp-json\/wp\/v2\/product\/7468\/revisions"}],"predecessor-version":[{"id":27815,"href":"https:\/\/unika.sitointest.it\/de\/wp-json\/wp\/v2\/product\/7468\/revisions\/27815"}],"wp:featuredmedia":[{"embeddable":true,"href":"https:\/\/unika.sitointest.it\/de\/wp-json\/wp\/v2\/media\/21018"}],"wp:attachment":[{"href":"https:\/\/unika.sitointest.it\/de\/wp-json\/wp\/v2\/media?parent=7468"}],"wp:term":[{"taxonomy":"product_brand","embeddable":true,"href":"https:\/\/unika.sitointest.it\/de\/wp-json\/wp\/v2\/product_brand?post=7468"},{"taxonomy":"product_cat","embeddable":true,"href":"https:\/\/unika.sitointest.it\/de\/wp-json\/wp\/v2\/product_cat?post=7468"},{"taxonomy":"product_tag","embeddable":true,"href":"https:\/\/unika.sitointest.it\/de\/wp-json\/wp\/v2\/product_tag?post=7468"}],"curies":[{"name":"wp","href":"https:\/\/api.w.org\/{rel}","templated":true}]}}