{"id":7450,"date":"2022-10-27T13:29:59","date_gmt":"2022-10-27T12:29:59","guid":{"rendered":"https:\/\/lineaunika.jumpgroup.it\/shop\/unkategorisiert\/endurace\/"},"modified":"2026-02-16T18:08:51","modified_gmt":"2026-02-16T17:08:51","slug":"endurace","status":"publish","type":"product","link":"https:\/\/unika.sitointest.it\/de\/shop\/naehrstoffe-und-vitamine\/endurace\/","title":{"rendered":"Endurace"},"content":{"rendered":"<h4>Erg\u00e4nzungsfutter f\u00fcr Pferde<\/h4>\n<p>Endurace ist das Erg\u00e4nzungsfutter im gebrauchsfertigen Spritzenformat, das zur Unterst\u00fctzung des Distanzpferdes bei Wettk\u00e4mpfen entwickelt wurde. Endurance bietet eine von Aminos\u00e4uren bereitgestellte Energiequelle, die das Pferd im Wettkampf begleitet.<\/p>\n<h4>Wann es zu verwenden ist<\/h4>\n<p>Endurace erweist sich f\u00fcr das Pferd bei Distanzreitturnieren, insbesondere \u00fcber lange Strecken, als sehr n\u00fctzlich. Es ist auch ein guter Verb\u00fcndeter f\u00fcr Pferde, die ihre ersten Turniere mit wenig Vorbereitung angehen.<\/p>\n<h4>Eigenschaften der Bestandteile<\/h4>\n<p>Aminos\u00e4uren werden im K\u00f6rper in hochwertige Energietr\u00e4ger umgewandelt, die insbesondere f\u00fcr den Energiebedarf bei Distanzreitturnieren ben\u00f6tigt werden.<\/p>\n<h4>Gebrauchsanweisung<\/h4>\n<p>Bei Distanzreitturnieren eine ganze Spritze ab 30-60 km und weitere 2-3 Spritzen im Wettkampfverlauf verabreichen. Es kann auch 2-3 Stunden vor dem Start und an den anschlie\u00dfenden Gates verwendet werden, je nach Energiestand des Pferdes.<\/p>\n<p>Nettogewicht: 100g<\/p>\n<p><em>(Aufgrund der Spezifit\u00e4t jedes Organismus sollten neue Allein- und Erg\u00e4nzungsfutter zuerst getestet werden, indem man sie schrittweise in die Ern\u00e4hrung des Pferdes einf\u00fchrt).<\/em><\/p>\n<p><em><strong>Wir f\u00fchren eine Etiketten\u00fcberpr\u00fcfung durch. Wenn Sie das Etikett vor dem Verkauf erhalten m\u00f6chten, bitten wir Sie, uns eine E-Mail an die folgende Adresse zu senden: info@lineaunika.it . Wir entschuldigen uns f\u00fcr die vor\u00fcbergehenden Unannehmlichkeiten.<\/strong><\/em><\/p>\n","protected":false},"excerpt":{"rendered":"<p>\u2714\ufe0f Gebrauchsfertige Einzeldosisspritze<br \/>\n\u2714\ufe0f Ideal f\u00fcr Endurance-Wettk\u00e4mpfe<br \/>\n\u2714\ufe0f Mit Aminos\u00e4uren und Vitaminen<\/p>\n","protected":false},"featured_media":21579,"template":"","meta":{"_acf_changed":false,"_joinchat":[]},"product_brand":[],"product_cat":[445],"product_tag":[465,481,489,493,485],"class_list":{"0":"post-7450","1":"product","2":"type-product","3":"status-publish","4":"has-post-thumbnail","6":"product_cat-naehrstoffe-und-vitamine","7":"product_tag-distanzreiten","8":"product_tag-energie-de","9":"product_tag-kein-doping","10":"product_tag-magen-und-darm","11":"product_tag-muskeln","13":"first","14":"instock","15":"taxable","16":"shipping-taxable","17":"purchasable","18":"product-type-simple"},"acf":[],"_links":{"self":[{"href":"https:\/\/unika.sitointest.it\/de\/wp-json\/wp\/v2\/product\/7450","targetHints":{"allow":["GET"]}}],"collection":[{"href":"https:\/\/unika.sitointest.it\/de\/wp-json\/wp\/v2\/product"}],"about":[{"href":"https:\/\/unika.sitointest.it\/de\/wp-json\/wp\/v2\/types\/product"}],"version-history":[{"count":6,"href":"https:\/\/unika.sitointest.it\/de\/wp-json\/wp\/v2\/product\/7450\/revisions"}],"predecessor-version":[{"id":28166,"href":"https:\/\/unika.sitointest.it\/de\/wp-json\/wp\/v2\/product\/7450\/revisions\/28166"}],"wp:featuredmedia":[{"embeddable":true,"href":"https:\/\/unika.sitointest.it\/de\/wp-json\/wp\/v2\/media\/21579"}],"wp:attachment":[{"href":"https:\/\/unika.sitointest.it\/de\/wp-json\/wp\/v2\/media?parent=7450"}],"wp:term":[{"taxonomy":"product_brand","embeddable":true,"href":"https:\/\/unika.sitointest.it\/de\/wp-json\/wp\/v2\/product_brand?post=7450"},{"taxonomy":"product_cat","embeddable":true,"href":"https:\/\/unika.sitointest.it\/de\/wp-json\/wp\/v2\/product_cat?post=7450"},{"taxonomy":"product_tag","embeddable":true,"href":"https:\/\/unika.sitointest.it\/de\/wp-json\/wp\/v2\/product_tag?post=7450"}],"curies":[{"name":"wp","href":"https:\/\/api.w.org\/{rel}","templated":true}]}}