{"id":7428,"date":"2022-10-27T13:18:23","date_gmt":"2022-10-27T12:18:23","guid":{"rendered":"https:\/\/lineaunika.jumpgroup.it\/shop\/unkategorisiert\/competitive\/"},"modified":"2026-02-16T18:08:41","modified_gmt":"2026-02-16T17:08:41","slug":"competitive","status":"publish","type":"product","link":"https:\/\/unika.sitointest.it\/de\/shop\/naehrstoffe-und-vitamine\/competitive\/","title":{"rendered":"Competitive"},"content":{"rendered":"<h4>Erg\u00e4nzungsfutter f\u00fcr Pferde<\/h4>\n<p>Competitive ist das ideale Erg\u00e4nzungsfutter im Spritzenformat f\u00fcr den Einsatz vor langen Wettk\u00e4mpfen, wie z. B. Distanzreiten. Competitive versucht das Pferd aus energetischer Sicht zu unterst\u00fctzen, indem es gebrauchsfertige Energie beim Wettkampf bereitstellt. Competitive ist mit verzweigtkettigen Aminos\u00e4uren, L-Carnitin, L-Lysin und Vitamin E formuliert, die f\u00fcr Sportpferde sehr wichtig sind.<\/p>\n<h4>Wann es zu verwenden ist<\/h4>\n<p>Competitive ist ideal, wenn man sein Pferd f\u00fcr lang andauernde Wettk\u00e4mpfe, wie z. B. Distanzreiten, mit Energie und einer zus\u00e4tzlichen Menge an Vitamin E versorgen m\u00f6chte.<\/p>\n<h4>Eigenschaften der Bestandteile<\/h4>\n<p>Verzweigtkettige Aminos\u00e4uren (Valin, Leucin und Isoleucin) haben eine mittel- bis lang anhaltende energetisierende Wirkung, die sich z. B. f\u00fcr lange Wettk\u00e4mpfe wie Distanzreiten und Vielseitigkeit eignet (3). Bei der Energieerzeugung ist L-Carnitin f\u00fcr den Transport von Fetts\u00e4uren in die Mitochondrien verantwortlich und beschleunigt so deren Umwandlung. Carnitin (glycogen loader) ist in Trainingsprotokollen f\u00fcr Wettkampfpferde, insbesondere in den USA, weit verbreitet (16). Vitamin E ist aufgrund seiner antioxidativen Funktion n\u00fctzlich bei Muskelblockaden (6).<\/p>\n<h4>Gebrauchsanweisung<\/h4>\n<p>Die gesamte Spritze Competitive 3 Stunden vor einem Wettkampf und so oft wie n\u00f6tig an den Gates verabreichen.<\/p>\n<p>Nettogewicht:100g<\/p>\n<p><em>(Aufgrund der Spezifit\u00e4t jedes Organismus sollten neue Allein- und Erg\u00e4nzungsfutter zuerst getestet werden, indem man sie schrittweise in die Ern\u00e4hrung des Pferdes einf\u00fchrt).<\/em><\/p>\n<p><em><strong>Wir f\u00fchren eine Etiketten\u00fcberpr\u00fcfung durch. Wenn Sie das Etikett vor dem Verkauf erhalten m\u00f6chten, bitten wir Sie, uns eine E-Mail an die folgende Adresse zu senden: info@lineaunika.it . Wir entschuldigen uns f\u00fcr die vor\u00fcbergehenden Unannehmlichkeiten.<\/strong><\/em><\/p>\n","protected":false},"excerpt":{"rendered":"<p>\u2714\ufe0f Gebrauchsfertige Einzeldosisspritze<br \/>\n\u2714\ufe0f Ideal f\u00fcr lange Wettk\u00e4mpfe, wie zum Beispiel Ausdauer<br \/>\n\u2714\ufe0f Mittel-lang anhaltende Energiewirkung<\/p>\n","protected":false},"featured_media":20803,"template":"","meta":{"_acf_changed":false,"_joinchat":[]},"product_brand":[],"product_cat":[445],"product_tag":[465,481,489,485],"class_list":{"0":"post-7428","1":"product","2":"type-product","3":"status-publish","4":"has-post-thumbnail","6":"product_cat-naehrstoffe-und-vitamine","7":"product_tag-distanzreiten","8":"product_tag-energie-de","9":"product_tag-kein-doping","10":"product_tag-muskeln","12":"first","13":"instock","14":"taxable","15":"shipping-taxable","16":"purchasable","17":"product-type-simple"},"acf":[],"_links":{"self":[{"href":"https:\/\/unika.sitointest.it\/de\/wp-json\/wp\/v2\/product\/7428","targetHints":{"allow":["GET"]}}],"collection":[{"href":"https:\/\/unika.sitointest.it\/de\/wp-json\/wp\/v2\/product"}],"about":[{"href":"https:\/\/unika.sitointest.it\/de\/wp-json\/wp\/v2\/types\/product"}],"version-history":[{"count":4,"href":"https:\/\/unika.sitointest.it\/de\/wp-json\/wp\/v2\/product\/7428\/revisions"}],"predecessor-version":[{"id":27804,"href":"https:\/\/unika.sitointest.it\/de\/wp-json\/wp\/v2\/product\/7428\/revisions\/27804"}],"wp:featuredmedia":[{"embeddable":true,"href":"https:\/\/unika.sitointest.it\/de\/wp-json\/wp\/v2\/media\/20803"}],"wp:attachment":[{"href":"https:\/\/unika.sitointest.it\/de\/wp-json\/wp\/v2\/media?parent=7428"}],"wp:term":[{"taxonomy":"product_brand","embeddable":true,"href":"https:\/\/unika.sitointest.it\/de\/wp-json\/wp\/v2\/product_brand?post=7428"},{"taxonomy":"product_cat","embeddable":true,"href":"https:\/\/unika.sitointest.it\/de\/wp-json\/wp\/v2\/product_cat?post=7428"},{"taxonomy":"product_tag","embeddable":true,"href":"https:\/\/unika.sitointest.it\/de\/wp-json\/wp\/v2\/product_tag?post=7428"}],"curies":[{"name":"wp","href":"https:\/\/api.w.org\/{rel}","templated":true}]}}