{"id":7395,"date":"2022-10-27T13:02:16","date_gmt":"2022-10-27T12:02:16","guid":{"rendered":"https:\/\/lineaunika.jumpgroup.it\/shop\/unkategorisiert\/adeno-booster\/"},"modified":"2026-02-16T18:08:31","modified_gmt":"2026-02-16T17:08:31","slug":"adeno-booster","status":"publish","type":"product","link":"https:\/\/unika.sitointest.it\/de\/shop\/naehrstoffe-und-vitamine\/adeno-booster\/","title":{"rendered":"Adeno Booster"},"content":{"rendered":"<h4>Erg\u00e4nzungsfutter f\u00fcr Pferde<\/h4>\n<p>Adeno Booster ist das Erg\u00e4nzungsfutter im Vorwettkampf-Spritzenformat zur Unterst\u00fctzung der Wettkampfleistung des Pferdes. Adeno Booster enth\u00e4lt Nukleotide und ist ein wertvoller Verb\u00fcndeter f\u00fcr alle Pferde, die eine Energiezufuhr ben\u00f6tigen, um Wettk\u00e4mpfe aus energetischer Sicht zu bew\u00e4ltigen.<\/p>\n<h4>Wann es zu verwenden ist<\/h4>\n<p>Die Hauptdisziplinen, in denen Adeno Booster eingesetzt wird, sind Springreiten, Dressur und Vielseitigkeit, also Disziplinen, in denen die sportliche Leistung einsatzbereite Energie erfordert.<\/p>\n<h4>Gebrauchsanweisung<\/h4>\n<p>Eine Spritze Adeno Booster eine Stunde vor dem Wettkampf verabreichen. Beim Springreiten kann auch zwischen dem ersten Durchgang und der Barrage eine Spritze Adeno Booster gegeben werden.<\/p>\n<p>Nettogewicht: 30g<\/p>\n<p><em>(Aufgrund der Spezifit\u00e4t jedes Organismus sollten neue Allein- und Erg\u00e4nzungsfutter zuerst getestet werden, indem man sie schrittweise in die Ern\u00e4hrung des Pferdes einf\u00fchrt).<\/em><\/p>\n<p><em><strong>Wir f\u00fchren eine Etiketten\u00fcberpr\u00fcfung durch. Wenn Sie das Etikett vor dem Verkauf erhalten m\u00f6chten, bitten wir Sie, uns eine E-Mail an die folgende Adresse zu senden: info@lineaunika.it . Wir entschuldigen uns f\u00fcr die vor\u00fcbergehenden Unannehmlichkeiten.<\/strong><\/em><\/p>\n","protected":false},"excerpt":{"rendered":"<p>\u2714\ufe0f Gebrauchsfertige Einzeldosisspritze<br \/>\n\u2714\ufe0f F\u00fcr alle Disziplinen geeignet<br \/>\n\u2714\ufe0f Mit schnell verdaulichen Rohstoffen<\/p>\n","protected":false},"featured_media":21575,"template":"","meta":{"_acf_changed":false,"_joinchat":[]},"product_brand":[],"product_cat":[445],"product_tag":[465,469,481,489,485,477,461,473],"class_list":{"0":"post-7395","1":"product","2":"type-product","3":"status-publish","4":"has-post-thumbnail","6":"product_cat-naehrstoffe-und-vitamine","7":"product_tag-distanzreiten","8":"product_tag-dressurreiten","9":"product_tag-energie-de","10":"product_tag-kein-doping","11":"product_tag-muskeln","12":"product_tag-rennpferd","13":"product_tag-springreiten","14":"product_tag-westernreiten","16":"first","17":"instock","18":"taxable","19":"shipping-taxable","20":"purchasable","21":"product-type-simple"},"acf":[],"_links":{"self":[{"href":"https:\/\/unika.sitointest.it\/de\/wp-json\/wp\/v2\/product\/7395","targetHints":{"allow":["GET"]}}],"collection":[{"href":"https:\/\/unika.sitointest.it\/de\/wp-json\/wp\/v2\/product"}],"about":[{"href":"https:\/\/unika.sitointest.it\/de\/wp-json\/wp\/v2\/types\/product"}],"version-history":[{"count":4,"href":"https:\/\/unika.sitointest.it\/de\/wp-json\/wp\/v2\/product\/7395\/revisions"}],"predecessor-version":[{"id":27806,"href":"https:\/\/unika.sitointest.it\/de\/wp-json\/wp\/v2\/product\/7395\/revisions\/27806"}],"wp:featuredmedia":[{"embeddable":true,"href":"https:\/\/unika.sitointest.it\/de\/wp-json\/wp\/v2\/media\/21575"}],"wp:attachment":[{"href":"https:\/\/unika.sitointest.it\/de\/wp-json\/wp\/v2\/media?parent=7395"}],"wp:term":[{"taxonomy":"product_brand","embeddable":true,"href":"https:\/\/unika.sitointest.it\/de\/wp-json\/wp\/v2\/product_brand?post=7395"},{"taxonomy":"product_cat","embeddable":true,"href":"https:\/\/unika.sitointest.it\/de\/wp-json\/wp\/v2\/product_cat?post=7395"},{"taxonomy":"product_tag","embeddable":true,"href":"https:\/\/unika.sitointest.it\/de\/wp-json\/wp\/v2\/product_tag?post=7395"}],"curies":[{"name":"wp","href":"https:\/\/api.w.org\/{rel}","templated":true}]}}