{"id":16314,"date":"2023-07-17T05:34:17","date_gmt":"2023-07-17T04:34:17","guid":{"rendered":"https:\/\/www.lineaunika.it\/?post_type=product&#038;p=16314"},"modified":"2026-02-16T18:09:12","modified_gmt":"2026-02-16T17:09:12","slug":"pro-drink","status":"publish","type":"product","link":"https:\/\/unika.sitointest.it\/de\/shop\/naehrstoffe-und-vitamine\/pro-drink\/","title":{"rendered":"Pro Drink"},"content":{"rendered":"<h4>Erg\u00e4nzungsfuttermittel f\u00fcr Pferde<\/h4>\n<p>Pro Drink ist das Erg\u00e4nzungsfuttermittel, das entwickelt wurde, um das Durstgef\u00fchl des Sportlers zu erzeugen. Es ist daher angezeigt, den Fl\u00fcssigkeitszustand unmittelbar nach k\u00f6rperlicher Anstrengung zu verbessern. Pro Drink enth\u00e4lt sehr schmackhafte Rohstoffe, die in Wasser aufgel\u00f6st den Wunsch wecken, mit Gier zu trinken.<\/p>\n<h4>Warum Pro Drink verwenden?<\/h4>\n<p>1.<strong>Energetisierende Wirkung<\/strong> in Verbindung mit dem Vorhandensein von essentiellen Aminos\u00e4uren, ideal 3-4 Stunden vor einem Wettbewerb zu verwenden.<br \/>\n2.<strong>Feuchtigkeitsspendende Wirkung<\/strong> verbunden mit der gro\u00dfen Menge an Wasser, die vom Pferd aufgenommen wird, dank der hohen Attraktivit\u00e4t von Pro Drink.<br \/>\n3.<strong>Darmgesundheit.<\/strong> Die gro\u00dfen Mengen an Wasser, die aufgenommen werden, beg\u00fcnstigen einen besseren f\u00e4kalen Transit und den Aufbau einer gesunden Darmflora. Pro drink ist das ideale Produkt f\u00fcr Pferde, die Operationen am Verdauungstrakt unterzogen haben.<\/p>\n<h4>Wann man es benutzt:<\/h4>\n<p>Pro Drink empfiehlt sich:<br \/>\n\u2022 F\u00fcr Pferde, die viel schwitzen<br \/>\n\u2022 Im Sommer, wenn die Temperaturen h\u00f6her sind<br \/>\n\u2022 F\u00fcr Pferde mit Darmproblemen.<\/p>\n<h4>Anweisungen f\u00fcr die Verwendung:<\/h4>\n<p>Verwenden Sie 500 g Pro Drink, gel\u00f6st in 5-10 Liter Wasser, mischen Sie es richtig, um die vollst\u00e4ndige Aufl\u00f6sung des Pulvers im Wasser zu f\u00f6rdern.<br \/>\nEmpfohlene Nutzungsdauer: Unmittelbar nach k\u00f6rperlicher Anstrengung.<\/p>\n<p><em>(Aufgrund der Spezifit\u00e4t jedes Organismus sollten neue Allein- und Erg\u00e4nzungsfutter zuerst getestet werden, indem man sie schrittweise in die Ern\u00e4hrung des Pferdes einf\u00fchrt).<\/em><\/p>\n<p><em><strong>Wir f\u00fchren eine Etiketten\u00fcberpr\u00fcfung durch. Wenn Sie das Etikett vor dem Verkauf erhalten m\u00f6chten, bitten wir Sie, uns eine E-Mail an die folgende Adresse zu senden: info@lineaunika.it . Wir entschuldigen uns f\u00fcr die vor\u00fcbergehenden Unannehmlichkeiten.<\/strong><\/em><\/p>\n","protected":false},"excerpt":{"rendered":"<p>\u2714\ufe0f Praktischer Dosierl\u00f6ffel in der Verpackung<br \/>\n\u2714\ufe0f Ideal f\u00fcr die Erzeugung von Durst im sportlichen Pferd<br \/>\n\u2714\ufe0f Einfach in Wasser aufzul\u00f6sen<\/p>\n","protected":false},"featured_media":21764,"template":"","meta":{"_acf_changed":false,"_joinchat":[]},"product_brand":[],"product_cat":[445],"product_tag":[465,481,485,549,461,513,533],"class_list":{"0":"post-16314","1":"product","2":"type-product","3":"status-publish","4":"has-post-thumbnail","6":"product_cat-naehrstoffe-und-vitamine","7":"product_tag-distanzreiten","8":"product_tag-energie-de","9":"product_tag-muskeln","10":"product_tag-sommer","11":"product_tag-springreiten","12":"product_tag-trekking-de","13":"product_tag-vitamine-und-elektrolyte","15":"first","16":"instock","17":"taxable","18":"shipping-taxable","19":"purchasable","20":"product-type-simple"},"acf":[],"_links":{"self":[{"href":"https:\/\/unika.sitointest.it\/de\/wp-json\/wp\/v2\/product\/16314","targetHints":{"allow":["GET"]}}],"collection":[{"href":"https:\/\/unika.sitointest.it\/de\/wp-json\/wp\/v2\/product"}],"about":[{"href":"https:\/\/unika.sitointest.it\/de\/wp-json\/wp\/v2\/types\/product"}],"version-history":[{"count":1,"href":"https:\/\/unika.sitointest.it\/de\/wp-json\/wp\/v2\/product\/16314\/revisions"}],"predecessor-version":[{"id":16325,"href":"https:\/\/unika.sitointest.it\/de\/wp-json\/wp\/v2\/product\/16314\/revisions\/16325"}],"wp:featuredmedia":[{"embeddable":true,"href":"https:\/\/unika.sitointest.it\/de\/wp-json\/wp\/v2\/media\/21764"}],"wp:attachment":[{"href":"https:\/\/unika.sitointest.it\/de\/wp-json\/wp\/v2\/media?parent=16314"}],"wp:term":[{"taxonomy":"product_brand","embeddable":true,"href":"https:\/\/unika.sitointest.it\/de\/wp-json\/wp\/v2\/product_brand?post=16314"},{"taxonomy":"product_cat","embeddable":true,"href":"https:\/\/unika.sitointest.it\/de\/wp-json\/wp\/v2\/product_cat?post=16314"},{"taxonomy":"product_tag","embeddable":true,"href":"https:\/\/unika.sitointest.it\/de\/wp-json\/wp\/v2\/product_tag?post=16314"}],"curies":[{"name":"wp","href":"https:\/\/api.w.org\/{rel}","templated":true}]}}